{"id":45555,"date":"2025-06-27T15:19:31","date_gmt":"2025-06-27T13:19:31","guid":{"rendered":"https:\/\/www.paysdesecrins.com\/pers-gebied\/"},"modified":"2025-08-05T13:44:38","modified_gmt":"2025-08-05T11:44:38","slug":"pers-gebied","status":"publish","type":"page","link":"https:\/\/www.paysdesecrins.com\/nl\/pers-gebied\/","title":{"rendered":"Pers gebied"},"content":{"rendered":"    <div class=\"alignfull wp-block-ws-library-ws-header-interne\" data-season=\"summer\">\n\t    <div class=\"header-container\">\n\t        <div class=\"group-media has-image\">\n\t            \t                <img loading=\"lazy\" decoding=\"async\" width=\"1920\" height=\"800\" src=\"https:\/\/www.paysdesecrins.com\/wp-content\/uploads\/2025\/08\/lac-de-l-eychauda-22-1920x800.jpg\" alt=\"\" class=\"image_large_square wp-image-61463\" \/>\n\t            \t        <\/div>\n\t        <div class=\"group-content\">\n\t            <div class=\"title\">\n\t                <h1>\n\t                    Pers gebied\t                    \t                <\/h1>\n\t            <\/div>\n\t        <\/div>\n\t    <\/div>\n\t    \n<div class=\"yoast-breadcrumbs\"><span><span><a href=\"https:\/\/www.paysdesecrins.com\/nl\/de-titel-van-het-huis\/\">Accueil<\/a><\/span>  <span class=\"breadcrumb_last\" aria-current=\"page\">Pers gebied<\/span><\/span><\/div>\n    <\/div>\n        <div class=\"alignfull wp-block-ws-library-ws-header-interne\" data-season=\"winter\">\n\t    <div class=\"header-container\">\n\t        <div class=\"group-media has-image\">\n\t            \t                <img loading=\"lazy\" decoding=\"async\" width=\"1920\" height=\"800\" src=\"https:\/\/www.paysdesecrins.com\/wp-content\/uploads\/2025\/07\/bivouac-a-su-sommet-de-la-blanche-5-1920x800.jpg\" alt=\"\" class=\"image_large_square wp-image-44994\" \/>\n\t            \t        <\/div>\n\t        <div class=\"group-content\">\n\t            <div class=\"title\">\n\t                <h1>\n\t                    Pers gebied\t                    \t                <\/h1>\n\t            <\/div>\n\t        <\/div>\n\t    <\/div>\n\t    \n<div class=\"yoast-breadcrumbs\"><span><span><a href=\"https:\/\/www.paysdesecrins.com\/nl\/de-titel-van-het-huis\/\">Accueil<\/a><\/span>  <span class=\"breadcrumb_last\" aria-current=\"page\">Pers gebied<\/span><\/span><\/div>\n    <\/div>\n    \n<div class=\"wp-block-ws-library-ws-title aligncenter\"><h2><em>Welkom in<\/em> een uitzonderlijk gebied<\/h2><\/div>\n\n<p>We organiseren elk seizoen <strong>persborrels<\/strong> en nodigen af en toe <strong>influencers\/bloggers<\/strong> uit.<br\/>Als je een weekend of een paar dagen met ons mee wilt doen, neem dan contact met ons op: <a href=\"mailto:cynthia.rezgui@paysdesecrins.com\" target=\"_blank\" rel=\"noreferrer noopener\">cynthia.rezgui@paysdesecrins.com<\/a><br\/><br\/>U kunt toegang krijgen tot onze online fotobibliotheek <a href=\"https:\/\/ecrins.netfolio.net\/\" target=\"_blank\" rel=\"noreferrer noopener\">door hier te klikken<\/a>.<br\/><br\/>U kunt de persmap van het gebied hieronder downloaden.<\/p>\n\n<div class=\"wp-block-ws-library-ws-documents\">\n<div class=\"wp-block-ws-library-ws-document\"><a href=\"https:\/\/www.paysdesecrins.com\/wp-content\/uploads\/2025\/08\/dp-pde-ete2025-web-planches.pdf\" target=\"_blank\" rel=\"noopener noreferrer\" class=\"link-document\">Persmap zomer 2025<\/a><\/div>\n<\/div>\n\n<div class=\"wp-block-ws-library-ws-title aligncenter\" data-season=\"allseasons\"><h2><em>Perspartners<\/em>2024-2025<\/h2><\/div>\n\n<ul class=\"wp-block-list\">\n<li>Wandeldagboeken: <a href=\"https:\/\/www.carnetsderando.net\/tour-du-pays-des-ecrins-les-ecrins-sur-un-plateau\/\">Ronde van het Pays des \u00c9crins: De \u00c9crins op een plateau<\/a><\/li>\n\n\n\n<li>Chilow\u00e9: <a href=\"https:\/\/chilowe.com\/alpes-sud\/?srsltid=AfmBOorB4glMw5D1rva1Tsgsu_e2Wfw-5a50R0pcK-falnreAnTyHYXV\" target=\"_blank\" rel=\"noreferrer noopener\">Zuidelijke Alpen, Sneeuwvlok \u2013 Pelvoux-Vallouise, de bewaarde <\/a> <\/li>\n\n\n\n<li>Familie-uitstapje: <a href=\"https:\/\/www.voyagefamily.com\/pays-des-ecrins\/\" target=\"_blank\" rel=\"noreferrer noopener\">ski\u00ebn en off-ski\u00ebn in Pelvoux-Vallouise en Puy Saint Vincent in het hart van het Pays des \u00c9crins<\/a><\/li>\n\n\n\n<li>Reizen met het hele gezin: <a href=\"https:\/\/www.voyagefamily.com\/dossiers\/les-alpes-du-sud\/\" target=\"_blank\" rel=\"noreferrer noopener\">De Zuidelijke Alpen, Zon en een goed humeur tussen bergen, meren en rivieren<\/a><\/li>\n\n\n\n<li>Lepetitoiseau.fr:<a href=\"https:\/\/www.lepetitoiseau.fr\/actualites\/hautes-alpes-a-faire-sorties-ete-famille\" target=\"_blank\" rel=\"noreferrer noopener\"> <\/a><a href=\"https:\/\/www.lepetitoiseau.fr\/les-nouveautes-et-les-bons-plans-de-cet-hiver-a-puy-saint-vincent-au-pays-des-ecrins\/\" target=\"_blank\" rel=\"noreferrer noopener\">Nieuwkomers en goede deals voor deze winter in Puy Saint Vincent in het Pays des \u00c9crins<\/a><\/li>\n\n\n\n<li>Plus2news.fr: <a href=\"https:\/\/www.plus2news.fr\/ecrins-dici-decouvrez-le-pays-des-ecrins-un-voyage-de-proximite-riche-en-partage-et-en-decouvertes\/\" target=\"_blank\" rel=\"noreferrer noopener\">\u00c9crins d&#8217;ici: het Pays des \u00c9crins, een lokale reis vol delen en ontdekkingen<\/a><\/li>\n\n\n\n<li>Plus2news.fr: <a href=\"https:\/\/www.plus2news.fr\/les-nouveautes-2024-2025-dans-les-stations-cote-activites\/\" target=\"_blank\" rel=\"noreferrer noopener\">Wat is er nieuw voor 2024-2025 in de resorts op het gebied van activiteiten<\/a><\/li>\n<\/ul>\n\n<div class=\"wp-block-ws-library-ws-title aligncenter\" data-season=\"allseasons\"><h2><em>Persoverzicht van<\/em>het Pays des \u00c9crins<\/h2><\/div>\n\n<div class=\"wp-block-ws-library-ws-documents\">\n<div class=\"wp-block-ws-library-ws-document\"><a href=\"https:\/\/www.paysdesecrins.com\/wp-content\/uploads\/2025\/08\/2025-07-29-elle-31-juillet-2025-10000000069538959.pdf\" target=\"_blank\" rel=\"noopener noreferrer\" class=\"link-document\">ELLE C\u00f4te d&#8217;Azur \u2013 BOSBADEN EN ALP&#8217;AGAGA \u2013 juli 2025<\/a><\/div>\n\n\n\n<div class=\"wp-block-ws-library-ws-document\"><a href=\"https:\/\/www.paysdesecrins.com\/wp-content\/uploads\/2025\/08\/grimper.pdf\" target=\"_blank\" rel=\"noopener noreferrer\" class=\"link-document\">KLIMMEN \u2013 Speciale uitgave De TOP 10 plekken in Brian\u00e7on \u2013 juli-augustus 2025  <\/a><\/div>\n\n\n\n<div class=\"wp-block-ws-library-ws-document\"><a href=\"https:\/\/www.paysdesecrins.com\/wp-content\/uploads\/2025\/08\/carnets-darilleurs.pdf\" target=\"_blank\" rel=\"noopener noreferrer\" class=\"link-document\">Carnets d&#8217;ailleurs \u2013 Pelvoux en het Pays des \u00c9crins, Portretten \u2013 juni-juli-augustus 2025  <\/a><\/div>\n\n\n\n<div class=\"wp-block-ws-library-ws-document\"><a href=\"https:\/\/www.paysdesecrins.com\/wp-content\/uploads\/2025\/08\/l-opinion-20241206120000-1.pdf\" target=\"_blank\" rel=\"noopener noreferrer\" class=\"link-document\">L&#8217;Opinion \u2013 Sfeer en micro-avontuur in het Verre Noorden \u2013 december 2024  <\/a><\/div>\n\n\n\n<div class=\"wp-block-ws-library-ws-document\"><a href=\"https:\/\/www.paysdesecrins.com\/wp-content\/uploads\/2025\/08\/montagnes-magazine-20240531100000.pdf\" target=\"_blank\" rel=\"noopener noreferrer\" class=\"link-document\">Montagnes Magazines \u2013 GR54 en klimmen in de \u00c9crins \u2013 juni 2024<\/a><\/div>\n\n\n\n<div class=\"wp-block-ws-library-ws-document\"><a href=\"https:\/\/www.paysdesecrins.com\/wp-content\/uploads\/2025\/08\/grimper-20240623100000-1.pdf\" target=\"_blank\" rel=\"noopener noreferrer\" class=\"link-document\">Klimmen \u2013 Boulderen (Ailefroide) \u2013 10 must-sees om de mythe te ontdekken! \u2013 juni 2024 <\/a><\/div>\n\n\n\n<div class=\"wp-block-ws-library-ws-document\"><a href=\"https:\/\/www.paysdesecrins.com\/wp-content\/uploads\/2025\/08\/l-equipe-20240524100000-1.pdf\" target=\"_blank\" rel=\"noopener noreferrer\" class=\"link-document\">L&#8217;\u00c9quipe Magazine \u2013 Langs het water van de gletsjer naar het meer \u2013 mei 2024<\/a><\/div>\n\n\n\n<div class=\"wp-block-ws-library-ws-document\"><a href=\"https:\/\/www.paysdesecrins.com\/wp-content\/uploads\/2025\/08\/la-voix-du-nord-18-02-24.pdf\" target=\"_blank\" rel=\"noopener noreferrer\" class=\"link-document\">La Voix du Nord \u00c9vasion \u2013 Het Pays des \u00c9crins, de Proven\u00e7aalse berg \u2013 februari 2024<\/a><\/div>\n\n\n\n<div class=\"wp-block-ws-library-ws-document\"><a href=\"https:\/\/www.paysdesecrins.com\/wp-content\/uploads\/2025\/08\/cosmopolitan-20240131110000-1.pdf\" target=\"_blank\" rel=\"noopener noreferrer\" class=\"link-document\">Cosmopolitan \u2013 Roadbook &#8220;Snow Class&#8221; \u2013 februari 2024<\/a><\/div>\n\n\n\n<div class=\"wp-block-ws-library-ws-document\"><a href=\"https:\/\/www.paysdesecrins.com\/wp-content\/uploads\/2025\/08\/france-dimanche-16-02-2024-0.pdf\" target=\"_blank\" rel=\"noopener noreferrer\" class=\"link-document\">Frankrijk Zondag \u2013 De Wintersport Showcase \u2013 Februari 2024<\/a><\/div>\n\n\n\n<div class=\"wp-block-ws-library-ws-document\"><a href=\"https:\/\/www.paysdesecrins.com\/wp-content\/uploads\/2025\/08\/46-53-ecrins-v3-0.pdf\" target=\"_blank\" rel=\"noopener noreferrer\" class=\"link-document\">Cross Country \u2013 Toegangspoort tot de \u00c9crins \u2013 oktober-november 2023<\/a><\/div>\n\n\n\n<div class=\"wp-block-ws-library-ws-document\"><a href=\"https:\/\/www.paysdesecrins.com\/wp-content\/uploads\/2025\/08\/women-sport-bienfaits-du-froid-janv-fev-mars24-0.pdf\" target=\"_blank\" rel=\"noopener noreferrer\" class=\"link-document\">Vrouwensport \u2013 De voordelen van de kou met Guillaume ULISSE \u2013 januari-februari-maart 2024<\/a><\/div>\n<\/div>\n\n<ul class=\"wp-block-list\"><\/ul>\n<div class=\"alignwide wp-block-ws-library-ws-list-childs\"><div class=\"child-pages-list list-items list-2-3-4\"><div class=\"item\" data-season=\"all-seasons\"><div class=\"card card-child\"><div class=\"group-media\"><div class=\"field-image\"><img decoding=\"async\" width=\"400\" height=\"400\" src=\"https:\/\/www.paysdesecrins.com\/wp-content\/uploads\/2025\/08\/blog1-400x400.jpg\" class=\"winter all-seasons wp-post-image\" alt=\"\" loading=\"lazy\" data-season=\"all-seasons\" srcset=\"https:\/\/www.paysdesecrins.com\/wp-content\/uploads\/2025\/08\/blog1-400x400.jpg 400w, https:\/\/www.paysdesecrins.com\/wp-content\/uploads\/2025\/08\/blog1-150x150.jpg 150w, https:\/\/www.paysdesecrins.com\/wp-content\/uploads\/2025\/08\/blog1-600x600.jpg 600w, https:\/\/www.paysdesecrins.com\/wp-content\/uploads\/2025\/08\/blog1-300x300.jpg 300w, https:\/\/www.paysdesecrins.com\/wp-content\/uploads\/2025\/08\/blog1-570x570.jpg 570w\" sizes=\"auto, (max-width: 400px) 100vw, 400px\" \/><\/div><\/div><div class=\"group-content\"><span class=\"field-title\">Bloggers en het Pays des \u00c9crins<\/span><\/div><div class=\"field-link\"><a href=\"https:\/\/www.paysdesecrins.com\/nl\/pers-gebied\/bloggers-en-het-pays-des-ecrins\/\" class=\"cardlink\">Voir plus<\/a><\/div><\/div><\/div><\/div><\/div>","protected":false},"excerpt":{"rendered":"<p>We organiseren elk seizoen persborrels en nodigen af en toe influencers\/bloggers uit.Als je een weekend of een paar dagen met [&hellip;]<\/p>\n","protected":false},"author":1,"featured_media":61464,"parent":0,"menu_order":0,"comment_status":"closed","ping_status":"closed","template":"","meta":{"_thumbnail_id_2":0,"summer_excerpt":"","season":"","station":"","footnotes":""},"class_list":["post-45555","page","type-page","status-publish","has-post-thumbnail","hentry"],"yoast_head":"<!-- This site is optimized with the Yoast SEO plugin v27.3 - https:\/\/yoast.com\/product\/yoast-seo-wordpress\/ -->\n<title>Pers gebied - Pays des \u00c9crins - Office de Tourisme<\/title>\n<meta name=\"robots\" content=\"index, follow, max-snippet:-1, max-image-preview:large, max-video-preview:-1\" \/>\n<link rel=\"canonical\" href=\"https:\/\/www.paysdesecrins.com\/nl\/pers-gebied\/\" \/>\n<meta property=\"og:locale\" content=\"nl_NL\" \/>\n<meta property=\"og:type\" content=\"article\" \/>\n<meta property=\"og:title\" content=\"Pers gebied - Pays des \u00c9crins - Office de Tourisme\" \/>\n<meta property=\"og:description\" content=\"We organiseren elk seizoen persborrels en nodigen af en toe influencers\/bloggers uit.Als je een weekend of een paar dagen met [&hellip;]\" \/>\n<meta property=\"og:url\" content=\"https:\/\/www.paysdesecrins.com\/nl\/pers-gebied\/\" \/>\n<meta property=\"og:site_name\" content=\"Pays des \u00c9crins - Office de Tourisme\" \/>\n<meta property=\"article:modified_time\" content=\"2025-08-05T11:44:38+00:00\" \/>\n<meta property=\"og:image\" content=\"https:\/\/www.paysdesecrins.com\/wp-content\/uploads\/2025\/08\/lac-de-l-eychauda-22-scaled.jpg\" \/>\n\t<meta property=\"og:image:width\" content=\"2560\" \/>\n\t<meta property=\"og:image:height\" content=\"1707\" \/>\n\t<meta property=\"og:image:type\" content=\"image\/jpeg\" \/>\n<meta name=\"twitter:card\" content=\"summary_large_image\" \/>\n<meta name=\"twitter:label1\" content=\"Geschatte leestijd\" \/>\n\t<meta name=\"twitter:data1\" content=\"2 minuten\" \/>\n<script type=\"application\/ld+json\" class=\"yoast-schema-graph\">{\"@context\":\"https:\\\/\\\/schema.org\",\"@graph\":[{\"@type\":\"WebPage\",\"@id\":\"https:\\\/\\\/www.paysdesecrins.com\\\/nl\\\/pers-gebied\\\/\",\"url\":\"https:\\\/\\\/www.paysdesecrins.com\\\/nl\\\/pers-gebied\\\/\",\"name\":\"Pers gebied - Pays des \u00c9crins - Office de Tourisme\",\"isPartOf\":{\"@id\":\"https:\\\/\\\/www.paysdesecrins.com\\\/nl\\\/#website\"},\"primaryImageOfPage\":{\"@id\":\"https:\\\/\\\/www.paysdesecrins.com\\\/nl\\\/pers-gebied\\\/#primaryimage\"},\"image\":{\"@id\":\"https:\\\/\\\/www.paysdesecrins.com\\\/nl\\\/pers-gebied\\\/#primaryimage\"},\"thumbnailUrl\":\"https:\\\/\\\/www.paysdesecrins.com\\\/wp-content\\\/uploads\\\/2025\\\/08\\\/lac-de-l-eychauda-22-scaled.jpg\",\"datePublished\":\"2025-06-27T13:19:31+00:00\",\"dateModified\":\"2025-08-05T11:44:38+00:00\",\"breadcrumb\":{\"@id\":\"https:\\\/\\\/www.paysdesecrins.com\\\/nl\\\/pers-gebied\\\/#breadcrumb\"},\"inLanguage\":\"nl-NL\",\"potentialAction\":[{\"@type\":\"ReadAction\",\"target\":[\"https:\\\/\\\/www.paysdesecrins.com\\\/nl\\\/pers-gebied\\\/\"]}]},{\"@type\":\"ImageObject\",\"inLanguage\":\"nl-NL\",\"@id\":\"https:\\\/\\\/www.paysdesecrins.com\\\/nl\\\/pers-gebied\\\/#primaryimage\",\"url\":\"https:\\\/\\\/www.paysdesecrins.com\\\/wp-content\\\/uploads\\\/2025\\\/08\\\/lac-de-l-eychauda-22-scaled.jpg\",\"contentUrl\":\"https:\\\/\\\/www.paysdesecrins.com\\\/wp-content\\\/uploads\\\/2025\\\/08\\\/lac-de-l-eychauda-22-scaled.jpg\",\"width\":2560,\"height\":1707},{\"@type\":\"BreadcrumbList\",\"@id\":\"https:\\\/\\\/www.paysdesecrins.com\\\/nl\\\/pers-gebied\\\/#breadcrumb\",\"itemListElement\":[{\"@type\":\"ListItem\",\"position\":1,\"name\":\"Accueil\",\"item\":\"https:\\\/\\\/www.paysdesecrins.com\\\/nl\\\/de-titel-van-het-huis\\\/\"},{\"@type\":\"ListItem\",\"position\":2,\"name\":\"Pers gebied\"}]},{\"@type\":\"WebSite\",\"@id\":\"https:\\\/\\\/www.paysdesecrins.com\\\/nl\\\/#website\",\"url\":\"https:\\\/\\\/www.paysdesecrins.com\\\/nl\\\/\",\"name\":\"Pays des \u00c9crins - Office de Tourisme\",\"description\":\"L&#039;esprit montagne\",\"publisher\":{\"@id\":\"https:\\\/\\\/www.paysdesecrins.com\\\/nl\\\/#organization\"},\"potentialAction\":[{\"@type\":\"SearchAction\",\"target\":{\"@type\":\"EntryPoint\",\"urlTemplate\":\"https:\\\/\\\/www.paysdesecrins.com\\\/nl\\\/?s={search_term_string}\"},\"query-input\":{\"@type\":\"PropertyValueSpecification\",\"valueRequired\":true,\"valueName\":\"search_term_string\"}}],\"inLanguage\":\"nl-NL\"},{\"@type\":\"Organization\",\"@id\":\"https:\\\/\\\/www.paysdesecrins.com\\\/nl\\\/#organization\",\"name\":\"Pays des \u00c9crins - Office de Tourisme\",\"url\":\"https:\\\/\\\/www.paysdesecrins.com\\\/nl\\\/\",\"logo\":{\"@type\":\"ImageObject\",\"inLanguage\":\"nl-NL\",\"@id\":\"https:\\\/\\\/www.paysdesecrins.com\\\/nl\\\/#\\\/schema\\\/logo\\\/image\\\/\",\"url\":\"https:\\\/\\\/www.paysdesecrins.com\\\/wp-content\\\/uploads\\\/2025\\\/06\\\/devina-svg-1750845694.svg\",\"contentUrl\":\"https:\\\/\\\/www.paysdesecrins.com\\\/wp-content\\\/uploads\\\/2025\\\/06\\\/devina-svg-1750845694.svg\",\"caption\":\"Pays des \u00c9crins - Office de Tourisme\"},\"image\":{\"@id\":\"https:\\\/\\\/www.paysdesecrins.com\\\/nl\\\/#\\\/schema\\\/logo\\\/image\\\/\"}}]}<\/script>\n<!-- \/ Yoast SEO plugin. -->","yoast_head_json":{"title":"Pers gebied - Pays des \u00c9crins - Office de Tourisme","robots":{"index":"index","follow":"follow","max-snippet":"max-snippet:-1","max-image-preview":"max-image-preview:large","max-video-preview":"max-video-preview:-1"},"canonical":"https:\/\/www.paysdesecrins.com\/nl\/pers-gebied\/","og_locale":"nl_NL","og_type":"article","og_title":"Pers gebied - Pays des \u00c9crins - Office de Tourisme","og_description":"We organiseren elk seizoen persborrels en nodigen af en toe influencers\/bloggers uit.Als je een weekend of een paar dagen met [&hellip;]","og_url":"https:\/\/www.paysdesecrins.com\/nl\/pers-gebied\/","og_site_name":"Pays des \u00c9crins - Office de Tourisme","article_modified_time":"2025-08-05T11:44:38+00:00","og_image":[{"width":2560,"height":1707,"url":"https:\/\/www.paysdesecrins.com\/wp-content\/uploads\/2025\/08\/lac-de-l-eychauda-22-scaled.jpg","type":"image\/jpeg"}],"twitter_card":"summary_large_image","twitter_misc":{"Geschatte leestijd":"2 minuten"},"schema":{"@context":"https:\/\/schema.org","@graph":[{"@type":"WebPage","@id":"https:\/\/www.paysdesecrins.com\/nl\/pers-gebied\/","url":"https:\/\/www.paysdesecrins.com\/nl\/pers-gebied\/","name":"Pers gebied - Pays des \u00c9crins - Office de Tourisme","isPartOf":{"@id":"https:\/\/www.paysdesecrins.com\/nl\/#website"},"primaryImageOfPage":{"@id":"https:\/\/www.paysdesecrins.com\/nl\/pers-gebied\/#primaryimage"},"image":{"@id":"https:\/\/www.paysdesecrins.com\/nl\/pers-gebied\/#primaryimage"},"thumbnailUrl":"https:\/\/www.paysdesecrins.com\/wp-content\/uploads\/2025\/08\/lac-de-l-eychauda-22-scaled.jpg","datePublished":"2025-06-27T13:19:31+00:00","dateModified":"2025-08-05T11:44:38+00:00","breadcrumb":{"@id":"https:\/\/www.paysdesecrins.com\/nl\/pers-gebied\/#breadcrumb"},"inLanguage":"nl-NL","potentialAction":[{"@type":"ReadAction","target":["https:\/\/www.paysdesecrins.com\/nl\/pers-gebied\/"]}]},{"@type":"ImageObject","inLanguage":"nl-NL","@id":"https:\/\/www.paysdesecrins.com\/nl\/pers-gebied\/#primaryimage","url":"https:\/\/www.paysdesecrins.com\/wp-content\/uploads\/2025\/08\/lac-de-l-eychauda-22-scaled.jpg","contentUrl":"https:\/\/www.paysdesecrins.com\/wp-content\/uploads\/2025\/08\/lac-de-l-eychauda-22-scaled.jpg","width":2560,"height":1707},{"@type":"BreadcrumbList","@id":"https:\/\/www.paysdesecrins.com\/nl\/pers-gebied\/#breadcrumb","itemListElement":[{"@type":"ListItem","position":1,"name":"Accueil","item":"https:\/\/www.paysdesecrins.com\/nl\/de-titel-van-het-huis\/"},{"@type":"ListItem","position":2,"name":"Pers gebied"}]},{"@type":"WebSite","@id":"https:\/\/www.paysdesecrins.com\/nl\/#website","url":"https:\/\/www.paysdesecrins.com\/nl\/","name":"Pays des \u00c9crins - Office de Tourisme","description":"L&#039;esprit montagne","publisher":{"@id":"https:\/\/www.paysdesecrins.com\/nl\/#organization"},"potentialAction":[{"@type":"SearchAction","target":{"@type":"EntryPoint","urlTemplate":"https:\/\/www.paysdesecrins.com\/nl\/?s={search_term_string}"},"query-input":{"@type":"PropertyValueSpecification","valueRequired":true,"valueName":"search_term_string"}}],"inLanguage":"nl-NL"},{"@type":"Organization","@id":"https:\/\/www.paysdesecrins.com\/nl\/#organization","name":"Pays des \u00c9crins - Office de Tourisme","url":"https:\/\/www.paysdesecrins.com\/nl\/","logo":{"@type":"ImageObject","inLanguage":"nl-NL","@id":"https:\/\/www.paysdesecrins.com\/nl\/#\/schema\/logo\/image\/","url":"https:\/\/www.paysdesecrins.com\/wp-content\/uploads\/2025\/06\/devina-svg-1750845694.svg","contentUrl":"https:\/\/www.paysdesecrins.com\/wp-content\/uploads\/2025\/06\/devina-svg-1750845694.svg","caption":"Pays des \u00c9crins - Office de Tourisme"},"image":{"@id":"https:\/\/www.paysdesecrins.com\/nl\/#\/schema\/logo\/image\/"}}]}},"_links":{"self":[{"href":"https:\/\/www.paysdesecrins.com\/nl\/wp-json\/wp\/v2\/pages\/45555","targetHints":{"allow":["GET"]}}],"collection":[{"href":"https:\/\/www.paysdesecrins.com\/nl\/wp-json\/wp\/v2\/pages"}],"about":[{"href":"https:\/\/www.paysdesecrins.com\/nl\/wp-json\/wp\/v2\/types\/page"}],"author":[{"embeddable":true,"href":"https:\/\/www.paysdesecrins.com\/nl\/wp-json\/wp\/v2\/users\/1"}],"replies":[{"embeddable":true,"href":"https:\/\/www.paysdesecrins.com\/nl\/wp-json\/wp\/v2\/comments?post=45555"}],"version-history":[{"count":0,"href":"https:\/\/www.paysdesecrins.com\/nl\/wp-json\/wp\/v2\/pages\/45555\/revisions"}],"wp:featuredmedia":[{"embeddable":true,"href":"https:\/\/www.paysdesecrins.com\/nl\/wp-json\/wp\/v2\/media\/61464"}],"wp:attachment":[{"href":"https:\/\/www.paysdesecrins.com\/nl\/wp-json\/wp\/v2\/media?parent=45555"}],"curies":[{"name":"wp","href":"https:\/\/api.w.org\/{rel}","templated":true}]}}