{"id":45562,"date":"2025-06-27T15:09:18","date_gmt":"2025-06-27T13:09:18","guid":{"rendered":"https:\/\/www.paysdesecrins.com\/wettelijke-vermeldingen-en-credits\/"},"modified":"2025-08-12T14:32:26","modified_gmt":"2025-08-12T12:32:26","slug":"wettelijke-vermeldingen-en-credits","status":"publish","type":"page","link":"https:\/\/www.paysdesecrins.com\/nl\/wettelijke-vermeldingen-en-credits\/","title":{"rendered":"Wettelijke vermeldingen en credits"},"content":{"rendered":"    <div class=\"alignfull wp-block-ws-library-ws-header-interne\">\n\t    <div class=\"header-container\">\n\t        <div class=\"group-media has-image\">\n\t            \t                <img loading=\"lazy\" decoding=\"async\" width=\"1920\" height=\"800\" src=\"https:\/\/www.paysdesecrins.com\/wp-content\/uploads\/2025\/08\/h0a9437-hdr-1920x800.jpg\" alt=\"\" class=\"image_large_square wp-image-72736\" \/>\n\t            \t        <\/div>\n\t        <div class=\"group-content\">\n\t            <div class=\"title\">\n\t                <h1>\n\t                    Legaal\t                    \t                        &amp; credits\t                    \t                <\/h1>\n\t            <\/div>\n\t        <\/div>\n\t    <\/div>\n\t    \n<div class=\"yoast-breadcrumbs\"><span><span><a href=\"https:\/\/www.paysdesecrins.com\/nl\/de-titel-van-het-huis\/\">Accueil<\/a><\/span>  <span class=\"breadcrumb_last\" aria-current=\"page\">Wettelijke vermeldingen en credits<\/span><\/span><\/div>\n    <\/div>\n    \n<div class=\"wp-block-columns alignwide is-layout-flex wp-container-core-columns-is-layout-6c531013 wp-block-columns-is-layout-flex\">\n<div class=\"wp-block-column is-layout-flow wp-block-column-is-layout-flow\">\n<p>De website van www.paysdesecrins.com is eigendom van:<br\/> <br\/>VVV kantoor van Pays des \u00c9crins<br\/>Rue des Urties<br\/>05340 Vallouise<br\/>SIRET-nummer: 824 516 439 000 75<br\/>Redactie: Juliette Bisiaux<br\/>Telefoon: 0492233517<br\/>Telefax: 0492233517<br\/>E-mailadres: administration@paysdesecrins.com<\/p>\n<\/div>\n\n\n\n<div class=\"wp-block-column is-layout-flow wp-block-column-is-layout-flow\">\n<h3 class=\"wp-block-heading\">Redactioneel manager<\/h3>\n\n\n\n<p>Juliette BISIAUX<\/p>\n\n\n\n<h3 class=\"wp-block-heading\">Verantwoordelijke voor publicaties<\/h3>\n\n\n\n<p>Catharina JOLIBERT<\/p>\n<\/div>\n<\/div>\n\n<div class=\"wp-block-group alignwide is-layout-flow wp-block-group-is-layout-flow\">\n<div class=\"wp-block-columns alignwide is-layout-flex wp-container-core-columns-is-layout-6c531013 wp-block-columns-is-layout-flex\">\n<div class=\"wp-block-column is-layout-flow wp-block-column-is-layout-flow\">\n<h3 class=\"wp-block-heading\">Webdesign<\/h3>\n\n\n\n<p>De creatie van UI \/ UX Design en CSS-integratie werden uitgevoerd door het <a title=\"WebSenso Agency - UX design webdesign\" href=\"https:\/\/www.websenso.com\/expertises\/ux-design\" target=\"_blank\" rel=\"noopener\">bureau WebSenso<\/a> op basis van ter beschikking gestelde elementen (logo, grafisch charter, enz.).<\/p>\n<\/div>\n\n\n\n<div class=\"wp-block-column is-layout-flow wp-block-column-is-layout-flow\">\n<h3 class=\"wp-block-heading\">Ontwikkeling<\/h3>\n\n\n\n<p>Dit webproject werd uitgevoerd door het <a title=\"WebSenso Agency - WordPress Applicatie Ontwikkeling\" href=\"https:\/\/www.websenso.com\" target=\"_blank\" rel=\"noopener\">bureau WebSenso<\/a> op het WordPress CMS: configuratie, plugin, thema, enz.<\/p>\n<\/div>\n<\/div>\n\n\n\n<div class=\"wp-block-group alignwide is-layout-flow wp-block-group-is-layout-flow\">\n<div class=\"wp-block-column is-layout-flow wp-block-column-is-layout-flow\">\n<div class=\"wp-block-columns is-layout-flex wp-container-core-columns-is-layout-6c531013 wp-block-columns-is-layout-flex\">\n<div class=\"wp-block-column is-layout-flow wp-block-column-is-layout-flow\">\n<h3 class=\"wp-block-heading\">Onderhoud<\/h3>\n\n\n\n<p><a href=\"https:\/\/www.websenso.com\/expertises\/wordpress\" target=\"_blank\" rel=\"noopener\">De WordPress TMA<\/a> (Third-Party Application Maintenance) wordt beheerd door het <a href=\"https:\/\/www.websenso.com\" target=\"_blank\" rel=\"noopener\">bureau WebSenso<\/a>.<\/p>\n<\/div>\n\n\n\n<div class=\"wp-block-column is-layout-flow wp-block-column-is-layout-flow\">\n<h3 class=\"wp-block-heading\">Accommodatie<\/h3>\n\n\n\n<p>Deze service wordt fysiek gehost in Frankrijk in een datacenter van het bedrijf OVHCloud.<\/p>\n<\/div>\n<\/div>\n<\/div>\n<\/div>\n\n\n\n<h3 class=\"wp-block-heading\">Intellectueel eigendom<\/h3>\n\n\n\n<p>Onze entiteit is de eigenaar van de intellectuele eigendomsrechten of bezit de gebruiksrechten op alle elementen die toegankelijk zijn op de site, met name teksten, afbeeldingen, grafieken, logo&#8217;s, enz. Dus voordat u deze inhoud kopieert, aanpast, citeert&#8230; Gelieve vooraf schriftelijke toestemming te verkrijgen. <\/p>\n\n\n\n<h3 class=\"wp-block-heading\">Credits<\/h3>\n\n\n\n<p>OT Pays des \u00c9crins, Rogier VAN RIJN, Thibaut BLAIS, Marie LACHAUD, Maxime LOPEZ, KINAPHOTO<\/p>\n\n\n\n<h3 class=\"wp-block-heading\">Hyperlinks<\/h3>\n\n\n\n<p>Tijdens het surfen ontdekt u verschillende hyperlinks naar andere websites. Onze entiteit heeft niet de mogelijkheid om de inhoud van deze sites te verifi\u00ebren en aanvaardt daarom geen enkele verantwoordelijkheid voor dit feit. <\/p>\n\n\n\n<h3 class=\"wp-block-heading\">Cookies<\/h3>\n\n\n\n<p>Het surfen op deze site veroorzaakt de installatie van kleine bestanden, <a href=\"https:\/\/fr.wikipedia.org\/wiki\/Cookie_(informatique)\" target=\"_blank\" rel=\"nofollow noopener external\">cookies<\/a> genaamd, in de browser van de gebruiker. Ze zijn mooi en nemen geen ruimte in beslag. Het weigeren van de installatie van een cookie kan echter technisch gezien de toegang tot bepaalde diensten blokkeren en ons vermogen om de surfervaring te verbeteren verminderen. Hieronder vindt u de lijst met gebruikte cookies.   <\/p>\n\n\n\n        \n        <div class=\"table-responsive\">\n            <table class=\"table cookie-tracker-table\">\n                <thead>\n                    <tr>\n                        <th>Outil<\/th>\n                        <th>Fonctionnalit\u00e9<\/th>\n                        <th>Fichier(s)<\/th>\n                        <th>Dur\u00e9e de vie<\/th>\n                        <th>IP collect\u00e9e<\/th>\n                        <th><a href=\"https:\/\/www.eff.org\/issues\/do-not-track\" target=\"_blank\">DNT<\/a> respect\u00e9<\/th>\n                    <\/tr>\n                <\/thead>\n                <tbody>\n                    <tr>\n                        <td><strong>Ce site uniquement<\/strong> <br \/>CMS WordPress<\/td>\n                        <td>G\u00e8re les sessions utilisateur, la d\u00e9tection de JavaScript, et la persistance de la connexion.<\/td>\n                        <td>has_js<br \/>wordpress_logged_in_*<\/td>\n                        <td>Expire \u00e0 la fermeture du navigateur.<\/td>\n                        <td>-<\/td>\n                        <td>-<\/td>\n                    <\/tr>\n\n                                            <tr>\n                            <td><strong>Matomo<\/strong> <br \/>H\u00e9berg\u00e9 en France<\/td>\n                            <td>Votre navigation est mesur\u00e9e par la solution Matomo. H\u00e9berg\u00e9e sur des serveurs en France (<a href=\"https:\/\/www.websenso.com\/analytics\" target=\"_blank\">https:\/\/www.websenso.com\/analytics<\/a>), ce logiciel est configur\u00e9 avec les param\u00e8tres stricts du respect de la vie priv\u00e9.<\/td>\n                            <td> Aucun<\/td>\n                            <td>-<\/td>\n                            <td>\n                                <div style=\"color: green;\">\ud83d\ude0e R\u00e9duite<\/div>\n                                <small>IP (2 octets masqu\u00e9s)\u00a0: 216.73.xxx.xxx<\/small>\n                            <\/td>\n                            <td>\n                                -                            <\/td>\n                        <\/tr>\n                    \n                                    <\/tbody>\n            <\/table>\n        <\/div>\n\n\n\n\n\n<h3 class=\"wp-block-heading\">Beheer van persoonsgegevens<\/h3>\n\n\n\n<p>Door op deze website te surfen, kan informatie worden verzameld: herkomst, toegangsprovider, IP-adres, enz. De site verzamelt persoonlijke informatie ten behoeve van bepaalde diensten die door deze site worden aangeboden, zie hierboven. Het recht op toegang, rectificatie en verzet tegen de persoonsgegevens van bezoekers wordt ingediend door een schriftelijk verzoek aan het bovengenoemde adres.  <\/p>\n\n\n\n<h3 class=\"wp-block-heading\">Toepasselijk recht en bevoegde rechtbank<\/h3>\n\n\n\n<p>Elk geschil in verband met het gebruik van deze site is onderworpen aan het Franse recht en in de taal van Moli\u00e8re. Kukeleku! <\/p>\n\n\n\n<h3 class=\"wp-block-heading\">Ben je er nog?<\/h3>\n\n\n\n<p>Gefeliciteerd! Want deze pagina is waarschijnlijk de minst interessante op deze site \ud83d\ude09 <\/p>\n<\/div>\n","protected":false},"excerpt":{"rendered":"<p>De website van www.paysdesecrins.com is eigendom van: VVV kantoor van Pays des \u00c9crinsRue des Urties05340 VallouiseSIRET-nummer: 824 516 439 000 [&hellip;]<\/p>\n","protected":false},"author":1,"featured_media":72737,"parent":0,"menu_order":0,"comment_status":"closed","ping_status":"closed","template":"","meta":{"_thumbnail_id_2":0,"summer_excerpt":"","season":"","station":"","footnotes":""},"class_list":["post-45562","page","type-page","status-publish","has-post-thumbnail","hentry"],"yoast_head":"<!-- This site is optimized with the Yoast SEO plugin v27.3 - https:\/\/yoast.com\/product\/yoast-seo-wordpress\/ -->\n<title>Wettelijke vermeldingen en credits - Pays des \u00c9crins - Office de Tourisme<\/title>\n<meta name=\"robots\" content=\"noindex, follow\" \/>\n<meta property=\"og:locale\" content=\"nl_NL\" \/>\n<meta property=\"og:type\" content=\"article\" \/>\n<meta property=\"og:title\" content=\"Wettelijke vermeldingen en credits - Pays des \u00c9crins - Office de Tourisme\" \/>\n<meta property=\"og:description\" content=\"De website van www.paysdesecrins.com is eigendom van: VVV kantoor van Pays des \u00c9crinsRue des Urties05340 VallouiseSIRET-nummer: 824 516 439 000 [&hellip;]\" \/>\n<meta property=\"og:url\" content=\"https:\/\/www.paysdesecrins.com\/nl\/wettelijke-vermeldingen-en-credits\/\" \/>\n<meta property=\"og:site_name\" content=\"Pays des \u00c9crins - Office de Tourisme\" \/>\n<meta property=\"article:modified_time\" content=\"2025-08-12T12:32:26+00:00\" \/>\n<meta property=\"og:image\" content=\"https:\/\/www.paysdesecrins.com\/wp-content\/uploads\/2025\/08\/h0a9437-hdr-scaled.jpg\" \/>\n\t<meta property=\"og:image:width\" content=\"2560\" \/>\n\t<meta property=\"og:image:height\" content=\"1440\" \/>\n\t<meta property=\"og:image:type\" content=\"image\/jpeg\" \/>\n<meta name=\"twitter:card\" content=\"summary_large_image\" \/>\n<meta name=\"twitter:label1\" content=\"Geschatte leestijd\" \/>\n\t<meta name=\"twitter:data1\" content=\"2 minuten\" \/>\n<script type=\"application\/ld+json\" class=\"yoast-schema-graph\">{\"@context\":\"https:\\\/\\\/schema.org\",\"@graph\":[{\"@type\":\"WebPage\",\"@id\":\"https:\\\/\\\/www.paysdesecrins.com\\\/nl\\\/wettelijke-vermeldingen-en-credits\\\/\",\"url\":\"https:\\\/\\\/www.paysdesecrins.com\\\/nl\\\/wettelijke-vermeldingen-en-credits\\\/\",\"name\":\"Wettelijke vermeldingen en credits - Pays des \u00c9crins - Office de Tourisme\",\"isPartOf\":{\"@id\":\"https:\\\/\\\/www.paysdesecrins.com\\\/nl\\\/#website\"},\"primaryImageOfPage\":{\"@id\":\"https:\\\/\\\/www.paysdesecrins.com\\\/nl\\\/wettelijke-vermeldingen-en-credits\\\/#primaryimage\"},\"image\":{\"@id\":\"https:\\\/\\\/www.paysdesecrins.com\\\/nl\\\/wettelijke-vermeldingen-en-credits\\\/#primaryimage\"},\"thumbnailUrl\":\"https:\\\/\\\/www.paysdesecrins.com\\\/wp-content\\\/uploads\\\/2025\\\/08\\\/h0a9437-hdr-scaled.jpg\",\"datePublished\":\"2025-06-27T13:09:18+00:00\",\"dateModified\":\"2025-08-12T12:32:26+00:00\",\"breadcrumb\":{\"@id\":\"https:\\\/\\\/www.paysdesecrins.com\\\/nl\\\/wettelijke-vermeldingen-en-credits\\\/#breadcrumb\"},\"inLanguage\":\"nl-NL\",\"potentialAction\":[{\"@type\":\"ReadAction\",\"target\":[\"https:\\\/\\\/www.paysdesecrins.com\\\/nl\\\/wettelijke-vermeldingen-en-credits\\\/\"]}]},{\"@type\":\"ImageObject\",\"inLanguage\":\"nl-NL\",\"@id\":\"https:\\\/\\\/www.paysdesecrins.com\\\/nl\\\/wettelijke-vermeldingen-en-credits\\\/#primaryimage\",\"url\":\"https:\\\/\\\/www.paysdesecrins.com\\\/wp-content\\\/uploads\\\/2025\\\/08\\\/h0a9437-hdr-scaled.jpg\",\"contentUrl\":\"https:\\\/\\\/www.paysdesecrins.com\\\/wp-content\\\/uploads\\\/2025\\\/08\\\/h0a9437-hdr-scaled.jpg\",\"width\":2560,\"height\":1440},{\"@type\":\"BreadcrumbList\",\"@id\":\"https:\\\/\\\/www.paysdesecrins.com\\\/nl\\\/wettelijke-vermeldingen-en-credits\\\/#breadcrumb\",\"itemListElement\":[{\"@type\":\"ListItem\",\"position\":1,\"name\":\"Accueil\",\"item\":\"https:\\\/\\\/www.paysdesecrins.com\\\/nl\\\/de-titel-van-het-huis\\\/\"},{\"@type\":\"ListItem\",\"position\":2,\"name\":\"Wettelijke vermeldingen en credits\"}]},{\"@type\":\"WebSite\",\"@id\":\"https:\\\/\\\/www.paysdesecrins.com\\\/nl\\\/#website\",\"url\":\"https:\\\/\\\/www.paysdesecrins.com\\\/nl\\\/\",\"name\":\"Pays des \u00c9crins - Office de Tourisme\",\"description\":\"L&#039;esprit montagne\",\"publisher\":{\"@id\":\"https:\\\/\\\/www.paysdesecrins.com\\\/nl\\\/#organization\"},\"potentialAction\":[{\"@type\":\"SearchAction\",\"target\":{\"@type\":\"EntryPoint\",\"urlTemplate\":\"https:\\\/\\\/www.paysdesecrins.com\\\/nl\\\/?s={search_term_string}\"},\"query-input\":{\"@type\":\"PropertyValueSpecification\",\"valueRequired\":true,\"valueName\":\"search_term_string\"}}],\"inLanguage\":\"nl-NL\"},{\"@type\":\"Organization\",\"@id\":\"https:\\\/\\\/www.paysdesecrins.com\\\/nl\\\/#organization\",\"name\":\"Pays des \u00c9crins - Office de Tourisme\",\"url\":\"https:\\\/\\\/www.paysdesecrins.com\\\/nl\\\/\",\"logo\":{\"@type\":\"ImageObject\",\"inLanguage\":\"nl-NL\",\"@id\":\"https:\\\/\\\/www.paysdesecrins.com\\\/nl\\\/#\\\/schema\\\/logo\\\/image\\\/\",\"url\":\"https:\\\/\\\/www.paysdesecrins.com\\\/wp-content\\\/uploads\\\/2025\\\/06\\\/devina-svg-1750845694.svg\",\"contentUrl\":\"https:\\\/\\\/www.paysdesecrins.com\\\/wp-content\\\/uploads\\\/2025\\\/06\\\/devina-svg-1750845694.svg\",\"caption\":\"Pays des \u00c9crins - Office de Tourisme\"},\"image\":{\"@id\":\"https:\\\/\\\/www.paysdesecrins.com\\\/nl\\\/#\\\/schema\\\/logo\\\/image\\\/\"}}]}<\/script>\n<!-- \/ Yoast SEO plugin. -->","yoast_head_json":{"title":"Wettelijke vermeldingen en credits - Pays des \u00c9crins - Office de Tourisme","robots":{"index":"noindex","follow":"follow"},"og_locale":"nl_NL","og_type":"article","og_title":"Wettelijke vermeldingen en credits - Pays des \u00c9crins - Office de Tourisme","og_description":"De website van www.paysdesecrins.com is eigendom van: VVV kantoor van Pays des \u00c9crinsRue des Urties05340 VallouiseSIRET-nummer: 824 516 439 000 [&hellip;]","og_url":"https:\/\/www.paysdesecrins.com\/nl\/wettelijke-vermeldingen-en-credits\/","og_site_name":"Pays des \u00c9crins - Office de Tourisme","article_modified_time":"2025-08-12T12:32:26+00:00","og_image":[{"width":2560,"height":1440,"url":"https:\/\/www.paysdesecrins.com\/wp-content\/uploads\/2025\/08\/h0a9437-hdr-scaled.jpg","type":"image\/jpeg"}],"twitter_card":"summary_large_image","twitter_misc":{"Geschatte leestijd":"2 minuten"},"schema":{"@context":"https:\/\/schema.org","@graph":[{"@type":"WebPage","@id":"https:\/\/www.paysdesecrins.com\/nl\/wettelijke-vermeldingen-en-credits\/","url":"https:\/\/www.paysdesecrins.com\/nl\/wettelijke-vermeldingen-en-credits\/","name":"Wettelijke vermeldingen en credits - Pays des \u00c9crins - Office de Tourisme","isPartOf":{"@id":"https:\/\/www.paysdesecrins.com\/nl\/#website"},"primaryImageOfPage":{"@id":"https:\/\/www.paysdesecrins.com\/nl\/wettelijke-vermeldingen-en-credits\/#primaryimage"},"image":{"@id":"https:\/\/www.paysdesecrins.com\/nl\/wettelijke-vermeldingen-en-credits\/#primaryimage"},"thumbnailUrl":"https:\/\/www.paysdesecrins.com\/wp-content\/uploads\/2025\/08\/h0a9437-hdr-scaled.jpg","datePublished":"2025-06-27T13:09:18+00:00","dateModified":"2025-08-12T12:32:26+00:00","breadcrumb":{"@id":"https:\/\/www.paysdesecrins.com\/nl\/wettelijke-vermeldingen-en-credits\/#breadcrumb"},"inLanguage":"nl-NL","potentialAction":[{"@type":"ReadAction","target":["https:\/\/www.paysdesecrins.com\/nl\/wettelijke-vermeldingen-en-credits\/"]}]},{"@type":"ImageObject","inLanguage":"nl-NL","@id":"https:\/\/www.paysdesecrins.com\/nl\/wettelijke-vermeldingen-en-credits\/#primaryimage","url":"https:\/\/www.paysdesecrins.com\/wp-content\/uploads\/2025\/08\/h0a9437-hdr-scaled.jpg","contentUrl":"https:\/\/www.paysdesecrins.com\/wp-content\/uploads\/2025\/08\/h0a9437-hdr-scaled.jpg","width":2560,"height":1440},{"@type":"BreadcrumbList","@id":"https:\/\/www.paysdesecrins.com\/nl\/wettelijke-vermeldingen-en-credits\/#breadcrumb","itemListElement":[{"@type":"ListItem","position":1,"name":"Accueil","item":"https:\/\/www.paysdesecrins.com\/nl\/de-titel-van-het-huis\/"},{"@type":"ListItem","position":2,"name":"Wettelijke vermeldingen en credits"}]},{"@type":"WebSite","@id":"https:\/\/www.paysdesecrins.com\/nl\/#website","url":"https:\/\/www.paysdesecrins.com\/nl\/","name":"Pays des \u00c9crins - Office de Tourisme","description":"L&#039;esprit montagne","publisher":{"@id":"https:\/\/www.paysdesecrins.com\/nl\/#organization"},"potentialAction":[{"@type":"SearchAction","target":{"@type":"EntryPoint","urlTemplate":"https:\/\/www.paysdesecrins.com\/nl\/?s={search_term_string}"},"query-input":{"@type":"PropertyValueSpecification","valueRequired":true,"valueName":"search_term_string"}}],"inLanguage":"nl-NL"},{"@type":"Organization","@id":"https:\/\/www.paysdesecrins.com\/nl\/#organization","name":"Pays des \u00c9crins - Office de Tourisme","url":"https:\/\/www.paysdesecrins.com\/nl\/","logo":{"@type":"ImageObject","inLanguage":"nl-NL","@id":"https:\/\/www.paysdesecrins.com\/nl\/#\/schema\/logo\/image\/","url":"https:\/\/www.paysdesecrins.com\/wp-content\/uploads\/2025\/06\/devina-svg-1750845694.svg","contentUrl":"https:\/\/www.paysdesecrins.com\/wp-content\/uploads\/2025\/06\/devina-svg-1750845694.svg","caption":"Pays des \u00c9crins - Office de Tourisme"},"image":{"@id":"https:\/\/www.paysdesecrins.com\/nl\/#\/schema\/logo\/image\/"}}]}},"_links":{"self":[{"href":"https:\/\/www.paysdesecrins.com\/nl\/wp-json\/wp\/v2\/pages\/45562","targetHints":{"allow":["GET"]}}],"collection":[{"href":"https:\/\/www.paysdesecrins.com\/nl\/wp-json\/wp\/v2\/pages"}],"about":[{"href":"https:\/\/www.paysdesecrins.com\/nl\/wp-json\/wp\/v2\/types\/page"}],"author":[{"embeddable":true,"href":"https:\/\/www.paysdesecrins.com\/nl\/wp-json\/wp\/v2\/users\/1"}],"replies":[{"embeddable":true,"href":"https:\/\/www.paysdesecrins.com\/nl\/wp-json\/wp\/v2\/comments?post=45562"}],"version-history":[{"count":2,"href":"https:\/\/www.paysdesecrins.com\/nl\/wp-json\/wp\/v2\/pages\/45562\/revisions"}],"predecessor-version":[{"id":80941,"href":"https:\/\/www.paysdesecrins.com\/nl\/wp-json\/wp\/v2\/pages\/45562\/revisions\/80941"}],"wp:featuredmedia":[{"embeddable":true,"href":"https:\/\/www.paysdesecrins.com\/nl\/wp-json\/wp\/v2\/media\/72737"}],"wp:attachment":[{"href":"https:\/\/www.paysdesecrins.com\/nl\/wp-json\/wp\/v2\/media?parent=45562"}],"curies":[{"name":"wp","href":"https:\/\/api.w.org\/{rel}","templated":true}]}}