{"id":45916,"date":"2025-07-24T12:17:11","date_gmt":"2025-07-24T10:17:11","guid":{"rendered":"https:\/\/www.paysdesecrins.com\/franse-kajak-cross-cup-april\/"},"modified":"2025-08-07T14:31:49","modified_gmt":"2025-08-07T12:31:49","slug":"franse-kajak-cross-cup-april","status":"publish","type":"page","link":"https:\/\/www.paysdesecrins.com\/nl\/grote-evenementen-in-het-pays-des-ecrins\/franse-kajak-cross-cup-april\/","title":{"rendered":"Kajak Cross Frankrijk Cup \u2013 April"},"content":{"rendered":"    <div class=\"alignfull wp-block-ws-library-ws-header-interne\" data-season=\"allseasons\">\n\t    <div class=\"header-container\">\n\t        <div class=\"group-media has-image\">\n\t            \t                <img loading=\"lazy\" decoding=\"async\" width=\"1920\" height=\"800\" src=\"https:\/\/www.paysdesecrins.com\/wp-content\/uploads\/2025\/07\/dsc07272-1-1920x800.jpg\" alt=\"\" class=\"image_large_square wp-image-49181\" \/>\n\t            \t        <\/div>\n\t        <div class=\"group-content\">\n\t            <div class=\"title\">\n\t                <h1>\n\t                    Kajak Cross Frankrijk Cup\t                    \t                        -April\t                    \t                <\/h1>\n\t            <\/div>\n\t        <\/div>\n\t    <\/div>\n\t    \n<div class=\"yoast-breadcrumbs\"><span><span><a href=\"https:\/\/www.paysdesecrins.com\/nl\/de-titel-van-het-huis\/\">Accueil<\/a><\/span>  <span><a href=\"https:\/\/www.paysdesecrins.com\/nl\/grote-evenementen-in-het-pays-des-ecrins\/\">Grote evenementen in het Pays des Ecrins<\/a><\/span>  <span class=\"breadcrumb_last\" aria-current=\"page\">Kajak Cross Frankrijk Cup \u2013 April<\/span><\/span><\/div>\n    <\/div>\n    \n<div class=\"wp-block-ws-library-ws-title aligncenter is-style-simple\"><h2><strong>Kajak Cross<\/strong> <em><em><strong>Frankrijk Cup<\/strong><\/em><\/em><\/h2><\/div>\n\n<p data-season=\"allseasons\"><strong>De Kayak Cross France Cup<\/strong>, een essenti\u00eble etappe van het nationale circuit, staat in Argenti\u00e8re-la-Bess\u00e9e in de schijnwerpers. De intense wedstrijden vinden plaats op de tumultueuze wateren van de <strong>rivier de Durance<\/strong>, waar de beste Franse kano\u00ebrs en kajakkers zullen strijden om de titels van deze spectaculaire discipline. <\/p>\n\n<p data-season=\"summer\">De France Kayak Cross Cup in <strong>Argenti\u00e8re-la-Bess\u00e9e <\/strong>is meer dan alleen een race. Het is een <strong>jaarlijks toernooi <\/strong>dat atleten uit het hele land samenbrengt om de stroomversnellingen van de Durance online te trotseren.   <br\/><br\/><strong>Kajakcross<\/strong>, ook wel wildwaterkajakken genoemd, is een veeleisende sport waarbij kajakkers het tegen elkaar opnemen op een uitdagend parcours. Ze moeten door <strong>wildwaterpoorten <\/strong>gaan terwijl ze strijden om de <strong>snelste tijd,<\/strong> in een directe competitie die zowel <strong>adrenaline<\/strong> als <strong>techniek<\/strong> vereist. <\/p>\n\n<div class=\"wp-block-ws-library-ws-slider alignwide\" data-season=\"allseasons\"><div class=\"splide\" data-splide=\"{\"type\":\"slide\",\"heightRatio\":\"auto\",\"perPage\":4,\"perMove\":1,\"drag\":true,\"pagination\":0,\"autoplay\":false,\"gap\":\"15px\",\"breakpoints\":{\"450\":{\"perPage\":1},\"768\":{\"perPage\":2},\"992\":{\"perPage\":3},\"1200\":{\"perPage\":4}}}\"><div class=\"splide__track\"><div class=\"splide__list\"><div class=\"splide__slide\"><a href=\"https:\/\/www.paysdesecrins.com\/wp-content\/uploads\/2025\/07\/1714741013-929895866-400x400.jpg\" data-glightbox=\"true\" class=\"lightbox-trigger\"><img decoding=\"async\" src=\"https:\/\/www.paysdesecrins.com\/wp-content\/uploads\/2025\/07\/1714741013-929895866-400x400.jpg\" alt=\"\"><\/a><\/div><div class=\"splide__slide\"><a href=\"https:\/\/www.paysdesecrins.com\/wp-content\/uploads\/2025\/07\/1714741070-558236059-400x400.jpg\" data-glightbox=\"true\" class=\"lightbox-trigger\"><img decoding=\"async\" src=\"https:\/\/www.paysdesecrins.com\/wp-content\/uploads\/2025\/07\/1714741070-558236059-400x400.jpg\" alt=\"\"><\/a><\/div><div class=\"splide__slide\"><a href=\"https:\/\/www.paysdesecrins.com\/wp-content\/uploads\/2025\/07\/dsc07272-scaled.jpg\" data-glightbox=\"true\" class=\"lightbox-trigger\"><img decoding=\"async\" src=\"https:\/\/www.paysdesecrins.com\/wp-content\/uploads\/2025\/07\/dsc07272-400x400.jpg\" alt=\"\"><\/a><\/div><div class=\"splide__slide\"><a href=\"https:\/\/www.paysdesecrins.com\/wp-content\/uploads\/2025\/07\/dsc07432-400x400.jpg\" data-glightbox=\"true\" class=\"lightbox-trigger\"><img decoding=\"async\" src=\"https:\/\/www.paysdesecrins.com\/wp-content\/uploads\/2025\/07\/dsc07432-400x400.jpg\" alt=\"\"><\/a><\/div><\/div><\/div><\/div><\/div>\n\n<p data-season=\"allseasons\">Het concurrentievermogen van de competitie in Argenti\u00e8re-la-Bess\u00e9e is bekend en trekt zowel <strong>professionele<\/strong> als <strong>amateuratleten<\/strong> aan.<strong> Het biedt kajakkers de mogelijkheid om hun vaardigheden te testen in uitdagende omstandigheden en het op te nemen tegen enkele van de beste <strong>nationale concurrenten.<\/strong><\/strong> <br\/><br\/>Naast de races is dit evenement ook een <strong>waar feest voor de toeschouwers<\/strong>. Langs de <strong>oevers van de Durance <\/strong>verzamelt zich een enthousiast publiek om de deelnemers te steunen en van de show te genieten. Naast de wedstrijden worden er activiteiten en entertainment georganiseerd om de toeschouwers te vermaken en een feestelijke sfeer te cre\u00ebren.  <\/p>\n\n<p data-season=\"summer\">Deze etappe van de <strong>Coupe de France<\/strong>, georganiseerd door het<strong> Regionaal Comit\u00e9 Provence-Alpes-C\u00f4te d&#8217;Azur<\/strong> in samenwerking met de <strong>club \u00c9crins en lokale vrijwilligers<\/strong> , is een niet te missen evenement voor de Franse kajakkers. Deze wedstrijd, met bijna <strong>250 deelnemers<\/strong> onder de beste onderdanen, belooft intens en boeiend te worden. <\/p>\n<p><iframe loading=\"lazy\" src=\"https:\/\/www.facebook.com\/plugins\/video.php?height=314&#038;href=https%3A%2F%2Fwww.facebook.com%2FTEAMLESCOLLETSPRODUCTION%2Fvideos%2F273290498406058%2F&#038;show_text=false&#038;width=560&#038;t=0\" width=\"660\" height=\"414\" style=\"border:none;overflow:hidden\" scrolling=\"no\" frameborder=\"0\" allowfullscreen=\"true\" allow=\"autoplay; clipboard-write; encrypted-media; picture-in-picture; web-share\" allowFullScreen=\"true\"><\/iframe><\/p>\n\n<div class=\"wp-block-ws-library-ws-share\"><span class=\"share-subtitle\">Vond je deze pagina leuk?<\/span><span class=\"share-title\">Deel het!<\/span><button class=\"ws-share-button wp-element-button\">Deel deze pagina<\/button><\/div>\n","protected":false},"excerpt":{"rendered":"<p>De Kayak Cross France Cup, een essenti\u00eble etappe van het nationale circuit, staat in Argenti\u00e8re-la-Bess\u00e9e in de schijnwerpers. De intense [&hellip;]<\/p>\n","protected":false},"author":4,"featured_media":49170,"parent":45933,"menu_order":0,"comment_status":"closed","ping_status":"closed","template":"","meta":{"_thumbnail_id_2":0,"summer_excerpt":"","season":"","station":"","footnotes":""},"class_list":["post-45916","page","type-page","status-publish","has-post-thumbnail","hentry"],"yoast_head":"<!-- This site is optimized with the Yoast SEO plugin v27.3 - https:\/\/yoast.com\/product\/yoast-seo-wordpress\/ -->\n<title>Kajak Cross Frankrijk Cup - April - Pays des \u00c9crins - Office de Tourisme<\/title>\n<meta name=\"robots\" content=\"index, follow, max-snippet:-1, max-image-preview:large, max-video-preview:-1\" \/>\n<link rel=\"canonical\" href=\"https:\/\/www.paysdesecrins.com\/nl\/grote-evenementen-in-het-pays-des-ecrins\/franse-kajak-cross-cup-april\/\" \/>\n<meta property=\"og:locale\" content=\"nl_NL\" \/>\n<meta property=\"og:type\" content=\"article\" \/>\n<meta property=\"og:title\" content=\"Kajak Cross Frankrijk Cup - April - Pays des \u00c9crins - Office de Tourisme\" \/>\n<meta property=\"og:description\" content=\"De Kayak Cross France Cup, een essenti\u00eble etappe van het nationale circuit, staat in Argenti\u00e8re-la-Bess\u00e9e in de schijnwerpers. De intense [&hellip;]\" \/>\n<meta property=\"og:url\" content=\"https:\/\/www.paysdesecrins.com\/nl\/grote-evenementen-in-het-pays-des-ecrins\/franse-kajak-cross-cup-april\/\" \/>\n<meta property=\"og:site_name\" content=\"Pays des \u00c9crins - Office de Tourisme\" \/>\n<meta property=\"article:modified_time\" content=\"2025-08-07T12:31:49+00:00\" \/>\n<meta property=\"og:image\" content=\"https:\/\/www.paysdesecrins.com\/wp-content\/uploads\/2025\/07\/dsc07272-scaled.jpg\" \/>\n\t<meta property=\"og:image:width\" content=\"2560\" \/>\n\t<meta property=\"og:image:height\" content=\"1707\" \/>\n\t<meta property=\"og:image:type\" content=\"image\/jpeg\" \/>\n<meta name=\"twitter:card\" content=\"summary_large_image\" \/>\n<meta name=\"twitter:label1\" content=\"Geschatte leestijd\" \/>\n\t<meta name=\"twitter:data1\" content=\"1 minuut\" \/>\n<script type=\"application\/ld+json\" class=\"yoast-schema-graph\">{\"@context\":\"https:\\\/\\\/schema.org\",\"@graph\":[{\"@type\":\"WebPage\",\"@id\":\"https:\\\/\\\/www.paysdesecrins.com\\\/nl\\\/grote-evenementen-in-het-pays-des-ecrins\\\/franse-kajak-cross-cup-april\\\/\",\"url\":\"https:\\\/\\\/www.paysdesecrins.com\\\/nl\\\/grote-evenementen-in-het-pays-des-ecrins\\\/franse-kajak-cross-cup-april\\\/\",\"name\":\"Kajak Cross Frankrijk Cup - April - Pays des \u00c9crins - Office de Tourisme\",\"isPartOf\":{\"@id\":\"https:\\\/\\\/www.paysdesecrins.com\\\/nl\\\/#website\"},\"primaryImageOfPage\":{\"@id\":\"https:\\\/\\\/www.paysdesecrins.com\\\/nl\\\/grote-evenementen-in-het-pays-des-ecrins\\\/franse-kajak-cross-cup-april\\\/#primaryimage\"},\"image\":{\"@id\":\"https:\\\/\\\/www.paysdesecrins.com\\\/nl\\\/grote-evenementen-in-het-pays-des-ecrins\\\/franse-kajak-cross-cup-april\\\/#primaryimage\"},\"thumbnailUrl\":\"https:\\\/\\\/www.paysdesecrins.com\\\/wp-content\\\/uploads\\\/2025\\\/07\\\/dsc07272-scaled.jpg\",\"datePublished\":\"2025-07-24T10:17:11+00:00\",\"dateModified\":\"2025-08-07T12:31:49+00:00\",\"breadcrumb\":{\"@id\":\"https:\\\/\\\/www.paysdesecrins.com\\\/nl\\\/grote-evenementen-in-het-pays-des-ecrins\\\/franse-kajak-cross-cup-april\\\/#breadcrumb\"},\"inLanguage\":\"nl-NL\",\"potentialAction\":[{\"@type\":\"ReadAction\",\"target\":[\"https:\\\/\\\/www.paysdesecrins.com\\\/nl\\\/grote-evenementen-in-het-pays-des-ecrins\\\/franse-kajak-cross-cup-april\\\/\"]}]},{\"@type\":\"ImageObject\",\"inLanguage\":\"nl-NL\",\"@id\":\"https:\\\/\\\/www.paysdesecrins.com\\\/nl\\\/grote-evenementen-in-het-pays-des-ecrins\\\/franse-kajak-cross-cup-april\\\/#primaryimage\",\"url\":\"https:\\\/\\\/www.paysdesecrins.com\\\/wp-content\\\/uploads\\\/2025\\\/07\\\/dsc07272-scaled.jpg\",\"contentUrl\":\"https:\\\/\\\/www.paysdesecrins.com\\\/wp-content\\\/uploads\\\/2025\\\/07\\\/dsc07272-scaled.jpg\",\"width\":2560,\"height\":1707},{\"@type\":\"BreadcrumbList\",\"@id\":\"https:\\\/\\\/www.paysdesecrins.com\\\/nl\\\/grote-evenementen-in-het-pays-des-ecrins\\\/franse-kajak-cross-cup-april\\\/#breadcrumb\",\"itemListElement\":[{\"@type\":\"ListItem\",\"position\":1,\"name\":\"Accueil\",\"item\":\"https:\\\/\\\/www.paysdesecrins.com\\\/nl\\\/de-titel-van-het-huis\\\/\"},{\"@type\":\"ListItem\",\"position\":2,\"name\":\"Grote evenementen in het Pays des Ecrins\",\"item\":\"https:\\\/\\\/www.paysdesecrins.com\\\/nl\\\/grote-evenementen-in-het-pays-des-ecrins\\\/\"},{\"@type\":\"ListItem\",\"position\":3,\"name\":\"Kajak Cross Frankrijk Cup \u2013 April\"}]},{\"@type\":\"WebSite\",\"@id\":\"https:\\\/\\\/www.paysdesecrins.com\\\/nl\\\/#website\",\"url\":\"https:\\\/\\\/www.paysdesecrins.com\\\/nl\\\/\",\"name\":\"Pays des \u00c9crins - Office de Tourisme\",\"description\":\"L&#039;esprit montagne\",\"publisher\":{\"@id\":\"https:\\\/\\\/www.paysdesecrins.com\\\/nl\\\/#organization\"},\"potentialAction\":[{\"@type\":\"SearchAction\",\"target\":{\"@type\":\"EntryPoint\",\"urlTemplate\":\"https:\\\/\\\/www.paysdesecrins.com\\\/nl\\\/?s={search_term_string}\"},\"query-input\":{\"@type\":\"PropertyValueSpecification\",\"valueRequired\":true,\"valueName\":\"search_term_string\"}}],\"inLanguage\":\"nl-NL\"},{\"@type\":\"Organization\",\"@id\":\"https:\\\/\\\/www.paysdesecrins.com\\\/nl\\\/#organization\",\"name\":\"Pays des \u00c9crins - Office de Tourisme\",\"url\":\"https:\\\/\\\/www.paysdesecrins.com\\\/nl\\\/\",\"logo\":{\"@type\":\"ImageObject\",\"inLanguage\":\"nl-NL\",\"@id\":\"https:\\\/\\\/www.paysdesecrins.com\\\/nl\\\/#\\\/schema\\\/logo\\\/image\\\/\",\"url\":\"https:\\\/\\\/www.paysdesecrins.com\\\/wp-content\\\/uploads\\\/2025\\\/06\\\/devina-svg-1750845694.svg\",\"contentUrl\":\"https:\\\/\\\/www.paysdesecrins.com\\\/wp-content\\\/uploads\\\/2025\\\/06\\\/devina-svg-1750845694.svg\",\"caption\":\"Pays des \u00c9crins - Office de Tourisme\"},\"image\":{\"@id\":\"https:\\\/\\\/www.paysdesecrins.com\\\/nl\\\/#\\\/schema\\\/logo\\\/image\\\/\"}}]}<\/script>\n<!-- \/ Yoast SEO plugin. -->","yoast_head_json":{"title":"Kajak Cross Frankrijk Cup - April - Pays des \u00c9crins - Office de Tourisme","robots":{"index":"index","follow":"follow","max-snippet":"max-snippet:-1","max-image-preview":"max-image-preview:large","max-video-preview":"max-video-preview:-1"},"canonical":"https:\/\/www.paysdesecrins.com\/nl\/grote-evenementen-in-het-pays-des-ecrins\/franse-kajak-cross-cup-april\/","og_locale":"nl_NL","og_type":"article","og_title":"Kajak Cross Frankrijk Cup - April - Pays des \u00c9crins - Office de Tourisme","og_description":"De Kayak Cross France Cup, een essenti\u00eble etappe van het nationale circuit, staat in Argenti\u00e8re-la-Bess\u00e9e in de schijnwerpers. De intense [&hellip;]","og_url":"https:\/\/www.paysdesecrins.com\/nl\/grote-evenementen-in-het-pays-des-ecrins\/franse-kajak-cross-cup-april\/","og_site_name":"Pays des \u00c9crins - Office de Tourisme","article_modified_time":"2025-08-07T12:31:49+00:00","og_image":[{"width":2560,"height":1707,"url":"https:\/\/www.paysdesecrins.com\/wp-content\/uploads\/2025\/07\/dsc07272-scaled.jpg","type":"image\/jpeg"}],"twitter_card":"summary_large_image","twitter_misc":{"Geschatte leestijd":"1 minuut"},"schema":{"@context":"https:\/\/schema.org","@graph":[{"@type":"WebPage","@id":"https:\/\/www.paysdesecrins.com\/nl\/grote-evenementen-in-het-pays-des-ecrins\/franse-kajak-cross-cup-april\/","url":"https:\/\/www.paysdesecrins.com\/nl\/grote-evenementen-in-het-pays-des-ecrins\/franse-kajak-cross-cup-april\/","name":"Kajak Cross Frankrijk Cup - April - Pays des \u00c9crins - Office de Tourisme","isPartOf":{"@id":"https:\/\/www.paysdesecrins.com\/nl\/#website"},"primaryImageOfPage":{"@id":"https:\/\/www.paysdesecrins.com\/nl\/grote-evenementen-in-het-pays-des-ecrins\/franse-kajak-cross-cup-april\/#primaryimage"},"image":{"@id":"https:\/\/www.paysdesecrins.com\/nl\/grote-evenementen-in-het-pays-des-ecrins\/franse-kajak-cross-cup-april\/#primaryimage"},"thumbnailUrl":"https:\/\/www.paysdesecrins.com\/wp-content\/uploads\/2025\/07\/dsc07272-scaled.jpg","datePublished":"2025-07-24T10:17:11+00:00","dateModified":"2025-08-07T12:31:49+00:00","breadcrumb":{"@id":"https:\/\/www.paysdesecrins.com\/nl\/grote-evenementen-in-het-pays-des-ecrins\/franse-kajak-cross-cup-april\/#breadcrumb"},"inLanguage":"nl-NL","potentialAction":[{"@type":"ReadAction","target":["https:\/\/www.paysdesecrins.com\/nl\/grote-evenementen-in-het-pays-des-ecrins\/franse-kajak-cross-cup-april\/"]}]},{"@type":"ImageObject","inLanguage":"nl-NL","@id":"https:\/\/www.paysdesecrins.com\/nl\/grote-evenementen-in-het-pays-des-ecrins\/franse-kajak-cross-cup-april\/#primaryimage","url":"https:\/\/www.paysdesecrins.com\/wp-content\/uploads\/2025\/07\/dsc07272-scaled.jpg","contentUrl":"https:\/\/www.paysdesecrins.com\/wp-content\/uploads\/2025\/07\/dsc07272-scaled.jpg","width":2560,"height":1707},{"@type":"BreadcrumbList","@id":"https:\/\/www.paysdesecrins.com\/nl\/grote-evenementen-in-het-pays-des-ecrins\/franse-kajak-cross-cup-april\/#breadcrumb","itemListElement":[{"@type":"ListItem","position":1,"name":"Accueil","item":"https:\/\/www.paysdesecrins.com\/nl\/de-titel-van-het-huis\/"},{"@type":"ListItem","position":2,"name":"Grote evenementen in het Pays des Ecrins","item":"https:\/\/www.paysdesecrins.com\/nl\/grote-evenementen-in-het-pays-des-ecrins\/"},{"@type":"ListItem","position":3,"name":"Kajak Cross Frankrijk Cup \u2013 April"}]},{"@type":"WebSite","@id":"https:\/\/www.paysdesecrins.com\/nl\/#website","url":"https:\/\/www.paysdesecrins.com\/nl\/","name":"Pays des \u00c9crins - Office de Tourisme","description":"L&#039;esprit montagne","publisher":{"@id":"https:\/\/www.paysdesecrins.com\/nl\/#organization"},"potentialAction":[{"@type":"SearchAction","target":{"@type":"EntryPoint","urlTemplate":"https:\/\/www.paysdesecrins.com\/nl\/?s={search_term_string}"},"query-input":{"@type":"PropertyValueSpecification","valueRequired":true,"valueName":"search_term_string"}}],"inLanguage":"nl-NL"},{"@type":"Organization","@id":"https:\/\/www.paysdesecrins.com\/nl\/#organization","name":"Pays des \u00c9crins - Office de Tourisme","url":"https:\/\/www.paysdesecrins.com\/nl\/","logo":{"@type":"ImageObject","inLanguage":"nl-NL","@id":"https:\/\/www.paysdesecrins.com\/nl\/#\/schema\/logo\/image\/","url":"https:\/\/www.paysdesecrins.com\/wp-content\/uploads\/2025\/06\/devina-svg-1750845694.svg","contentUrl":"https:\/\/www.paysdesecrins.com\/wp-content\/uploads\/2025\/06\/devina-svg-1750845694.svg","caption":"Pays des \u00c9crins - Office de Tourisme"},"image":{"@id":"https:\/\/www.paysdesecrins.com\/nl\/#\/schema\/logo\/image\/"}}]}},"_links":{"self":[{"href":"https:\/\/www.paysdesecrins.com\/nl\/wp-json\/wp\/v2\/pages\/45916","targetHints":{"allow":["GET"]}}],"collection":[{"href":"https:\/\/www.paysdesecrins.com\/nl\/wp-json\/wp\/v2\/pages"}],"about":[{"href":"https:\/\/www.paysdesecrins.com\/nl\/wp-json\/wp\/v2\/types\/page"}],"author":[{"embeddable":true,"href":"https:\/\/www.paysdesecrins.com\/nl\/wp-json\/wp\/v2\/users\/4"}],"replies":[{"embeddable":true,"href":"https:\/\/www.paysdesecrins.com\/nl\/wp-json\/wp\/v2\/comments?post=45916"}],"version-history":[{"count":0,"href":"https:\/\/www.paysdesecrins.com\/nl\/wp-json\/wp\/v2\/pages\/45916\/revisions"}],"up":[{"embeddable":true,"href":"https:\/\/www.paysdesecrins.com\/nl\/wp-json\/wp\/v2\/pages\/45933"}],"wp:featuredmedia":[{"embeddable":true,"href":"https:\/\/www.paysdesecrins.com\/nl\/wp-json\/wp\/v2\/media\/49170"}],"wp:attachment":[{"href":"https:\/\/www.paysdesecrins.com\/nl\/wp-json\/wp\/v2\/media?parent=45916"}],"curies":[{"name":"wp","href":"https:\/\/api.w.org\/{rel}","templated":true}]}}