{"id":45986,"date":"2025-07-23T16:45:02","date_gmt":"2025-07-23T14:45:02","guid":{"rendered":"https:\/\/www.paysdesecrins.com\/schrijf-u-in-voor-onze-nieuwsbrieven\/"},"modified":"2025-08-06T11:58:35","modified_gmt":"2025-08-06T09:58:35","slug":"schrijf-u-in-voor-onze-nieuwsbrieven","status":"publish","type":"page","link":"https:\/\/www.paysdesecrins.com\/nl\/schrijf-u-in-voor-onze-nieuwsbrieven\/","title":{"rendered":"Schrijf u in voor onze nieuwsbrieven!"},"content":{"rendered":"    <div class=\"alignfull wp-block-ws-library-ws-header-interne\" data-season=\"summer\">\n\t    <div class=\"header-container\">\n\t        <div class=\"group-media has-image\">\n\t            \t                <img loading=\"lazy\" decoding=\"async\" width=\"1536\" height=\"800\" src=\"https:\/\/www.paysdesecrins.com\/wp-content\/uploads\/2025\/07\/dsc05066-1536x800.webp\" alt=\"\" class=\"image_large_square wp-image-41891\" \/>\n\t            \t        <\/div>\n\t        <div class=\"group-content\">\n\t            <div class=\"title\">\n\t                <h1>\n\t                    Schrijf u in voor onze nieuwsbrieven!\t                    \t                <\/h1>\n\t            <\/div>\n\t        <\/div>\n\t    <\/div>\n\t    \n<div class=\"yoast-breadcrumbs\"><span><span><a href=\"https:\/\/www.paysdesecrins.com\/nl\/de-titel-van-het-huis\/\">Accueil<\/a><\/span>  <span class=\"breadcrumb_last\" aria-current=\"page\">Schrijf u in voor onze nieuwsbrieven!<\/span><\/span><\/div>\n    <\/div>\n        <div class=\"alignfull wp-block-ws-library-ws-header-interne\" data-season=\"winter\">\n\t    <div class=\"header-container\">\n\t        <div class=\"group-media has-image\">\n\t            \t                <img loading=\"lazy\" decoding=\"async\" width=\"1920\" height=\"480\" src=\"https:\/\/www.paysdesecrins.com\/wp-content\/uploads\/2025\/07\/village-d-alpinisme-1678981194-1.jpg\" alt=\"\" class=\"image_large_square wp-image-41048\" srcset=\"https:\/\/www.paysdesecrins.com\/wp-content\/uploads\/2025\/07\/village-d-alpinisme-1678981194-1.jpg 1920w, https:\/\/www.paysdesecrins.com\/wp-content\/uploads\/2025\/07\/village-d-alpinisme-1678981194-1-300x75.jpg 300w, https:\/\/www.paysdesecrins.com\/wp-content\/uploads\/2025\/07\/village-d-alpinisme-1678981194-1-1024x256.jpg 1024w, https:\/\/www.paysdesecrins.com\/wp-content\/uploads\/2025\/07\/village-d-alpinisme-1678981194-1-768x192.jpg 768w, https:\/\/www.paysdesecrins.com\/wp-content\/uploads\/2025\/07\/village-d-alpinisme-1678981194-1-1536x384.jpg 1536w, https:\/\/www.paysdesecrins.com\/wp-content\/uploads\/2025\/07\/village-d-alpinisme-1678981194-1-960x240.jpg 960w\" sizes=\"auto, (max-width: 1920px) 100vw, 1920px\" \/>\n\t            \t        <\/div>\n\t        <div class=\"group-content\">\n\t            <div class=\"title\">\n\t                <h1>\n\t                    Schrijf u in voor onze nieuwsbrieven!\t                    \t                <\/h1>\n\t            <\/div>\n\t        <\/div>\n\t    <\/div>\n\t    \n<div class=\"yoast-breadcrumbs\"><span><span><a href=\"https:\/\/www.paysdesecrins.com\/nl\/de-titel-van-het-huis\/\">Accueil<\/a><\/span>  <span class=\"breadcrumb_last\" aria-current=\"page\">Schrijf u in voor onze nieuwsbrieven!<\/span><\/span><\/div>\n    <\/div>\n    \n<div class=\"wp-block-group has-global-padding is-layout-constrained wp-block-group-is-layout-constrained\">\n<iframe loading=\"lazy\" src=\"https:\/\/app-v4.avizi.fr\/widgets\/public\/12cd7d19abca2ab5fe6b474bd6974802\/902\" width=\"100%\" height=\"600px\" frameborder=\"0\"><\/iframe>\n<\/div>\n\n<p>Door u te abonneren op een van de nieuwsbrieven van het VVV-kantoor van de gemeenschap van Pays des \u00c9crins, geeft u ons toestemming om uw e-mailadres te verzamelen en op te slaan.<\/p>\n\n<p>Wij verzamelen persoonsgegevens die nodig zijn voor de geautomatiseerde verwerking van uw inschrijving, de opvolging ervan, het versturen van nieuwsbrieven, promoties en aanbiedingen of in het kader van kwaliteitsenqu\u00eates (via e-mails, sms-berichten, telefoongesprekken en post).<\/p>\n\n<p>U kunt zich op elk moment uitschrijven door te klikken op de hyperlink die daartoe onderaan elke communicatie is voorzien, door een e-mail te sturen naar partenariats@paysdesecrins.com, of per post naar OTC du Pays des \u00c9crins, 6 avenue de Vallouise, 05 120 l&#8217;Argenti\u00e8re-la Bess\u00e9e, mits bewijs van uw identiteit.<\/p>\n\n<p>In overeenstemming met de AVG hebt u het recht op toegang tot en rectificatie, bijwerking, overdraagbaarheid en verwijdering van uw gegevens die u kunt uitoefenen bij de verwerkingsverantwoordelijke van de OTC du Pays des \u00c9crins.  <\/p>\n\n<p>Tenzij u ons anders meedeelt in verband met een beperking van of bezwaar tegen de verwerking van uw persoonsgegevens, behouden wij ons het recht voor om deze informatie te gebruiken om u verschillende van de bovengenoemde documentatie te sturen. U hebt ook de mogelijkheid om een klacht in te dienen bij de CNIL. <\/p>\n\n<div class=\"wp-block-ws-library-ws-share\"><span class=\"share-subtitle\">Vond je deze pagina leuk?<\/span><span class=\"share-title\">Deel het!<\/span><button class=\"ws-share-button wp-element-button\">Deel deze pagina<\/button><\/div>\n","protected":false},"excerpt":{"rendered":"<p>Door u te abonneren op een van de nieuwsbrieven van het VVV-kantoor van de gemeenschap van Pays des \u00c9crins, geeft [&hellip;]<\/p>\n","protected":false},"author":1,"featured_media":41892,"parent":0,"menu_order":0,"comment_status":"closed","ping_status":"closed","template":"","meta":{"_thumbnail_id_2":0,"summer_excerpt":"","season":"","station":"","footnotes":""},"class_list":["post-45986","page","type-page","status-publish","has-post-thumbnail","hentry"],"yoast_head":"<!-- This site is optimized with the Yoast SEO plugin v27.3 - https:\/\/yoast.com\/product\/yoast-seo-wordpress\/ -->\n<title>Schrijf u in voor onze nieuwsbrieven! - Pays des \u00c9crins - Office de Tourisme<\/title>\n<meta name=\"robots\" content=\"index, follow, max-snippet:-1, max-image-preview:large, max-video-preview:-1\" \/>\n<link rel=\"canonical\" href=\"https:\/\/www.paysdesecrins.com\/nl\/schrijf-u-in-voor-onze-nieuwsbrieven\/\" \/>\n<meta property=\"og:locale\" content=\"nl_NL\" \/>\n<meta property=\"og:type\" content=\"article\" \/>\n<meta property=\"og:title\" content=\"Schrijf u in voor onze nieuwsbrieven! - Pays des \u00c9crins - Office de Tourisme\" \/>\n<meta property=\"og:description\" content=\"Door u te abonneren op een van de nieuwsbrieven van het VVV-kantoor van de gemeenschap van Pays des \u00c9crins, geeft [&hellip;]\" \/>\n<meta property=\"og:url\" content=\"https:\/\/www.paysdesecrins.com\/nl\/schrijf-u-in-voor-onze-nieuwsbrieven\/\" \/>\n<meta property=\"og:site_name\" content=\"Pays des \u00c9crins - Office de Tourisme\" \/>\n<meta property=\"article:modified_time\" content=\"2025-08-06T09:58:35+00:00\" \/>\n<meta property=\"og:image\" content=\"https:\/\/www.paysdesecrins.com\/wp-content\/uploads\/2025\/07\/dsc05066.webp\" \/>\n\t<meta property=\"og:image:width\" content=\"1536\" \/>\n\t<meta property=\"og:image:height\" content=\"864\" \/>\n\t<meta property=\"og:image:type\" content=\"image\/webp\" \/>\n<meta name=\"twitter:card\" content=\"summary_large_image\" \/>\n<meta name=\"twitter:label1\" content=\"Geschatte leestijd\" \/>\n\t<meta name=\"twitter:data1\" content=\"1 minuut\" \/>\n<script type=\"application\/ld+json\" class=\"yoast-schema-graph\">{\"@context\":\"https:\\\/\\\/schema.org\",\"@graph\":[{\"@type\":\"WebPage\",\"@id\":\"https:\\\/\\\/www.paysdesecrins.com\\\/nl\\\/schrijf-u-in-voor-onze-nieuwsbrieven\\\/\",\"url\":\"https:\\\/\\\/www.paysdesecrins.com\\\/nl\\\/schrijf-u-in-voor-onze-nieuwsbrieven\\\/\",\"name\":\"Schrijf u in voor onze nieuwsbrieven! - Pays des \u00c9crins - Office de Tourisme\",\"isPartOf\":{\"@id\":\"https:\\\/\\\/www.paysdesecrins.com\\\/nl\\\/#website\"},\"primaryImageOfPage\":{\"@id\":\"https:\\\/\\\/www.paysdesecrins.com\\\/nl\\\/schrijf-u-in-voor-onze-nieuwsbrieven\\\/#primaryimage\"},\"image\":{\"@id\":\"https:\\\/\\\/www.paysdesecrins.com\\\/nl\\\/schrijf-u-in-voor-onze-nieuwsbrieven\\\/#primaryimage\"},\"thumbnailUrl\":\"https:\\\/\\\/www.paysdesecrins.com\\\/wp-content\\\/uploads\\\/2025\\\/07\\\/dsc05066.webp\",\"datePublished\":\"2025-07-23T14:45:02+00:00\",\"dateModified\":\"2025-08-06T09:58:35+00:00\",\"breadcrumb\":{\"@id\":\"https:\\\/\\\/www.paysdesecrins.com\\\/nl\\\/schrijf-u-in-voor-onze-nieuwsbrieven\\\/#breadcrumb\"},\"inLanguage\":\"nl-NL\",\"potentialAction\":[{\"@type\":\"ReadAction\",\"target\":[\"https:\\\/\\\/www.paysdesecrins.com\\\/nl\\\/schrijf-u-in-voor-onze-nieuwsbrieven\\\/\"]}]},{\"@type\":\"ImageObject\",\"inLanguage\":\"nl-NL\",\"@id\":\"https:\\\/\\\/www.paysdesecrins.com\\\/nl\\\/schrijf-u-in-voor-onze-nieuwsbrieven\\\/#primaryimage\",\"url\":\"https:\\\/\\\/www.paysdesecrins.com\\\/wp-content\\\/uploads\\\/2025\\\/07\\\/dsc05066.webp\",\"contentUrl\":\"https:\\\/\\\/www.paysdesecrins.com\\\/wp-content\\\/uploads\\\/2025\\\/07\\\/dsc05066.webp\",\"width\":1536,\"height\":864},{\"@type\":\"BreadcrumbList\",\"@id\":\"https:\\\/\\\/www.paysdesecrins.com\\\/nl\\\/schrijf-u-in-voor-onze-nieuwsbrieven\\\/#breadcrumb\",\"itemListElement\":[{\"@type\":\"ListItem\",\"position\":1,\"name\":\"Accueil\",\"item\":\"https:\\\/\\\/www.paysdesecrins.com\\\/nl\\\/de-titel-van-het-huis\\\/\"},{\"@type\":\"ListItem\",\"position\":2,\"name\":\"Schrijf u in voor onze nieuwsbrieven!\"}]},{\"@type\":\"WebSite\",\"@id\":\"https:\\\/\\\/www.paysdesecrins.com\\\/nl\\\/#website\",\"url\":\"https:\\\/\\\/www.paysdesecrins.com\\\/nl\\\/\",\"name\":\"Pays des \u00c9crins - Office de Tourisme\",\"description\":\"L&#039;esprit montagne\",\"publisher\":{\"@id\":\"https:\\\/\\\/www.paysdesecrins.com\\\/nl\\\/#organization\"},\"potentialAction\":[{\"@type\":\"SearchAction\",\"target\":{\"@type\":\"EntryPoint\",\"urlTemplate\":\"https:\\\/\\\/www.paysdesecrins.com\\\/nl\\\/?s={search_term_string}\"},\"query-input\":{\"@type\":\"PropertyValueSpecification\",\"valueRequired\":true,\"valueName\":\"search_term_string\"}}],\"inLanguage\":\"nl-NL\"},{\"@type\":\"Organization\",\"@id\":\"https:\\\/\\\/www.paysdesecrins.com\\\/nl\\\/#organization\",\"name\":\"Pays des \u00c9crins - Office de Tourisme\",\"url\":\"https:\\\/\\\/www.paysdesecrins.com\\\/nl\\\/\",\"logo\":{\"@type\":\"ImageObject\",\"inLanguage\":\"nl-NL\",\"@id\":\"https:\\\/\\\/www.paysdesecrins.com\\\/nl\\\/#\\\/schema\\\/logo\\\/image\\\/\",\"url\":\"https:\\\/\\\/www.paysdesecrins.com\\\/wp-content\\\/uploads\\\/2025\\\/06\\\/devina-svg-1750845694.svg\",\"contentUrl\":\"https:\\\/\\\/www.paysdesecrins.com\\\/wp-content\\\/uploads\\\/2025\\\/06\\\/devina-svg-1750845694.svg\",\"caption\":\"Pays des \u00c9crins - Office de Tourisme\"},\"image\":{\"@id\":\"https:\\\/\\\/www.paysdesecrins.com\\\/nl\\\/#\\\/schema\\\/logo\\\/image\\\/\"}}]}<\/script>\n<!-- \/ Yoast SEO plugin. -->","yoast_head_json":{"title":"Schrijf u in voor onze nieuwsbrieven! - Pays des \u00c9crins - Office de Tourisme","robots":{"index":"index","follow":"follow","max-snippet":"max-snippet:-1","max-image-preview":"max-image-preview:large","max-video-preview":"max-video-preview:-1"},"canonical":"https:\/\/www.paysdesecrins.com\/nl\/schrijf-u-in-voor-onze-nieuwsbrieven\/","og_locale":"nl_NL","og_type":"article","og_title":"Schrijf u in voor onze nieuwsbrieven! - Pays des \u00c9crins - Office de Tourisme","og_description":"Door u te abonneren op een van de nieuwsbrieven van het VVV-kantoor van de gemeenschap van Pays des \u00c9crins, geeft [&hellip;]","og_url":"https:\/\/www.paysdesecrins.com\/nl\/schrijf-u-in-voor-onze-nieuwsbrieven\/","og_site_name":"Pays des \u00c9crins - Office de Tourisme","article_modified_time":"2025-08-06T09:58:35+00:00","og_image":[{"width":1536,"height":864,"url":"https:\/\/www.paysdesecrins.com\/wp-content\/uploads\/2025\/07\/dsc05066.webp","type":"image\/webp"}],"twitter_card":"summary_large_image","twitter_misc":{"Geschatte leestijd":"1 minuut"},"schema":{"@context":"https:\/\/schema.org","@graph":[{"@type":"WebPage","@id":"https:\/\/www.paysdesecrins.com\/nl\/schrijf-u-in-voor-onze-nieuwsbrieven\/","url":"https:\/\/www.paysdesecrins.com\/nl\/schrijf-u-in-voor-onze-nieuwsbrieven\/","name":"Schrijf u in voor onze nieuwsbrieven! - Pays des \u00c9crins - Office de Tourisme","isPartOf":{"@id":"https:\/\/www.paysdesecrins.com\/nl\/#website"},"primaryImageOfPage":{"@id":"https:\/\/www.paysdesecrins.com\/nl\/schrijf-u-in-voor-onze-nieuwsbrieven\/#primaryimage"},"image":{"@id":"https:\/\/www.paysdesecrins.com\/nl\/schrijf-u-in-voor-onze-nieuwsbrieven\/#primaryimage"},"thumbnailUrl":"https:\/\/www.paysdesecrins.com\/wp-content\/uploads\/2025\/07\/dsc05066.webp","datePublished":"2025-07-23T14:45:02+00:00","dateModified":"2025-08-06T09:58:35+00:00","breadcrumb":{"@id":"https:\/\/www.paysdesecrins.com\/nl\/schrijf-u-in-voor-onze-nieuwsbrieven\/#breadcrumb"},"inLanguage":"nl-NL","potentialAction":[{"@type":"ReadAction","target":["https:\/\/www.paysdesecrins.com\/nl\/schrijf-u-in-voor-onze-nieuwsbrieven\/"]}]},{"@type":"ImageObject","inLanguage":"nl-NL","@id":"https:\/\/www.paysdesecrins.com\/nl\/schrijf-u-in-voor-onze-nieuwsbrieven\/#primaryimage","url":"https:\/\/www.paysdesecrins.com\/wp-content\/uploads\/2025\/07\/dsc05066.webp","contentUrl":"https:\/\/www.paysdesecrins.com\/wp-content\/uploads\/2025\/07\/dsc05066.webp","width":1536,"height":864},{"@type":"BreadcrumbList","@id":"https:\/\/www.paysdesecrins.com\/nl\/schrijf-u-in-voor-onze-nieuwsbrieven\/#breadcrumb","itemListElement":[{"@type":"ListItem","position":1,"name":"Accueil","item":"https:\/\/www.paysdesecrins.com\/nl\/de-titel-van-het-huis\/"},{"@type":"ListItem","position":2,"name":"Schrijf u in voor onze nieuwsbrieven!"}]},{"@type":"WebSite","@id":"https:\/\/www.paysdesecrins.com\/nl\/#website","url":"https:\/\/www.paysdesecrins.com\/nl\/","name":"Pays des \u00c9crins - Office de Tourisme","description":"L&#039;esprit montagne","publisher":{"@id":"https:\/\/www.paysdesecrins.com\/nl\/#organization"},"potentialAction":[{"@type":"SearchAction","target":{"@type":"EntryPoint","urlTemplate":"https:\/\/www.paysdesecrins.com\/nl\/?s={search_term_string}"},"query-input":{"@type":"PropertyValueSpecification","valueRequired":true,"valueName":"search_term_string"}}],"inLanguage":"nl-NL"},{"@type":"Organization","@id":"https:\/\/www.paysdesecrins.com\/nl\/#organization","name":"Pays des \u00c9crins - Office de Tourisme","url":"https:\/\/www.paysdesecrins.com\/nl\/","logo":{"@type":"ImageObject","inLanguage":"nl-NL","@id":"https:\/\/www.paysdesecrins.com\/nl\/#\/schema\/logo\/image\/","url":"https:\/\/www.paysdesecrins.com\/wp-content\/uploads\/2025\/06\/devina-svg-1750845694.svg","contentUrl":"https:\/\/www.paysdesecrins.com\/wp-content\/uploads\/2025\/06\/devina-svg-1750845694.svg","caption":"Pays des \u00c9crins - Office de Tourisme"},"image":{"@id":"https:\/\/www.paysdesecrins.com\/nl\/#\/schema\/logo\/image\/"}}]}},"_links":{"self":[{"href":"https:\/\/www.paysdesecrins.com\/nl\/wp-json\/wp\/v2\/pages\/45986","targetHints":{"allow":["GET"]}}],"collection":[{"href":"https:\/\/www.paysdesecrins.com\/nl\/wp-json\/wp\/v2\/pages"}],"about":[{"href":"https:\/\/www.paysdesecrins.com\/nl\/wp-json\/wp\/v2\/types\/page"}],"author":[{"embeddable":true,"href":"https:\/\/www.paysdesecrins.com\/nl\/wp-json\/wp\/v2\/users\/1"}],"replies":[{"embeddable":true,"href":"https:\/\/www.paysdesecrins.com\/nl\/wp-json\/wp\/v2\/comments?post=45986"}],"version-history":[{"count":0,"href":"https:\/\/www.paysdesecrins.com\/nl\/wp-json\/wp\/v2\/pages\/45986\/revisions"}],"wp:featuredmedia":[{"embeddable":true,"href":"https:\/\/www.paysdesecrins.com\/nl\/wp-json\/wp\/v2\/media\/41892"}],"wp:attachment":[{"href":"https:\/\/www.paysdesecrins.com\/nl\/wp-json\/wp\/v2\/media?parent=45986"}],"curies":[{"name":"wp","href":"https:\/\/api.w.org\/{rel}","templated":true}]}}