{"id":46017,"date":"2025-07-23T15:21:26","date_gmt":"2025-07-23T13:21:26","guid":{"rendered":"https:\/\/www.paysdesecrins.com\/mijn-verlangen-om\/berg\/dome-des-ecrins-en-roche-faurio-op-skitochten\/"},"modified":"2025-08-01T10:35:42","modified_gmt":"2025-08-01T08:35:42","slug":"dome-des-ecrins-en-roche-faurio-op-skitochten","status":"publish","type":"page","link":"https:\/\/www.paysdesecrins.com\/nl\/mijn-verlangen-om\/berg\/dome-des-ecrins-en-roche-faurio-op-skitochten\/","title":{"rendered":"D\u00f4me des \u00c9crins en Roche Faurio op skitochten!"},"content":{"rendered":"    <div class=\"alignfull wp-block-ws-library-ws-header-interne\">\n\t    <div class=\"header-container\">\n\t        <div class=\"group-media has-image\">\n\t            \t                <img loading=\"lazy\" decoding=\"async\" width=\"1200\" height=\"800\" src=\"https:\/\/www.paysdesecrins.com\/wp-content\/uploads\/2025\/07\/1681827665-84422455-1200x800.jpg\" alt=\"\" class=\"image_large_square wp-image-42101\" srcset=\"https:\/\/www.paysdesecrins.com\/wp-content\/uploads\/2025\/07\/1681827665-84422455-1200x800.jpg 1200w, https:\/\/www.paysdesecrins.com\/wp-content\/uploads\/2025\/07\/1681827665-84422455-960x640.jpg 960w\" sizes=\"auto, (max-width: 1200px) 100vw, 1200px\" \/>\n\t            \t        <\/div>\n\t        <div class=\"group-content\">\n\t            <div class=\"title\">\n\t                <h1>\n\t                    D\u00f4me des \u00c9crins en Roche Faurio op skitochten!\t                    \t                <\/h1>\n\t            <\/div>\n\t        <\/div>\n\t    <\/div>\n\t    \n<div class=\"yoast-breadcrumbs\"><span><span><a href=\"https:\/\/www.paysdesecrins.com\/nl\/de-titel-van-het-huis\/\">Accueil<\/a><\/span>  <span><a href=\"https:\/\/www.paysdesecrins.com\/nl\/mijn-verlangen-om\/\">Mijn verlangen om<\/a><\/span>  <span><a href=\"https:\/\/www.paysdesecrins.com\/nl\/mijn-verlangen-om\/berg\/\">Mijn verlangen naar de bergen<\/a><\/span>  <span class=\"breadcrumb_last\" aria-current=\"page\">D\u00f4me des \u00c9crins en Roche Faurio op skitochten!<\/span><\/span><\/div>\n    <\/div>\n    \n<div class=\"wp-block-ws-library-ws-title aligncenter is-style-simple\"><h2><em>Micro-avontuur<\/em>3 vrienden, <br><br>2 dagen in de bergen&#8230;<\/h2><\/div>\n\n<p class=\"has-text-align-center\">Wij zijn drie vrienden, studenten en verslaafd aan het geluk van gedeelde momenten in de bergen. Dit weekend hadden we twee wensen: naar de top van de <strong>D\u00f4me de Neige des \u00c9crins<\/strong> (4015 m) klimmen en zijn buurman, <strong>Roche Faurio<\/strong> (3730 m), op skitochten.   <\/p>\n\n<p class=\"has-text-align-center\">De maand april in het hooggebergte betekent profiteren van de goede omstandigheden die het ski\u00ebn in de lente op deze hoogten biedt. Dus we hadden twee dagen om te genieten van de laatste kleine sneeuwval van de dag ervoor en te genieten van het samenzijn op zo&#8217;n mooie plek. <\/p>\n\n<div class=\"wp-block-ws-library-ws-columns alignwide has-2-columns are-vertically-aligned-center layout-5050 is-style-background\">\n<div class=\"wp-block-ws-library-ws-column\"><div class=\"wrapper\">\n<div class=\"wp-block-ws-library-ws-title\"><h3>Roche Faurio&#8230;<\/h3><\/div>\n\n\n\n<p class=\"has-text-align-center\">Vertrek op zaterdag, 5.30 uur, vanaf de voorjaarsparkeerplaats Pr\u00e9 <strong>de Madame Carle<\/strong>. Zonsopgang boven de Pelvoux, gestage klim naar de <strong>Glacier Blanc<\/strong>, felle zon en ideale temperatuur om de hele dag te genieten van prachtige poedersneeuw.   <\/p>\n\n\n\n<p>14 uur, aankomst op de top van <strong>de Roche Faurio<\/strong>, na 2118 m hoogteverschil. De pauze is welverdiend en biedt ons een onbelemmerd uitzicht op de top van de volgende dag; Hoe goed is de chocolade die we met z&#8217;n drie\u00ebn aan de top delen! Tijd voor de afdaling, alleen op de wereld, met deze prachtige poeder die nog niet is getraceerd, is het leven niet prachtig?!    <\/p>\n<\/div><\/div>\n\n\n\n<div class=\"wp-block-ws-library-ws-column\"><div class=\"wrapper\">\n<div class=\"wp-block-ws-library-ws-image\"><div class=\"wrapper\"><div class=\"group-media\"><img decoding=\"async\" src=\"https:\/\/www.paysdesecrins.com\/wp-content\/uploads\/2025\/07\/1681828134-1430740563-960x640.jpg\" alt=\"\" class=\"single_image ws-image-42111\"><div class=\"credits\"><\/div><\/div><p class=\"caption\"><\/p><\/div><\/div>\n<\/div><\/div>\n<\/div>\n\n<div class=\"wp-block-ws-library-ws-title aligncenter\"><h3>Refuge des \u00c9crins<\/h3><\/div>\n\n<p class=\"has-text-align-center\">Het<strong> toevluchtsoord van \u00c9crins<\/strong> is compleet, er staat een glimlach op ieders gezicht, we voelen ons gelukkig en bevoorrecht. Een goede maaltijd gekookt door de twee verzorgers, een adembenemend uitzicht op de omliggende bergtoppen bij zonsondergang, verrijkende uitwisselingen met collega&#8217;s die aan onze tafel zitten en een goede nachtrust: wat een mooie dag&#8230; <\/p>\n\n<div class=\"wp-block-ws-library-ws-slider alignwide\"><div class=\"splide\" data-splide=\"{\"type\":\"slide\",\"heightRatio\":\"auto\",\"perPage\":4,\"perMove\":1,\"drag\":true,\"pagination\":0,\"autoplay\":false,\"gap\":\"2px\",\"breakpoints\":{\"450\":{\"perPage\":1},\"768\":{\"perPage\":2},\"992\":{\"perPage\":3},\"1200\":{\"perPage\":4}}}\"><div class=\"splide__track\"><div class=\"splide__list\"><div class=\"splide__slide\"><a href=\"https:\/\/www.paysdesecrins.com\/wp-content\/uploads\/2025\/07\/1681828342-451956307-400x400.jpg\" data-glightbox=\"true\" class=\"lightbox-trigger\"><img decoding=\"async\" src=\"https:\/\/www.paysdesecrins.com\/wp-content\/uploads\/2025\/07\/1681828342-451956307-400x400.jpg\" alt=\"\"><\/a><\/div><div class=\"splide__slide\"><a href=\"https:\/\/www.paysdesecrins.com\/wp-content\/uploads\/2025\/07\/1681828342-1514261269-400x400.jpg\" data-glightbox=\"true\" class=\"lightbox-trigger\"><img decoding=\"async\" src=\"https:\/\/www.paysdesecrins.com\/wp-content\/uploads\/2025\/07\/1681828342-1514261269-400x400.jpg\" alt=\"\"><\/a><\/div><div class=\"splide__slide\"><a href=\"https:\/\/www.paysdesecrins.com\/wp-content\/uploads\/2025\/07\/1681828342-1239762237-400x400.jpg\" data-glightbox=\"true\" class=\"lightbox-trigger\"><img decoding=\"async\" src=\"https:\/\/www.paysdesecrins.com\/wp-content\/uploads\/2025\/07\/1681828342-1239762237-400x400.jpg\" alt=\"\"><\/a><\/div><\/div><\/div><\/div><\/div>\n\n<div class=\"wp-block-ws-library-ws-columns alignwide has-2-columns are-vertically-aligned-center layout-5050 is-style-background\">\n<div class=\"wp-block-ws-library-ws-column\"><div class=\"wrapper\">\n<div class=\"wp-block-ws-library-ws-title\"><h3>D\u00f4me des \u00c9crins&#8230;<\/h3><\/div>\n\n\n\n<p class=\"has-text-align-center\">Vertrek op zondag, 6 uur, de weinige touwploegen volgen elkaar op, koplampen aan. We zijn getuige van een prachtige zonsopgang boven de Barre en de D\u00f4me des \u00c9crins, daarboven is de sneeuw helemaal roze.   <\/p>\n\n\n\n<p>Een paar verbouwingen en 1000 m hoogteverschil tussen de seracs later en we zijn er. De laatste meters moeten worden afgelegd in stijgijzers op blauwachtig ijs. Het uitzicht vanaf de top is adembenemend, 360\u00b0 op het massief.  <\/p>\n\n\n\n<p>Maar we mogen niet wachten, het is warmer vandaag en een afdaling van 2200 meter wacht op ons om de Pr\u00e9 de Madame Carle te bereiken.<\/p>\n\n\n\n<p><a href=\"https:\/\/www.paysdesecrins.com\/sites\/ot-paysdesecrins\/files\/styles\/gallery_lightbox\/public\/content\/images\/1681828637-656774628.jpg?itok=OxQNjmEm\"><\/a><\/p>\n<\/div><\/div>\n\n\n\n<div class=\"wp-block-ws-library-ws-column\"><div class=\"wrapper\">\n<div class=\"wp-block-ws-library-ws-image\"><div class=\"wrapper\"><div class=\"group-media\"><img decoding=\"async\" src=\"https:\/\/www.paysdesecrins.com\/wp-content\/uploads\/2025\/07\/1681828637-1946989482-853x640.jpg\" alt=\"\" class=\"single_image ws-image-42134\"><div class=\"credits\"><\/div><\/div><p class=\"caption\"><\/p><\/div><\/div>\n<\/div><\/div>\n<\/div>\n\n<div class=\"wp-block-ws-library-ws-quote\"><blockquote class=\"quote-container quote-align-undefined\"><p class=\"quote-content\">Nog steeds goede herinneringen in de bergen, voor mij zijn ze daar het beste.<br>Bedankt vrienden, we zien je snel!  <\/p><footer><cite class=\"quote-subcontent\">CLAUDE Margaux, stagiair bij GEOTREK Pays des \u00c9crins<\/cite><\/footer><\/blockquote><\/div>\n\n<div class=\"wp-block-ws-library-ws-share\"><span class=\"share-subtitle\">Vond je deze pagina leuk?<\/span><span class=\"share-title\">Deel het!<\/span><button class=\"ws-share-button wp-element-button\">Deel deze pagina<\/button><\/div>\n","protected":false},"excerpt":{"rendered":"<p>Wij zijn drie vrienden, studenten en verslaafd aan het geluk van gedeelde momenten in de bergen. Dit weekend hadden we [&hellip;]<\/p>\n","protected":false},"author":4,"featured_media":42107,"parent":44575,"menu_order":0,"comment_status":"closed","ping_status":"closed","template":"","meta":{"_thumbnail_id_2":0,"summer_excerpt":"","season":"","station":"","footnotes":""},"class_list":["post-46017","page","type-page","status-publish","has-post-thumbnail","hentry"],"yoast_head":"<!-- This site is optimized with the Yoast SEO plugin v27.3 - https:\/\/yoast.com\/product\/yoast-seo-wordpress\/ -->\n<title>D\u00f4me des \u00c9crins en Roche Faurio op skitochten! - Pays des \u00c9crins - Office de Tourisme<\/title>\n<meta name=\"robots\" content=\"index, follow, max-snippet:-1, max-image-preview:large, max-video-preview:-1\" \/>\n<link rel=\"canonical\" href=\"https:\/\/www.paysdesecrins.com\/nl\/mijn-verlangen-om\/berg\/dome-des-ecrins-en-roche-faurio-op-skitochten\/\" \/>\n<meta property=\"og:locale\" content=\"nl_NL\" \/>\n<meta property=\"og:type\" content=\"article\" \/>\n<meta property=\"og:title\" content=\"D\u00f4me des \u00c9crins en Roche Faurio op skitochten! - Pays des \u00c9crins - Office de Tourisme\" \/>\n<meta property=\"og:description\" content=\"Wij zijn drie vrienden, studenten en verslaafd aan het geluk van gedeelde momenten in de bergen. Dit weekend hadden we [&hellip;]\" \/>\n<meta property=\"og:url\" content=\"https:\/\/www.paysdesecrins.com\/nl\/mijn-verlangen-om\/berg\/dome-des-ecrins-en-roche-faurio-op-skitochten\/\" \/>\n<meta property=\"og:site_name\" content=\"Pays des \u00c9crins - Office de Tourisme\" \/>\n<meta property=\"article:modified_time\" content=\"2025-08-01T08:35:42+00:00\" \/>\n<meta property=\"og:image\" content=\"https:\/\/www.paysdesecrins.com\/wp-content\/uploads\/2025\/07\/1681827665-84422455-1.jpg\" \/>\n\t<meta property=\"og:image:width\" content=\"1200\" \/>\n\t<meta property=\"og:image:height\" content=\"900\" \/>\n\t<meta property=\"og:image:type\" content=\"image\/jpeg\" \/>\n<meta name=\"twitter:card\" content=\"summary_large_image\" \/>\n<meta name=\"twitter:label1\" content=\"Geschatte leestijd\" \/>\n\t<meta name=\"twitter:data1\" content=\"2 minuten\" \/>\n<script type=\"application\/ld+json\" class=\"yoast-schema-graph\">{\"@context\":\"https:\\\/\\\/schema.org\",\"@graph\":[{\"@type\":\"WebPage\",\"@id\":\"https:\\\/\\\/www.paysdesecrins.com\\\/nl\\\/mijn-verlangen-om\\\/berg\\\/dome-des-ecrins-en-roche-faurio-op-skitochten\\\/\",\"url\":\"https:\\\/\\\/www.paysdesecrins.com\\\/nl\\\/mijn-verlangen-om\\\/berg\\\/dome-des-ecrins-en-roche-faurio-op-skitochten\\\/\",\"name\":\"D\u00f4me des \u00c9crins en Roche Faurio op skitochten! - Pays des \u00c9crins - Office de Tourisme\",\"isPartOf\":{\"@id\":\"https:\\\/\\\/www.paysdesecrins.com\\\/nl\\\/#website\"},\"primaryImageOfPage\":{\"@id\":\"https:\\\/\\\/www.paysdesecrins.com\\\/nl\\\/mijn-verlangen-om\\\/berg\\\/dome-des-ecrins-en-roche-faurio-op-skitochten\\\/#primaryimage\"},\"image\":{\"@id\":\"https:\\\/\\\/www.paysdesecrins.com\\\/nl\\\/mijn-verlangen-om\\\/berg\\\/dome-des-ecrins-en-roche-faurio-op-skitochten\\\/#primaryimage\"},\"thumbnailUrl\":\"https:\\\/\\\/www.paysdesecrins.com\\\/wp-content\\\/uploads\\\/2025\\\/07\\\/1681827665-84422455-1.jpg\",\"datePublished\":\"2025-07-23T13:21:26+00:00\",\"dateModified\":\"2025-08-01T08:35:42+00:00\",\"breadcrumb\":{\"@id\":\"https:\\\/\\\/www.paysdesecrins.com\\\/nl\\\/mijn-verlangen-om\\\/berg\\\/dome-des-ecrins-en-roche-faurio-op-skitochten\\\/#breadcrumb\"},\"inLanguage\":\"nl-NL\",\"potentialAction\":[{\"@type\":\"ReadAction\",\"target\":[\"https:\\\/\\\/www.paysdesecrins.com\\\/nl\\\/mijn-verlangen-om\\\/berg\\\/dome-des-ecrins-en-roche-faurio-op-skitochten\\\/\"]}]},{\"@type\":\"ImageObject\",\"inLanguage\":\"nl-NL\",\"@id\":\"https:\\\/\\\/www.paysdesecrins.com\\\/nl\\\/mijn-verlangen-om\\\/berg\\\/dome-des-ecrins-en-roche-faurio-op-skitochten\\\/#primaryimage\",\"url\":\"https:\\\/\\\/www.paysdesecrins.com\\\/wp-content\\\/uploads\\\/2025\\\/07\\\/1681827665-84422455-1.jpg\",\"contentUrl\":\"https:\\\/\\\/www.paysdesecrins.com\\\/wp-content\\\/uploads\\\/2025\\\/07\\\/1681827665-84422455-1.jpg\",\"width\":1200,\"height\":900},{\"@type\":\"BreadcrumbList\",\"@id\":\"https:\\\/\\\/www.paysdesecrins.com\\\/nl\\\/mijn-verlangen-om\\\/berg\\\/dome-des-ecrins-en-roche-faurio-op-skitochten\\\/#breadcrumb\",\"itemListElement\":[{\"@type\":\"ListItem\",\"position\":1,\"name\":\"Accueil\",\"item\":\"https:\\\/\\\/www.paysdesecrins.com\\\/nl\\\/de-titel-van-het-huis\\\/\"},{\"@type\":\"ListItem\",\"position\":2,\"name\":\"Mijn verlangen om\",\"item\":\"https:\\\/\\\/www.paysdesecrins.com\\\/nl\\\/mijn-verlangen-om\\\/\"},{\"@type\":\"ListItem\",\"position\":3,\"name\":\"Mijn verlangen naar de bergen\",\"item\":\"https:\\\/\\\/www.paysdesecrins.com\\\/nl\\\/mijn-verlangen-om\\\/berg\\\/\"},{\"@type\":\"ListItem\",\"position\":4,\"name\":\"D\u00f4me des \u00c9crins en Roche Faurio op skitochten!\"}]},{\"@type\":\"WebSite\",\"@id\":\"https:\\\/\\\/www.paysdesecrins.com\\\/nl\\\/#website\",\"url\":\"https:\\\/\\\/www.paysdesecrins.com\\\/nl\\\/\",\"name\":\"Pays des \u00c9crins - Office de Tourisme\",\"description\":\"L&#039;esprit montagne\",\"publisher\":{\"@id\":\"https:\\\/\\\/www.paysdesecrins.com\\\/nl\\\/#organization\"},\"potentialAction\":[{\"@type\":\"SearchAction\",\"target\":{\"@type\":\"EntryPoint\",\"urlTemplate\":\"https:\\\/\\\/www.paysdesecrins.com\\\/nl\\\/?s={search_term_string}\"},\"query-input\":{\"@type\":\"PropertyValueSpecification\",\"valueRequired\":true,\"valueName\":\"search_term_string\"}}],\"inLanguage\":\"nl-NL\"},{\"@type\":\"Organization\",\"@id\":\"https:\\\/\\\/www.paysdesecrins.com\\\/nl\\\/#organization\",\"name\":\"Pays des \u00c9crins - Office de Tourisme\",\"url\":\"https:\\\/\\\/www.paysdesecrins.com\\\/nl\\\/\",\"logo\":{\"@type\":\"ImageObject\",\"inLanguage\":\"nl-NL\",\"@id\":\"https:\\\/\\\/www.paysdesecrins.com\\\/nl\\\/#\\\/schema\\\/logo\\\/image\\\/\",\"url\":\"https:\\\/\\\/www.paysdesecrins.com\\\/wp-content\\\/uploads\\\/2025\\\/06\\\/devina-svg-1750845694.svg\",\"contentUrl\":\"https:\\\/\\\/www.paysdesecrins.com\\\/wp-content\\\/uploads\\\/2025\\\/06\\\/devina-svg-1750845694.svg\",\"caption\":\"Pays des \u00c9crins - Office de Tourisme\"},\"image\":{\"@id\":\"https:\\\/\\\/www.paysdesecrins.com\\\/nl\\\/#\\\/schema\\\/logo\\\/image\\\/\"}}]}<\/script>\n<!-- \/ Yoast SEO plugin. -->","yoast_head_json":{"title":"D\u00f4me des \u00c9crins en Roche Faurio op skitochten! - Pays des \u00c9crins - Office de Tourisme","robots":{"index":"index","follow":"follow","max-snippet":"max-snippet:-1","max-image-preview":"max-image-preview:large","max-video-preview":"max-video-preview:-1"},"canonical":"https:\/\/www.paysdesecrins.com\/nl\/mijn-verlangen-om\/berg\/dome-des-ecrins-en-roche-faurio-op-skitochten\/","og_locale":"nl_NL","og_type":"article","og_title":"D\u00f4me des \u00c9crins en Roche Faurio op skitochten! - Pays des \u00c9crins - Office de Tourisme","og_description":"Wij zijn drie vrienden, studenten en verslaafd aan het geluk van gedeelde momenten in de bergen. Dit weekend hadden we [&hellip;]","og_url":"https:\/\/www.paysdesecrins.com\/nl\/mijn-verlangen-om\/berg\/dome-des-ecrins-en-roche-faurio-op-skitochten\/","og_site_name":"Pays des \u00c9crins - Office de Tourisme","article_modified_time":"2025-08-01T08:35:42+00:00","og_image":[{"width":1200,"height":900,"url":"https:\/\/www.paysdesecrins.com\/wp-content\/uploads\/2025\/07\/1681827665-84422455-1.jpg","type":"image\/jpeg"}],"twitter_card":"summary_large_image","twitter_misc":{"Geschatte leestijd":"2 minuten"},"schema":{"@context":"https:\/\/schema.org","@graph":[{"@type":"WebPage","@id":"https:\/\/www.paysdesecrins.com\/nl\/mijn-verlangen-om\/berg\/dome-des-ecrins-en-roche-faurio-op-skitochten\/","url":"https:\/\/www.paysdesecrins.com\/nl\/mijn-verlangen-om\/berg\/dome-des-ecrins-en-roche-faurio-op-skitochten\/","name":"D\u00f4me des \u00c9crins en Roche Faurio op skitochten! - Pays des \u00c9crins - Office de Tourisme","isPartOf":{"@id":"https:\/\/www.paysdesecrins.com\/nl\/#website"},"primaryImageOfPage":{"@id":"https:\/\/www.paysdesecrins.com\/nl\/mijn-verlangen-om\/berg\/dome-des-ecrins-en-roche-faurio-op-skitochten\/#primaryimage"},"image":{"@id":"https:\/\/www.paysdesecrins.com\/nl\/mijn-verlangen-om\/berg\/dome-des-ecrins-en-roche-faurio-op-skitochten\/#primaryimage"},"thumbnailUrl":"https:\/\/www.paysdesecrins.com\/wp-content\/uploads\/2025\/07\/1681827665-84422455-1.jpg","datePublished":"2025-07-23T13:21:26+00:00","dateModified":"2025-08-01T08:35:42+00:00","breadcrumb":{"@id":"https:\/\/www.paysdesecrins.com\/nl\/mijn-verlangen-om\/berg\/dome-des-ecrins-en-roche-faurio-op-skitochten\/#breadcrumb"},"inLanguage":"nl-NL","potentialAction":[{"@type":"ReadAction","target":["https:\/\/www.paysdesecrins.com\/nl\/mijn-verlangen-om\/berg\/dome-des-ecrins-en-roche-faurio-op-skitochten\/"]}]},{"@type":"ImageObject","inLanguage":"nl-NL","@id":"https:\/\/www.paysdesecrins.com\/nl\/mijn-verlangen-om\/berg\/dome-des-ecrins-en-roche-faurio-op-skitochten\/#primaryimage","url":"https:\/\/www.paysdesecrins.com\/wp-content\/uploads\/2025\/07\/1681827665-84422455-1.jpg","contentUrl":"https:\/\/www.paysdesecrins.com\/wp-content\/uploads\/2025\/07\/1681827665-84422455-1.jpg","width":1200,"height":900},{"@type":"BreadcrumbList","@id":"https:\/\/www.paysdesecrins.com\/nl\/mijn-verlangen-om\/berg\/dome-des-ecrins-en-roche-faurio-op-skitochten\/#breadcrumb","itemListElement":[{"@type":"ListItem","position":1,"name":"Accueil","item":"https:\/\/www.paysdesecrins.com\/nl\/de-titel-van-het-huis\/"},{"@type":"ListItem","position":2,"name":"Mijn verlangen om","item":"https:\/\/www.paysdesecrins.com\/nl\/mijn-verlangen-om\/"},{"@type":"ListItem","position":3,"name":"Mijn verlangen naar de bergen","item":"https:\/\/www.paysdesecrins.com\/nl\/mijn-verlangen-om\/berg\/"},{"@type":"ListItem","position":4,"name":"D\u00f4me des \u00c9crins en Roche Faurio op skitochten!"}]},{"@type":"WebSite","@id":"https:\/\/www.paysdesecrins.com\/nl\/#website","url":"https:\/\/www.paysdesecrins.com\/nl\/","name":"Pays des \u00c9crins - Office de Tourisme","description":"L&#039;esprit montagne","publisher":{"@id":"https:\/\/www.paysdesecrins.com\/nl\/#organization"},"potentialAction":[{"@type":"SearchAction","target":{"@type":"EntryPoint","urlTemplate":"https:\/\/www.paysdesecrins.com\/nl\/?s={search_term_string}"},"query-input":{"@type":"PropertyValueSpecification","valueRequired":true,"valueName":"search_term_string"}}],"inLanguage":"nl-NL"},{"@type":"Organization","@id":"https:\/\/www.paysdesecrins.com\/nl\/#organization","name":"Pays des \u00c9crins - Office de Tourisme","url":"https:\/\/www.paysdesecrins.com\/nl\/","logo":{"@type":"ImageObject","inLanguage":"nl-NL","@id":"https:\/\/www.paysdesecrins.com\/nl\/#\/schema\/logo\/image\/","url":"https:\/\/www.paysdesecrins.com\/wp-content\/uploads\/2025\/06\/devina-svg-1750845694.svg","contentUrl":"https:\/\/www.paysdesecrins.com\/wp-content\/uploads\/2025\/06\/devina-svg-1750845694.svg","caption":"Pays des \u00c9crins - Office de Tourisme"},"image":{"@id":"https:\/\/www.paysdesecrins.com\/nl\/#\/schema\/logo\/image\/"}}]}},"_links":{"self":[{"href":"https:\/\/www.paysdesecrins.com\/nl\/wp-json\/wp\/v2\/pages\/46017","targetHints":{"allow":["GET"]}}],"collection":[{"href":"https:\/\/www.paysdesecrins.com\/nl\/wp-json\/wp\/v2\/pages"}],"about":[{"href":"https:\/\/www.paysdesecrins.com\/nl\/wp-json\/wp\/v2\/types\/page"}],"author":[{"embeddable":true,"href":"https:\/\/www.paysdesecrins.com\/nl\/wp-json\/wp\/v2\/users\/4"}],"replies":[{"embeddable":true,"href":"https:\/\/www.paysdesecrins.com\/nl\/wp-json\/wp\/v2\/comments?post=46017"}],"version-history":[{"count":0,"href":"https:\/\/www.paysdesecrins.com\/nl\/wp-json\/wp\/v2\/pages\/46017\/revisions"}],"up":[{"embeddable":true,"href":"https:\/\/www.paysdesecrins.com\/nl\/wp-json\/wp\/v2\/pages\/44575"}],"wp:featuredmedia":[{"embeddable":true,"href":"https:\/\/www.paysdesecrins.com\/nl\/wp-json\/wp\/v2\/media\/42107"}],"wp:attachment":[{"href":"https:\/\/www.paysdesecrins.com\/nl\/wp-json\/wp\/v2\/media?parent=46017"}],"curies":[{"name":"wp","href":"https:\/\/api.w.org\/{rel}","templated":true}]}}