{"id":48779,"date":"2025-07-29T10:26:48","date_gmt":"2025-07-29T08:26:48","guid":{"rendered":"https:\/\/www.paysdesecrins.com\/toegang-en-shuttles\/weg-bus\/"},"modified":"2025-08-22T10:40:19","modified_gmt":"2025-08-22T08:40:19","slug":"weg-bus","status":"publish","type":"page","link":"https:\/\/www.paysdesecrins.com\/nl\/ik-kies\/toegang-en-shuttles\/weg-bus\/","title":{"rendered":"Weg\/Bus"},"content":{"rendered":"    <div class=\"alignfull wp-block-ws-library-ws-header-interne\">\n\t    <div class=\"header-container\">\n\t        <div class=\"group-media has-image\">\n\t            \t                <img loading=\"lazy\" decoding=\"async\" width=\"1200\" height=\"800\" src=\"https:\/\/www.paysdesecrins.com\/wp-content\/uploads\/2025\/07\/1596546037-434450263-1.jpg\" alt=\"\" class=\"image_large_square wp-image-48772\" srcset=\"https:\/\/www.paysdesecrins.com\/wp-content\/uploads\/2025\/07\/1596546037-434450263-1.jpg 1200w, https:\/\/www.paysdesecrins.com\/wp-content\/uploads\/2025\/07\/1596546037-434450263-1-300x200.jpg 300w, https:\/\/www.paysdesecrins.com\/wp-content\/uploads\/2025\/07\/1596546037-434450263-1-1024x683.jpg 1024w, https:\/\/www.paysdesecrins.com\/wp-content\/uploads\/2025\/07\/1596546037-434450263-1-768x512.jpg 768w, https:\/\/www.paysdesecrins.com\/wp-content\/uploads\/2025\/07\/1596546037-434450263-1-960x640.jpg 960w\" sizes=\"auto, (max-width: 1200px) 100vw, 1200px\" \/>\n\t            \t        <\/div>\n\t        <div class=\"group-content\">\n\t            <div class=\"title\">\n\t                <h1>\n\t                    Weg\/Bus\t                    \t                <\/h1>\n\t            <\/div>\n\t        <\/div>\n\t    <\/div>\n\t    \n<div class=\"yoast-breadcrumbs\"><span><span><a href=\"https:\/\/www.paysdesecrins.com\/nl\/de-titel-van-het-huis\/\">Accueil<\/a><\/span>  <span><a href=\"https:\/\/www.paysdesecrins.com\/nl\/ik-kies\/\">Ik kies<\/a><\/span>  <span><a href=\"https:\/\/www.paysdesecrins.com\/nl\/ik-kies\/toegang-en-shuttles\/\">Toegang en vervoer<\/a><\/span>  <span class=\"breadcrumb_last\" aria-current=\"page\">Weg\/Bus<\/span><\/span><\/div>\n    <\/div>\n    \n<div class=\"wp-block-ws-library-ws-title aligncenter is-style-simple\"><h2>Toegang tot het Pays des \u00c9crins met de auto<\/h2><\/div>\n\n<div class=\"wp-block-ws-library-ws-image\"><div class=\"wrapper\"><div class=\"group-media\"><img decoding=\"async\" src=\"https:\/\/www.paysdesecrins.com\/wp-content\/uploads\/2025\/08\/plan-acces-pays-des-ecrins-905x640.png\" alt=\"\" class=\"single_image ws-image-91894\"><div class=\"credits\"><\/div><\/div><p class=\"caption\"><\/p><\/div><\/div>\n\n<div class=\"wp-block-ws-library-ws-title\"><h3><em>Naar het Pays des \u00c9crins komen met de<\/em>trein, bus en carpooling!<\/h3><\/div>\n\n<p>U kunt bijvoorbeeld direct uw tickets vinden voor: <a href=\"https:\/\/www.tictactrip.eu\/search\/paris\/largentiere-les-ecrins?utm_source=paysdesecrins.com&amp;utm_medium=referral&amp;utm_campaign=BL-FR-SKI-PAYS-DES-ECRINS\" target=\"_blank\" rel=\"noreferrer noopener\">Parijs \u2013 L&#8217;Argenti\u00e8re-les-\u00c9crins<\/a>, <a href=\"https:\/\/www.tictactrip.eu\/search\/lyon\/largentiere-les-ecrins?utm_source=paysdesecrins.com&amp;utm_medium=referral&amp;utm_campaign=BL-FR-SKI-PAYS-DES-ECRINS\" target=\"_blank\" rel=\"noreferrer noopener\">trein Marseille \u2013 L&#8217;Argenti\u00e8re-les-\u00c9crins <\/a>, of bus <a href=\"https:\/\/www.tictactrip.eu\/search\/cluses\/largentiere-les-ecrins?utm_source=paysdesecrins.com&amp;utm_medium=referral&amp;utm_campaign=BL-FR-SKI-PAYS-DES-ECRINS\" target=\"_blank\" rel=\"noreferrer noopener\">Chamb\u00e9ry \u2013 L&#8217;Argenti\u00e8re-les-\u00c9crins<\/a> en nog veel meer&#8230;<\/p>\n<p><a href=\"https:\/\/www.tictactrip.eu\" id=\"ttt-widget\" data-iframe-partnerId=\"WB-SKI-PAYS-DES-ECRINS\">. <\/a><br \/>\n<script async type=\"text\/javascript\" src=\"https:\/\/widgetbooking.tictactrip.eu\/index.js\"><\/script><\/p>\n\n<div class=\"wp-block-ws-library-ws-title\"><h3><em>Komst&nbsp;<\/em><strong>noordelijk&nbsp;<\/strong><\/h3><\/div>\n\n<p>Neem de <strong>snelweg A48<\/strong> naar Grenoble en neem vervolgens de Col du Lautaret (RN91). Steek Brian\u00e7on over in de richting van Gap. Je komt het Pays des \u00c9crins binnen vanuit Saint-Martin de Queyri\u00e8res.<\/p>\n\n<div class=\"wp-block-ws-library-ws-title\"><h3><em>Komst&nbsp;<\/em><strong>zuidelijk&nbsp;<\/strong><\/h3><\/div>\n\n<p>Neem de snelweg <strong>A51<\/strong> naar La Saulce en ga vervolgens richting Brian\u00e7on (RN 94). Je komt het Pays des \u00c9crins binnen vanuit La Roche de Rame. <\/p>\n\n<div class=\"wp-block-ws-library-ws-title\"><h3><em>Vanuit<\/em><strong>het buitenland<\/strong><\/h3><\/div>\n\n<p><strong>Uit Itali\u00eb <br\/><\/strong>Neem de snelweg <strong>A43<\/strong> vanaf de Maurienne via de Fr\u00e9jus-tunnel en vervolgens de Col de Montgen\u00e8vre. Steek Brian\u00e7on over in de richting van Gap. Je komt het Pays des \u00c9crins binnen vanuit Saint-Martin de Queyri\u00e8res.  <br\/><br\/><strong>Vanuit Belgi\u00eb<br\/><\/strong>Volg de snelweg <strong>A26<\/strong> naar Dijon. Ga verder richting Lyon, neem vervolgens de snelweg A43 van de Maurienne door de Fr\u00e9jus-tunnel en neem vervolgens de Col de Montgen\u00e8vre. Steek Brian\u00e7on over in de richting van Gap. Je komt het Pays des \u00c9crins binnen vanuit Saint-Martin de Queyri\u00e8res.   <\/p>\n\n<div class=\"wp-block-ws-library-ws-title\"><h3><em>Van<\/em><strong>grote steden<\/strong><\/h3><\/div>\n\n<p><strong>Vanuit Parijs<br\/><\/strong>Via de snelweg <strong>A6<\/strong> naar Lyon, vervolgens via de <strong>snelweg A43<\/strong> naar Grenoble, dan richting Brian\u00e7on via de Col du Lautaret, komt u in het Pays des \u00c9crins bij Saint-Martin de Queyri\u00e8res.<br\/><br\/><strong>Komt uit Grenoble<br\/><\/strong>Neem de <strong>D1091<\/strong>, richting Brian\u00e7on via de Col du Lautaret, u komt het Pays des \u00c9crins binnen bij Saint-Martin de Queyri\u00e8res.<br\/><br\/><strong>Vanuit Marseille<br\/><\/strong>Vanaf de snelweg <strong>A51 <\/strong>naar Gap\/Tallard neemt u de N94 richting Brian\u00e7on, u komt het Pays des \u00c9crins binnen bij La Roche de Rame.<br\/><br\/>Om naar het Pays des \u00c9crins te komen, kunt u ook gebruik maken van taxi&#8217;s die u het voertuig ter beschikking stellen dat is aangepast aan uw vraag: vervoer van alle afstanden, luchthavens\/treinstations, groepsvervoer, Vallouise\/Entraygues-verbinding voor wandelaars van de GR54, mountainbiken, repatri\u00ebringshulp, bezoek aan onze vallei en zijn omgeving, zittend medisch vervoer, enz.<\/p>\n\n<div class=\"wp-block-ws-library-ws-columns alignwide has-2-columns are-vertically-aligned-center layout-5050 is-style-background\">\n<div class=\"wp-block-ws-library-ws-column\"><div class=\"wrapper\">\n<div class=\"wp-block-ws-library-ws-title\"><h3>Route Informatie<\/h3><\/div>\n\n\n\n<p>Vergeet niet om, voordat u op pad gaat, te informeren naar de toestand van de wegen die u gaat nemen en de weersvoorspelling op uw route. Om u hierbij te helpen, werken we onze <strong>weers-<\/strong> en <strong>verkeersomstandigheden<\/strong> dagelijks bij.   <\/p>\n\n\n\n<p>We raden u ook aan om tijdens uw reis de volgende telefoonnummers op te schrijven en te bewaren:<\/p>\n\n\n\n<p>Informatie Col du Lautaret en Col du Montgen\u00e8vre: 04 65 03 00 05<\/p>\n\n\n\n<p>Verkeersinformatie (CRIR): 08 26 02 20 22<\/p>\n<\/div><\/div>\n\n\n\n<div class=\"wp-block-ws-library-ws-column\"><div class=\"wrapper\">\n<div class=\"wp-block-ws-library-ws-image\"><div class=\"wrapper\"><div class=\"group-media\"><img decoding=\"async\" src=\"https:\/\/www.paysdesecrins.com\/wp-content\/uploads\/2025\/07\/capture-decran-2025-07-29-a-110556-853x640.png\" alt=\"\" class=\"single_image ws-image-48827\"><div class=\"credits\"><\/div><\/div><p class=\"caption\"><\/p><\/div><\/div>\n<\/div><\/div>\n<\/div>\n\n<div class=\"wp-block-ws-library-ws-title\"><h3><em>Toegang tot het Pays des \u00c9crins met de<\/em><strong>bus<\/strong><\/h3><\/div>\n\n<p class=\"has-text-align-left\"><strong>Uit Grenoble door LER<br\/><\/strong>Regelmatige lijnen bedienen Brian\u00e7on vanuit Grenoble. Neem contact op met de vervoerder of kijk op hun website voor dienstregelingen.<br\/>VFD: <a href=\"http:\/\/www.vfd.fr\/\" target=\"_blank\" rel=\"noreferrer noopener\">http:\/\/www.vfd.fr<\/a> \u2013 Telefoon: 04 76 60 47 08<br\/>LER 55 : Brian\u00e7on \u2013 Grenoble <\/p>\n\n<div class=\"wp-block-ws-library-ws-documents\">\n<div class=\"wp-block-ws-library-ws-document\"><a href=\"https:\/\/www.paysdesecrins.com\/wp-content\/uploads\/2025\/07\/zouler-ligne55-briancon-grenoble-via-serre-chevalier-ete-2025.pdf\" target=\"_blank\" rel=\"noopener noreferrer\" class=\"link-document\">Dienstregeling-Lijn-L55-Brian\u00e7on-Grenoble-juli-augustus-2025<\/a><\/div>\n<\/div>\n\n<p><strong>Vanuit Nice, Marseille of Gap met de SCAL vervoerder<\/strong><br\/>Regelmatige lijnen bedienen het Pays des \u00c9crins en Brian\u00e7on vanuit Nice, Marseille of Gap.<br\/>SCHAAL: <a href=\"https:\/\/www.autocars-scal.fr\/lignes-horaires\">https:\/\/www.autocars-scal.fr\/lignes-horaires<\/a><br\/>Telefoon: 04 92 51 06 05<\/p>\n\n<p><strong>Vanuit Parijs, Marseille en Aix-en-Provence<\/strong><br\/>Kom met de express vanuit Parijs, Marseille en Aix-en-Provence naar de resorts van het Pays des \u00c9crins met Imbert-bussen.<br\/>Online te boeken op de website <a href=\"http:\/\/www.neigeexpress.com\/\" target=\"_blank\" rel=\"noreferrer noopener\">van Neige Express<\/a> of telefonisch op 04 92 45 18 11.<\/p>\n\n<div class=\"wp-block-ws-library-ws-documents\">\n<div class=\"wp-block-ws-library-ws-document\"><a href=\"https:\/\/www.paysdesecrins.com\/wp-content\/uploads\/2025\/07\/car-zouler-69-marseille-gap-briancon-a-partir-du-15-dec2024.pdf\" target=\"_blank\" rel=\"noopener noreferrer\" class=\"link-document\">Dienstregeling-LER69-Marseille-Gap-Brian\u00e7on-vanaf-15-december-2024<\/a><\/div>\n<\/div>\n\n<p><strong>Vanuit Parijs en Marseille<br\/><\/strong>Les <strong>Autocars IMBERT<\/strong> brengt u van Parijs en Marseille naar uw resorts in de Zuidelijke Alpen.<br\/>De schema&#8217;s vind je hieronder.  <\/p>\n\n<div class=\"wp-block-ws-library-ws-documents\">\n<div class=\"wp-block-ws-library-ws-document\"><a href=\"https:\/\/www.paysdesecrins.com\/wp-content\/uploads\/2025\/07\/depliant-neige-express-2024-2025-4volets-web-2-1.pdf\" target=\"_blank\" rel=\"noopener noreferrer\" class=\"link-document\">folder-sneeuw-express-Parijs-Marseille-2024-2025<\/a><\/div>\n<\/div>\n\n<p><strong>Vanuit Oulx<br\/><\/strong>Lijn 76 verbindt Oulx met Brian\u00e7on via Montgen\u00e8vre.<br\/>Reserveren 48 uur van tevoren is verplicht.<br\/><a href=\"https:\/\/www.autocars-resalp.com\/lignes-horaires\/serre-chevalier-montgenevre-oulx\">https:\/\/www.autocars-resalp.com\/lignes-horaires\/serre-chevalier-montgenevre-oulx<\/a><\/p>\n\n<div class=\"wp-block-ws-library-ws-documents\">\n<div class=\"wp-block-ws-library-ws-document\"><a href=\"https:\/\/www.paysdesecrins.com\/wp-content\/uploads\/2025\/07\/fhligne76-maj2306.pdf\" target=\"_blank\" rel=\"noopener noreferrer\" class=\"link-document\">Lijn76-Oulx-Montgen\u00e8vre-Brian\u00e7on-maart-december-2025<\/a><\/div>\n<\/div>\n\n<div class=\"wp-block-ws-library-ws-share\"><span class=\"share-subtitle\">Vond je deze pagina leuk?<\/span><span class=\"share-title\">Deel het!<\/span><button class=\"ws-share-button wp-element-button\">Deel deze pagina<\/button><\/div>\n","protected":false},"excerpt":{"rendered":"<p>U kunt bijvoorbeeld direct uw tickets vinden voor: Parijs \u2013 L&#8217;Argenti\u00e8re-les-\u00c9crins, trein Marseille \u2013 L&#8217;Argenti\u00e8re-les-\u00c9crins , of bus Chamb\u00e9ry \u2013 [&hellip;]<\/p>\n","protected":false},"author":9,"featured_media":48773,"parent":45936,"menu_order":0,"comment_status":"closed","ping_status":"closed","template":"","meta":{"_thumbnail_id_2":0,"summer_excerpt":"","season":"","station":"","footnotes":""},"class_list":["post-48779","page","type-page","status-publish","has-post-thumbnail","hentry"],"yoast_head":"<!-- This site is optimized with the Yoast SEO plugin v27.3 - https:\/\/yoast.com\/product\/yoast-seo-wordpress\/ -->\n<title>Weg\/Bus - Pays des \u00c9crins - Office de Tourisme<\/title>\n<meta name=\"robots\" content=\"index, follow, max-snippet:-1, max-image-preview:large, max-video-preview:-1\" \/>\n<link rel=\"canonical\" href=\"https:\/\/www.paysdesecrins.com\/nl\/ik-kies\/toegang-en-shuttles\/weg-bus\/\" \/>\n<meta property=\"og:locale\" content=\"nl_NL\" \/>\n<meta property=\"og:type\" content=\"article\" \/>\n<meta property=\"og:title\" content=\"Weg\/Bus - Pays des \u00c9crins - Office de Tourisme\" \/>\n<meta property=\"og:description\" content=\"U kunt bijvoorbeeld direct uw tickets vinden voor: Parijs \u2013 L&#8217;Argenti\u00e8re-les-\u00c9crins, trein Marseille \u2013 L&#8217;Argenti\u00e8re-les-\u00c9crins , of bus Chamb\u00e9ry \u2013 [&hellip;]\" \/>\n<meta property=\"og:url\" content=\"https:\/\/www.paysdesecrins.com\/nl\/ik-kies\/toegang-en-shuttles\/weg-bus\/\" \/>\n<meta property=\"og:site_name\" content=\"Pays des \u00c9crins - Office de Tourisme\" \/>\n<meta property=\"article:modified_time\" content=\"2025-08-22T08:40:19+00:00\" \/>\n<meta property=\"og:image\" content=\"https:\/\/www.paysdesecrins.com\/wp-content\/uploads\/2025\/07\/1596546037-434450263-1.jpg\" \/>\n\t<meta property=\"og:image:width\" content=\"1200\" \/>\n\t<meta property=\"og:image:height\" content=\"800\" \/>\n\t<meta property=\"og:image:type\" content=\"image\/jpeg\" \/>\n<meta name=\"twitter:card\" content=\"summary_large_image\" \/>\n<meta name=\"twitter:label1\" content=\"Geschatte leestijd\" \/>\n\t<meta name=\"twitter:data1\" content=\"3 minuten\" \/>\n<script type=\"application\/ld+json\" class=\"yoast-schema-graph\">{\"@context\":\"https:\\\/\\\/schema.org\",\"@graph\":[{\"@type\":\"WebPage\",\"@id\":\"https:\\\/\\\/www.paysdesecrins.com\\\/nl\\\/ik-kies\\\/toegang-en-shuttles\\\/weg-bus\\\/\",\"url\":\"https:\\\/\\\/www.paysdesecrins.com\\\/nl\\\/ik-kies\\\/toegang-en-shuttles\\\/weg-bus\\\/\",\"name\":\"Weg\\\/Bus - Pays des \u00c9crins - Office de Tourisme\",\"isPartOf\":{\"@id\":\"https:\\\/\\\/www.paysdesecrins.com\\\/nl\\\/#website\"},\"primaryImageOfPage\":{\"@id\":\"https:\\\/\\\/www.paysdesecrins.com\\\/nl\\\/ik-kies\\\/toegang-en-shuttles\\\/weg-bus\\\/#primaryimage\"},\"image\":{\"@id\":\"https:\\\/\\\/www.paysdesecrins.com\\\/nl\\\/ik-kies\\\/toegang-en-shuttles\\\/weg-bus\\\/#primaryimage\"},\"thumbnailUrl\":\"https:\\\/\\\/www.paysdesecrins.com\\\/wp-content\\\/uploads\\\/2025\\\/07\\\/1596546037-434450263-1.jpg\",\"datePublished\":\"2025-07-29T08:26:48+00:00\",\"dateModified\":\"2025-08-22T08:40:19+00:00\",\"breadcrumb\":{\"@id\":\"https:\\\/\\\/www.paysdesecrins.com\\\/nl\\\/ik-kies\\\/toegang-en-shuttles\\\/weg-bus\\\/#breadcrumb\"},\"inLanguage\":\"nl-NL\",\"potentialAction\":[{\"@type\":\"ReadAction\",\"target\":[\"https:\\\/\\\/www.paysdesecrins.com\\\/nl\\\/ik-kies\\\/toegang-en-shuttles\\\/weg-bus\\\/\"]}]},{\"@type\":\"ImageObject\",\"inLanguage\":\"nl-NL\",\"@id\":\"https:\\\/\\\/www.paysdesecrins.com\\\/nl\\\/ik-kies\\\/toegang-en-shuttles\\\/weg-bus\\\/#primaryimage\",\"url\":\"https:\\\/\\\/www.paysdesecrins.com\\\/wp-content\\\/uploads\\\/2025\\\/07\\\/1596546037-434450263-1.jpg\",\"contentUrl\":\"https:\\\/\\\/www.paysdesecrins.com\\\/wp-content\\\/uploads\\\/2025\\\/07\\\/1596546037-434450263-1.jpg\",\"width\":1200,\"height\":800},{\"@type\":\"BreadcrumbList\",\"@id\":\"https:\\\/\\\/www.paysdesecrins.com\\\/nl\\\/ik-kies\\\/toegang-en-shuttles\\\/weg-bus\\\/#breadcrumb\",\"itemListElement\":[{\"@type\":\"ListItem\",\"position\":1,\"name\":\"Accueil\",\"item\":\"https:\\\/\\\/www.paysdesecrins.com\\\/nl\\\/de-titel-van-het-huis\\\/\"},{\"@type\":\"ListItem\",\"position\":2,\"name\":\"Ik kies\",\"item\":\"https:\\\/\\\/www.paysdesecrins.com\\\/nl\\\/ik-kies\\\/\"},{\"@type\":\"ListItem\",\"position\":3,\"name\":\"Toegang en vervoer\",\"item\":\"https:\\\/\\\/www.paysdesecrins.com\\\/nl\\\/ik-kies\\\/toegang-en-shuttles\\\/\"},{\"@type\":\"ListItem\",\"position\":4,\"name\":\"Weg\\\/Bus\"}]},{\"@type\":\"WebSite\",\"@id\":\"https:\\\/\\\/www.paysdesecrins.com\\\/nl\\\/#website\",\"url\":\"https:\\\/\\\/www.paysdesecrins.com\\\/nl\\\/\",\"name\":\"Pays des \u00c9crins - Office de Tourisme\",\"description\":\"L&#039;esprit montagne\",\"publisher\":{\"@id\":\"https:\\\/\\\/www.paysdesecrins.com\\\/nl\\\/#organization\"},\"potentialAction\":[{\"@type\":\"SearchAction\",\"target\":{\"@type\":\"EntryPoint\",\"urlTemplate\":\"https:\\\/\\\/www.paysdesecrins.com\\\/nl\\\/?s={search_term_string}\"},\"query-input\":{\"@type\":\"PropertyValueSpecification\",\"valueRequired\":true,\"valueName\":\"search_term_string\"}}],\"inLanguage\":\"nl-NL\"},{\"@type\":\"Organization\",\"@id\":\"https:\\\/\\\/www.paysdesecrins.com\\\/nl\\\/#organization\",\"name\":\"Pays des \u00c9crins - Office de Tourisme\",\"url\":\"https:\\\/\\\/www.paysdesecrins.com\\\/nl\\\/\",\"logo\":{\"@type\":\"ImageObject\",\"inLanguage\":\"nl-NL\",\"@id\":\"https:\\\/\\\/www.paysdesecrins.com\\\/nl\\\/#\\\/schema\\\/logo\\\/image\\\/\",\"url\":\"https:\\\/\\\/www.paysdesecrins.com\\\/wp-content\\\/uploads\\\/2025\\\/06\\\/devina-svg-1750845694.svg\",\"contentUrl\":\"https:\\\/\\\/www.paysdesecrins.com\\\/wp-content\\\/uploads\\\/2025\\\/06\\\/devina-svg-1750845694.svg\",\"caption\":\"Pays des \u00c9crins - Office de Tourisme\"},\"image\":{\"@id\":\"https:\\\/\\\/www.paysdesecrins.com\\\/nl\\\/#\\\/schema\\\/logo\\\/image\\\/\"}}]}<\/script>\n<!-- \/ Yoast SEO plugin. -->","yoast_head_json":{"title":"Weg\/Bus - Pays des \u00c9crins - Office de Tourisme","robots":{"index":"index","follow":"follow","max-snippet":"max-snippet:-1","max-image-preview":"max-image-preview:large","max-video-preview":"max-video-preview:-1"},"canonical":"https:\/\/www.paysdesecrins.com\/nl\/ik-kies\/toegang-en-shuttles\/weg-bus\/","og_locale":"nl_NL","og_type":"article","og_title":"Weg\/Bus - Pays des \u00c9crins - Office de Tourisme","og_description":"U kunt bijvoorbeeld direct uw tickets vinden voor: Parijs \u2013 L&#8217;Argenti\u00e8re-les-\u00c9crins, trein Marseille \u2013 L&#8217;Argenti\u00e8re-les-\u00c9crins , of bus Chamb\u00e9ry \u2013 [&hellip;]","og_url":"https:\/\/www.paysdesecrins.com\/nl\/ik-kies\/toegang-en-shuttles\/weg-bus\/","og_site_name":"Pays des \u00c9crins - Office de Tourisme","article_modified_time":"2025-08-22T08:40:19+00:00","og_image":[{"width":1200,"height":800,"url":"https:\/\/www.paysdesecrins.com\/wp-content\/uploads\/2025\/07\/1596546037-434450263-1.jpg","type":"image\/jpeg"}],"twitter_card":"summary_large_image","twitter_misc":{"Geschatte leestijd":"3 minuten"},"schema":{"@context":"https:\/\/schema.org","@graph":[{"@type":"WebPage","@id":"https:\/\/www.paysdesecrins.com\/nl\/ik-kies\/toegang-en-shuttles\/weg-bus\/","url":"https:\/\/www.paysdesecrins.com\/nl\/ik-kies\/toegang-en-shuttles\/weg-bus\/","name":"Weg\/Bus - Pays des \u00c9crins - Office de Tourisme","isPartOf":{"@id":"https:\/\/www.paysdesecrins.com\/nl\/#website"},"primaryImageOfPage":{"@id":"https:\/\/www.paysdesecrins.com\/nl\/ik-kies\/toegang-en-shuttles\/weg-bus\/#primaryimage"},"image":{"@id":"https:\/\/www.paysdesecrins.com\/nl\/ik-kies\/toegang-en-shuttles\/weg-bus\/#primaryimage"},"thumbnailUrl":"https:\/\/www.paysdesecrins.com\/wp-content\/uploads\/2025\/07\/1596546037-434450263-1.jpg","datePublished":"2025-07-29T08:26:48+00:00","dateModified":"2025-08-22T08:40:19+00:00","breadcrumb":{"@id":"https:\/\/www.paysdesecrins.com\/nl\/ik-kies\/toegang-en-shuttles\/weg-bus\/#breadcrumb"},"inLanguage":"nl-NL","potentialAction":[{"@type":"ReadAction","target":["https:\/\/www.paysdesecrins.com\/nl\/ik-kies\/toegang-en-shuttles\/weg-bus\/"]}]},{"@type":"ImageObject","inLanguage":"nl-NL","@id":"https:\/\/www.paysdesecrins.com\/nl\/ik-kies\/toegang-en-shuttles\/weg-bus\/#primaryimage","url":"https:\/\/www.paysdesecrins.com\/wp-content\/uploads\/2025\/07\/1596546037-434450263-1.jpg","contentUrl":"https:\/\/www.paysdesecrins.com\/wp-content\/uploads\/2025\/07\/1596546037-434450263-1.jpg","width":1200,"height":800},{"@type":"BreadcrumbList","@id":"https:\/\/www.paysdesecrins.com\/nl\/ik-kies\/toegang-en-shuttles\/weg-bus\/#breadcrumb","itemListElement":[{"@type":"ListItem","position":1,"name":"Accueil","item":"https:\/\/www.paysdesecrins.com\/nl\/de-titel-van-het-huis\/"},{"@type":"ListItem","position":2,"name":"Ik kies","item":"https:\/\/www.paysdesecrins.com\/nl\/ik-kies\/"},{"@type":"ListItem","position":3,"name":"Toegang en vervoer","item":"https:\/\/www.paysdesecrins.com\/nl\/ik-kies\/toegang-en-shuttles\/"},{"@type":"ListItem","position":4,"name":"Weg\/Bus"}]},{"@type":"WebSite","@id":"https:\/\/www.paysdesecrins.com\/nl\/#website","url":"https:\/\/www.paysdesecrins.com\/nl\/","name":"Pays des \u00c9crins - Office de Tourisme","description":"L&#039;esprit montagne","publisher":{"@id":"https:\/\/www.paysdesecrins.com\/nl\/#organization"},"potentialAction":[{"@type":"SearchAction","target":{"@type":"EntryPoint","urlTemplate":"https:\/\/www.paysdesecrins.com\/nl\/?s={search_term_string}"},"query-input":{"@type":"PropertyValueSpecification","valueRequired":true,"valueName":"search_term_string"}}],"inLanguage":"nl-NL"},{"@type":"Organization","@id":"https:\/\/www.paysdesecrins.com\/nl\/#organization","name":"Pays des \u00c9crins - Office de Tourisme","url":"https:\/\/www.paysdesecrins.com\/nl\/","logo":{"@type":"ImageObject","inLanguage":"nl-NL","@id":"https:\/\/www.paysdesecrins.com\/nl\/#\/schema\/logo\/image\/","url":"https:\/\/www.paysdesecrins.com\/wp-content\/uploads\/2025\/06\/devina-svg-1750845694.svg","contentUrl":"https:\/\/www.paysdesecrins.com\/wp-content\/uploads\/2025\/06\/devina-svg-1750845694.svg","caption":"Pays des \u00c9crins - Office de Tourisme"},"image":{"@id":"https:\/\/www.paysdesecrins.com\/nl\/#\/schema\/logo\/image\/"}}]}},"_links":{"self":[{"href":"https:\/\/www.paysdesecrins.com\/nl\/wp-json\/wp\/v2\/pages\/48779","targetHints":{"allow":["GET"]}}],"collection":[{"href":"https:\/\/www.paysdesecrins.com\/nl\/wp-json\/wp\/v2\/pages"}],"about":[{"href":"https:\/\/www.paysdesecrins.com\/nl\/wp-json\/wp\/v2\/types\/page"}],"author":[{"embeddable":true,"href":"https:\/\/www.paysdesecrins.com\/nl\/wp-json\/wp\/v2\/users\/9"}],"replies":[{"embeddable":true,"href":"https:\/\/www.paysdesecrins.com\/nl\/wp-json\/wp\/v2\/comments?post=48779"}],"version-history":[{"count":2,"href":"https:\/\/www.paysdesecrins.com\/nl\/wp-json\/wp\/v2\/pages\/48779\/revisions"}],"predecessor-version":[{"id":105059,"href":"https:\/\/www.paysdesecrins.com\/nl\/wp-json\/wp\/v2\/pages\/48779\/revisions\/105059"}],"up":[{"embeddable":true,"href":"https:\/\/www.paysdesecrins.com\/nl\/wp-json\/wp\/v2\/pages\/45936"}],"wp:featuredmedia":[{"embeddable":true,"href":"https:\/\/www.paysdesecrins.com\/nl\/wp-json\/wp\/v2\/media\/48773"}],"wp:attachment":[{"href":"https:\/\/www.paysdesecrins.com\/nl\/wp-json\/wp\/v2\/media?parent=48779"}],"curies":[{"name":"wp","href":"https:\/\/api.w.org\/{rel}","templated":true}]}}