{"id":51182,"date":"2025-07-31T09:15:31","date_gmt":"2025-07-31T07:15:31","guid":{"rendered":"https:\/\/www.paysdesecrins.com\/grote-evenementen-in-het-pays-des-ecrins\/festival-autour-de-brassens-juli\/"},"modified":"2025-08-20T15:58:48","modified_gmt":"2025-08-20T13:58:48","slug":"festival-autour-de-brassens-juli","status":"publish","type":"page","link":"https:\/\/www.paysdesecrins.com\/nl\/grote-evenementen-in-het-pays-des-ecrins\/festival-autour-de-brassens-juli\/","title":{"rendered":"Festival Autour de Brassens \u2013 juli"},"content":{"rendered":"    <div class=\"alignfull wp-block-ws-library-ws-header-interne\" data-season=\"summer\">\n\t    <div class=\"header-container\">\n\t        <div class=\"group-media has-image\">\n\t            \t                <img loading=\"lazy\" decoding=\"async\" width=\"1920\" height=\"800\" src=\"https:\/\/www.paysdesecrins.com\/wp-content\/uploads\/2025\/07\/07-20-24-festival-brassens-1920x800.jpg\" alt=\"\" class=\"image_large_square wp-image-51174\" \/>\n\t            \t        <\/div>\n\t        <div class=\"group-content\">\n\t            <div class=\"title\">\n\t                <h1>\n\t                    Festival Autour de Brassens \u2013\t                    \t                        Juli\t                    \t                <\/h1>\n\t            <\/div>\n\t        <\/div>\n\t    <\/div>\n\t    \n<div class=\"yoast-breadcrumbs\"><span><span><a href=\"https:\/\/www.paysdesecrins.com\/nl\/de-titel-van-het-huis\/\">Accueil<\/a><\/span>  <span><a href=\"https:\/\/www.paysdesecrins.com\/nl\/grote-evenementen-in-het-pays-des-ecrins\/\">Grote evenementen in het Pays des Ecrins<\/a><\/span>  <span class=\"breadcrumb_last\" aria-current=\"page\">Festival Autour de Brassens \u2013 juli<\/span><\/span><\/div>\n    <\/div>\n    \n<div class=\"wp-block-ws-library-ws-title aligncenter is-style-simple\"><h2><em><em><strong>Festival<\/strong><\/em><\/em><strong>rond Brassens<\/strong><\/h2><\/div>\n\n<p data-season=\"summer\">Het <strong>Festival Autour de Brassens <\/strong>in l&#8217;Argenti\u00e8re-La-Bess\u00e9e is een jaarlijks festival dat <strong>hulde<\/strong> brengt aan de <strong>muzikale <\/strong>en <strong>po\u00ebtische erfenis van Georges Brassens<\/strong> en andere Franse chansonniers uit de<strong> twintigste eeuw<\/strong>. Dit jaar is de 19e editie, met passie georganiseerd door <strong>Maurice<\/strong> en <strong>H\u00e9l\u00e8ne Bonnardel <\/strong>en hun team van de vereniging <strong>Autour de Brassens<\/strong>.   <\/p>\n\n<p data-season=\"summer\">Door <strong>bewonderaars<\/strong> van <strong>Brassens<\/strong> en <strong>liefhebbers van Franse<\/strong> <strong>muziek<\/strong> samen te brengen, levert het evenement een bijdrage aan <strong>de verrijking van het lokale<\/strong><strong> <\/strong>culturele leven en de<strong>versterking van de gemeenschapsbanden.<\/strong><\/p>\n\n<p>Elke avond om 20.30 uur verwelkomt het <strong>cultureel centrum <\/strong>van L&#8217;Argenti\u00e8re-la-Bess\u00e9e <strong>gepassioneerde artiesten<\/strong> die hulde brengen aan <strong>Brassens<\/strong> en andere figuren uit het <strong>Franse lied<\/strong>.<strong> <\/strong> Het festival heeft sinds zijn <strong>oprichting in 2007<\/strong> het publiek kunnen verleiden dankzij een zorgvuldig gekozen programma en energieke optredens. <\/p>\n\n<p>Het was een <strong>Brassens-festival in Vaison-la-Romaine <\/strong>dat de <strong>Bonnardels<\/strong> inspireerde om dit evenement te cre\u00ebren. Dankzij hun bereidheid en hun netwerk van contacten slagen ze erin <strong>om getalenteerde artiesten<\/strong> te vinden, zelfs buiten hun regio. <\/p>\n\n<div class=\"wp-block-ws-library-ws-slider alignwide\" data-season=\"summer\"><div class=\"splide\" data-splide=\"{\"type\":\"slide\",\"heightRatio\":\"auto\",\"perPage\":4,\"perMove\":1,\"drag\":true,\"pagination\":0,\"autoplay\":false,\"gap\":\"15px\",\"breakpoints\":{\"450\":{\"perPage\":1},\"768\":{\"perPage\":2},\"992\":{\"perPage\":3},\"1200\":{\"perPage\":4}}}\"><div class=\"splide__track\"><div class=\"splide__list\"><div class=\"splide__slide\"><a href=\"https:\/\/www.paysdesecrins.com\/wp-content\/uploads\/2025\/07\/07-29-23-festival-brassens-6-scaled.jpg\" data-glightbox=\"true\" class=\"lightbox-trigger\"><img decoding=\"async\" src=\"https:\/\/www.paysdesecrins.com\/wp-content\/uploads\/2025\/07\/07-29-23-festival-brassens-6-scaled.jpg\" alt=\"\"><\/a><\/div><div class=\"splide__slide\"><a href=\"https:\/\/www.paysdesecrins.com\/wp-content\/uploads\/2025\/07\/07-29-23-festival-brassens-40-scaled.jpg\" data-glightbox=\"true\" class=\"lightbox-trigger\"><img decoding=\"async\" src=\"https:\/\/www.paysdesecrins.com\/wp-content\/uploads\/2025\/07\/07-29-23-festival-brassens-40-scaled.jpg\" alt=\"\"><\/a><\/div><div class=\"splide__slide\"><a href=\"https:\/\/www.paysdesecrins.com\/wp-content\/uploads\/2025\/07\/1714988602-1395906300.jpg\" data-glightbox=\"true\" class=\"lightbox-trigger\"><img decoding=\"async\" src=\"https:\/\/www.paysdesecrins.com\/wp-content\/uploads\/2025\/07\/1714988602-1395906300.jpg\" alt=\"\"><\/a><\/div><div class=\"splide__slide\"><a href=\"https:\/\/www.paysdesecrins.com\/wp-content\/uploads\/2025\/07\/img-0586-scaled.jpg\" data-glightbox=\"true\" class=\"lightbox-trigger\"><img decoding=\"async\" src=\"https:\/\/www.paysdesecrins.com\/wp-content\/uploads\/2025\/07\/img-0586-scaled.jpg\" alt=\"\"><\/a><\/div><div class=\"splide__slide\"><a href=\"https:\/\/www.paysdesecrins.com\/wp-content\/uploads\/2025\/07\/img-0631-scaled.jpg\" data-glightbox=\"true\" class=\"lightbox-trigger\"><img decoding=\"async\" src=\"https:\/\/www.paysdesecrins.com\/wp-content\/uploads\/2025\/07\/img-0631-scaled.jpg\" alt=\"\"><\/a><\/div><div class=\"splide__slide\"><a href=\"https:\/\/www.paysdesecrins.com\/wp-content\/uploads\/2025\/07\/07-20-24-festival-brassens-32-scaled.jpg\" data-glightbox=\"true\" class=\"lightbox-trigger\"><img decoding=\"async\" src=\"https:\/\/www.paysdesecrins.com\/wp-content\/uploads\/2025\/07\/07-20-24-festival-brassens-32-scaled.jpg\" alt=\"\"><\/a><\/div><\/div><\/div><\/div><\/div>\n\n<div class=\"wp-block-ws-library-ws-share\"><span class=\"share-subtitle\">Vond je deze pagina leuk?<\/span><span class=\"share-title\">Deel het!<\/span><button class=\"ws-share-button wp-element-button\">Deel deze pagina<\/button><\/div>\n","protected":false},"excerpt":{"rendered":"<p>Het Festival Autour de Brassens in l&#8217;Argenti\u00e8re-La-Bess\u00e9e is een jaarlijks festival dat hulde brengt aan de muzikale en po\u00ebtische erfenis [&hellip;]<\/p>\n","protected":false},"author":4,"featured_media":51175,"parent":45933,"menu_order":0,"comment_status":"closed","ping_status":"closed","template":"","meta":{"_thumbnail_id_2":0,"summer_excerpt":"","season":"","station":"","footnotes":""},"class_list":["post-51182","page","type-page","status-publish","has-post-thumbnail","hentry"],"yoast_head":"<!-- This site is optimized with the Yoast SEO plugin v27.3 - https:\/\/yoast.com\/product\/yoast-seo-wordpress\/ -->\n<title>Festival Autour de Brassens - juli - Pays des \u00c9crins - Office de Tourisme<\/title>\n<meta name=\"robots\" content=\"index, follow, max-snippet:-1, max-image-preview:large, max-video-preview:-1\" \/>\n<link rel=\"canonical\" href=\"https:\/\/www.paysdesecrins.com\/nl\/grote-evenementen-in-het-pays-des-ecrins\/festival-autour-de-brassens-juli\/\" \/>\n<meta property=\"og:locale\" content=\"nl_NL\" \/>\n<meta property=\"og:type\" content=\"article\" \/>\n<meta property=\"og:title\" content=\"Festival Autour de Brassens - juli - Pays des \u00c9crins - Office de Tourisme\" \/>\n<meta property=\"og:description\" content=\"Het Festival Autour de Brassens in l&#8217;Argenti\u00e8re-La-Bess\u00e9e is een jaarlijks festival dat hulde brengt aan de muzikale en po\u00ebtische erfenis [&hellip;]\" \/>\n<meta property=\"og:url\" content=\"https:\/\/www.paysdesecrins.com\/nl\/grote-evenementen-in-het-pays-des-ecrins\/festival-autour-de-brassens-juli\/\" \/>\n<meta property=\"og:site_name\" content=\"Pays des \u00c9crins - Office de Tourisme\" \/>\n<meta property=\"article:modified_time\" content=\"2025-08-20T13:58:48+00:00\" \/>\n<meta property=\"og:image\" content=\"https:\/\/www.paysdesecrins.com\/wp-content\/uploads\/2025\/07\/07-20-24-festival-brassens-scaled.jpg\" \/>\n\t<meta property=\"og:image:width\" content=\"2560\" \/>\n\t<meta property=\"og:image:height\" content=\"1707\" \/>\n\t<meta property=\"og:image:type\" content=\"image\/jpeg\" \/>\n<meta name=\"twitter:card\" content=\"summary_large_image\" \/>\n<meta name=\"twitter:label1\" content=\"Geschatte leestijd\" \/>\n\t<meta name=\"twitter:data1\" content=\"1 minuut\" \/>\n<script type=\"application\/ld+json\" class=\"yoast-schema-graph\">{\"@context\":\"https:\\\/\\\/schema.org\",\"@graph\":[{\"@type\":\"WebPage\",\"@id\":\"https:\\\/\\\/www.paysdesecrins.com\\\/nl\\\/grote-evenementen-in-het-pays-des-ecrins\\\/festival-autour-de-brassens-juli\\\/\",\"url\":\"https:\\\/\\\/www.paysdesecrins.com\\\/nl\\\/grote-evenementen-in-het-pays-des-ecrins\\\/festival-autour-de-brassens-juli\\\/\",\"name\":\"Festival Autour de Brassens - juli - Pays des \u00c9crins - Office de Tourisme\",\"isPartOf\":{\"@id\":\"https:\\\/\\\/www.paysdesecrins.com\\\/nl\\\/#website\"},\"primaryImageOfPage\":{\"@id\":\"https:\\\/\\\/www.paysdesecrins.com\\\/nl\\\/grote-evenementen-in-het-pays-des-ecrins\\\/festival-autour-de-brassens-juli\\\/#primaryimage\"},\"image\":{\"@id\":\"https:\\\/\\\/www.paysdesecrins.com\\\/nl\\\/grote-evenementen-in-het-pays-des-ecrins\\\/festival-autour-de-brassens-juli\\\/#primaryimage\"},\"thumbnailUrl\":\"https:\\\/\\\/www.paysdesecrins.com\\\/wp-content\\\/uploads\\\/2025\\\/07\\\/07-20-24-festival-brassens-scaled.jpg\",\"datePublished\":\"2025-07-31T07:15:31+00:00\",\"dateModified\":\"2025-08-20T13:58:48+00:00\",\"breadcrumb\":{\"@id\":\"https:\\\/\\\/www.paysdesecrins.com\\\/nl\\\/grote-evenementen-in-het-pays-des-ecrins\\\/festival-autour-de-brassens-juli\\\/#breadcrumb\"},\"inLanguage\":\"nl-NL\",\"potentialAction\":[{\"@type\":\"ReadAction\",\"target\":[\"https:\\\/\\\/www.paysdesecrins.com\\\/nl\\\/grote-evenementen-in-het-pays-des-ecrins\\\/festival-autour-de-brassens-juli\\\/\"]}]},{\"@type\":\"ImageObject\",\"inLanguage\":\"nl-NL\",\"@id\":\"https:\\\/\\\/www.paysdesecrins.com\\\/nl\\\/grote-evenementen-in-het-pays-des-ecrins\\\/festival-autour-de-brassens-juli\\\/#primaryimage\",\"url\":\"https:\\\/\\\/www.paysdesecrins.com\\\/wp-content\\\/uploads\\\/2025\\\/07\\\/07-20-24-festival-brassens-scaled.jpg\",\"contentUrl\":\"https:\\\/\\\/www.paysdesecrins.com\\\/wp-content\\\/uploads\\\/2025\\\/07\\\/07-20-24-festival-brassens-scaled.jpg\",\"width\":2560,\"height\":1707},{\"@type\":\"BreadcrumbList\",\"@id\":\"https:\\\/\\\/www.paysdesecrins.com\\\/nl\\\/grote-evenementen-in-het-pays-des-ecrins\\\/festival-autour-de-brassens-juli\\\/#breadcrumb\",\"itemListElement\":[{\"@type\":\"ListItem\",\"position\":1,\"name\":\"Accueil\",\"item\":\"https:\\\/\\\/www.paysdesecrins.com\\\/nl\\\/de-titel-van-het-huis\\\/\"},{\"@type\":\"ListItem\",\"position\":2,\"name\":\"Grote evenementen in het Pays des Ecrins\",\"item\":\"https:\\\/\\\/www.paysdesecrins.com\\\/nl\\\/grote-evenementen-in-het-pays-des-ecrins\\\/\"},{\"@type\":\"ListItem\",\"position\":3,\"name\":\"Festival Autour de Brassens \u2013 juli\"}]},{\"@type\":\"WebSite\",\"@id\":\"https:\\\/\\\/www.paysdesecrins.com\\\/nl\\\/#website\",\"url\":\"https:\\\/\\\/www.paysdesecrins.com\\\/nl\\\/\",\"name\":\"Pays des \u00c9crins - Office de Tourisme\",\"description\":\"L&#039;esprit montagne\",\"publisher\":{\"@id\":\"https:\\\/\\\/www.paysdesecrins.com\\\/nl\\\/#organization\"},\"potentialAction\":[{\"@type\":\"SearchAction\",\"target\":{\"@type\":\"EntryPoint\",\"urlTemplate\":\"https:\\\/\\\/www.paysdesecrins.com\\\/nl\\\/?s={search_term_string}\"},\"query-input\":{\"@type\":\"PropertyValueSpecification\",\"valueRequired\":true,\"valueName\":\"search_term_string\"}}],\"inLanguage\":\"nl-NL\"},{\"@type\":\"Organization\",\"@id\":\"https:\\\/\\\/www.paysdesecrins.com\\\/nl\\\/#organization\",\"name\":\"Pays des \u00c9crins - Office de Tourisme\",\"url\":\"https:\\\/\\\/www.paysdesecrins.com\\\/nl\\\/\",\"logo\":{\"@type\":\"ImageObject\",\"inLanguage\":\"nl-NL\",\"@id\":\"https:\\\/\\\/www.paysdesecrins.com\\\/nl\\\/#\\\/schema\\\/logo\\\/image\\\/\",\"url\":\"https:\\\/\\\/www.paysdesecrins.com\\\/wp-content\\\/uploads\\\/2025\\\/06\\\/devina-svg-1750845694.svg\",\"contentUrl\":\"https:\\\/\\\/www.paysdesecrins.com\\\/wp-content\\\/uploads\\\/2025\\\/06\\\/devina-svg-1750845694.svg\",\"caption\":\"Pays des \u00c9crins - Office de Tourisme\"},\"image\":{\"@id\":\"https:\\\/\\\/www.paysdesecrins.com\\\/nl\\\/#\\\/schema\\\/logo\\\/image\\\/\"}}]}<\/script>\n<!-- \/ Yoast SEO plugin. -->","yoast_head_json":{"title":"Festival Autour de Brassens - juli - Pays des \u00c9crins - Office de Tourisme","robots":{"index":"index","follow":"follow","max-snippet":"max-snippet:-1","max-image-preview":"max-image-preview:large","max-video-preview":"max-video-preview:-1"},"canonical":"https:\/\/www.paysdesecrins.com\/nl\/grote-evenementen-in-het-pays-des-ecrins\/festival-autour-de-brassens-juli\/","og_locale":"nl_NL","og_type":"article","og_title":"Festival Autour de Brassens - juli - Pays des \u00c9crins - Office de Tourisme","og_description":"Het Festival Autour de Brassens in l&#8217;Argenti\u00e8re-La-Bess\u00e9e is een jaarlijks festival dat hulde brengt aan de muzikale en po\u00ebtische erfenis [&hellip;]","og_url":"https:\/\/www.paysdesecrins.com\/nl\/grote-evenementen-in-het-pays-des-ecrins\/festival-autour-de-brassens-juli\/","og_site_name":"Pays des \u00c9crins - Office de Tourisme","article_modified_time":"2025-08-20T13:58:48+00:00","og_image":[{"width":2560,"height":1707,"url":"https:\/\/www.paysdesecrins.com\/wp-content\/uploads\/2025\/07\/07-20-24-festival-brassens-scaled.jpg","type":"image\/jpeg"}],"twitter_card":"summary_large_image","twitter_misc":{"Geschatte leestijd":"1 minuut"},"schema":{"@context":"https:\/\/schema.org","@graph":[{"@type":"WebPage","@id":"https:\/\/www.paysdesecrins.com\/nl\/grote-evenementen-in-het-pays-des-ecrins\/festival-autour-de-brassens-juli\/","url":"https:\/\/www.paysdesecrins.com\/nl\/grote-evenementen-in-het-pays-des-ecrins\/festival-autour-de-brassens-juli\/","name":"Festival Autour de Brassens - juli - Pays des \u00c9crins - Office de Tourisme","isPartOf":{"@id":"https:\/\/www.paysdesecrins.com\/nl\/#website"},"primaryImageOfPage":{"@id":"https:\/\/www.paysdesecrins.com\/nl\/grote-evenementen-in-het-pays-des-ecrins\/festival-autour-de-brassens-juli\/#primaryimage"},"image":{"@id":"https:\/\/www.paysdesecrins.com\/nl\/grote-evenementen-in-het-pays-des-ecrins\/festival-autour-de-brassens-juli\/#primaryimage"},"thumbnailUrl":"https:\/\/www.paysdesecrins.com\/wp-content\/uploads\/2025\/07\/07-20-24-festival-brassens-scaled.jpg","datePublished":"2025-07-31T07:15:31+00:00","dateModified":"2025-08-20T13:58:48+00:00","breadcrumb":{"@id":"https:\/\/www.paysdesecrins.com\/nl\/grote-evenementen-in-het-pays-des-ecrins\/festival-autour-de-brassens-juli\/#breadcrumb"},"inLanguage":"nl-NL","potentialAction":[{"@type":"ReadAction","target":["https:\/\/www.paysdesecrins.com\/nl\/grote-evenementen-in-het-pays-des-ecrins\/festival-autour-de-brassens-juli\/"]}]},{"@type":"ImageObject","inLanguage":"nl-NL","@id":"https:\/\/www.paysdesecrins.com\/nl\/grote-evenementen-in-het-pays-des-ecrins\/festival-autour-de-brassens-juli\/#primaryimage","url":"https:\/\/www.paysdesecrins.com\/wp-content\/uploads\/2025\/07\/07-20-24-festival-brassens-scaled.jpg","contentUrl":"https:\/\/www.paysdesecrins.com\/wp-content\/uploads\/2025\/07\/07-20-24-festival-brassens-scaled.jpg","width":2560,"height":1707},{"@type":"BreadcrumbList","@id":"https:\/\/www.paysdesecrins.com\/nl\/grote-evenementen-in-het-pays-des-ecrins\/festival-autour-de-brassens-juli\/#breadcrumb","itemListElement":[{"@type":"ListItem","position":1,"name":"Accueil","item":"https:\/\/www.paysdesecrins.com\/nl\/de-titel-van-het-huis\/"},{"@type":"ListItem","position":2,"name":"Grote evenementen in het Pays des Ecrins","item":"https:\/\/www.paysdesecrins.com\/nl\/grote-evenementen-in-het-pays-des-ecrins\/"},{"@type":"ListItem","position":3,"name":"Festival Autour de Brassens \u2013 juli"}]},{"@type":"WebSite","@id":"https:\/\/www.paysdesecrins.com\/nl\/#website","url":"https:\/\/www.paysdesecrins.com\/nl\/","name":"Pays des \u00c9crins - Office de Tourisme","description":"L&#039;esprit montagne","publisher":{"@id":"https:\/\/www.paysdesecrins.com\/nl\/#organization"},"potentialAction":[{"@type":"SearchAction","target":{"@type":"EntryPoint","urlTemplate":"https:\/\/www.paysdesecrins.com\/nl\/?s={search_term_string}"},"query-input":{"@type":"PropertyValueSpecification","valueRequired":true,"valueName":"search_term_string"}}],"inLanguage":"nl-NL"},{"@type":"Organization","@id":"https:\/\/www.paysdesecrins.com\/nl\/#organization","name":"Pays des \u00c9crins - Office de Tourisme","url":"https:\/\/www.paysdesecrins.com\/nl\/","logo":{"@type":"ImageObject","inLanguage":"nl-NL","@id":"https:\/\/www.paysdesecrins.com\/nl\/#\/schema\/logo\/image\/","url":"https:\/\/www.paysdesecrins.com\/wp-content\/uploads\/2025\/06\/devina-svg-1750845694.svg","contentUrl":"https:\/\/www.paysdesecrins.com\/wp-content\/uploads\/2025\/06\/devina-svg-1750845694.svg","caption":"Pays des \u00c9crins - Office de Tourisme"},"image":{"@id":"https:\/\/www.paysdesecrins.com\/nl\/#\/schema\/logo\/image\/"}}]}},"_links":{"self":[{"href":"https:\/\/www.paysdesecrins.com\/nl\/wp-json\/wp\/v2\/pages\/51182","targetHints":{"allow":["GET"]}}],"collection":[{"href":"https:\/\/www.paysdesecrins.com\/nl\/wp-json\/wp\/v2\/pages"}],"about":[{"href":"https:\/\/www.paysdesecrins.com\/nl\/wp-json\/wp\/v2\/types\/page"}],"author":[{"embeddable":true,"href":"https:\/\/www.paysdesecrins.com\/nl\/wp-json\/wp\/v2\/users\/4"}],"replies":[{"embeddable":true,"href":"https:\/\/www.paysdesecrins.com\/nl\/wp-json\/wp\/v2\/comments?post=51182"}],"version-history":[{"count":2,"href":"https:\/\/www.paysdesecrins.com\/nl\/wp-json\/wp\/v2\/pages\/51182\/revisions"}],"predecessor-version":[{"id":103572,"href":"https:\/\/www.paysdesecrins.com\/nl\/wp-json\/wp\/v2\/pages\/51182\/revisions\/103572"}],"up":[{"embeddable":true,"href":"https:\/\/www.paysdesecrins.com\/nl\/wp-json\/wp\/v2\/pages\/45933"}],"wp:featuredmedia":[{"embeddable":true,"href":"https:\/\/www.paysdesecrins.com\/nl\/wp-json\/wp\/v2\/media\/51175"}],"wp:attachment":[{"href":"https:\/\/www.paysdesecrins.com\/nl\/wp-json\/wp\/v2\/media?parent=51182"}],"curies":[{"name":"wp","href":"https:\/\/api.w.org\/{rel}","templated":true}]}}