{"id":75124,"date":"2025-08-11T12:52:24","date_gmt":"2025-08-11T10:52:24","guid":{"rendered":"https:\/\/www.paysdesecrins.com\/zwemmen-in-de-ecrins\/"},"modified":"2025-08-13T12:13:58","modified_gmt":"2025-08-13T10:13:58","slug":"zwemmen-in-de-ecrins","status":"publish","type":"page","link":"https:\/\/www.paysdesecrins.com\/nl\/zwemmen-in-de-ecrins\/","title":{"rendered":"Zwemmen in de \u00c9crins"},"content":{"rendered":"    <div class=\"alignfull wp-block-ws-library-ws-header-interne\" data-season=\"summer\">\n\t    <div class=\"header-container\">\n\t        <div class=\"group-media has-image\">\n\t            \t                <img loading=\"lazy\" decoding=\"async\" width=\"1920\" height=\"800\" src=\"https:\/\/www.paysdesecrins.com\/wp-content\/uploads\/2025\/08\/dsc09033-2-1920x800.jpg\" alt=\"\" class=\"image_large_square wp-image-63829\" \/>\n\t            \t        <\/div>\n\t        <div class=\"group-content\">\n\t            <div class=\"title\">\n\t                <h1>\n\t                    Zwemmen in de \u00c9crins\t                    \t                <\/h1>\n\t            <\/div>\n\t        <\/div>\n\t    <\/div>\n\t    \n<div class=\"yoast-breadcrumbs\"><span><span><a href=\"https:\/\/www.paysdesecrins.com\/nl\/de-titel-van-het-huis\/\">Accueil<\/a><\/span>  <span class=\"breadcrumb_last\" aria-current=\"page\">Zwemmen in de \u00c9crins<\/span><\/span><\/div>\n    <\/div>\n    \n<div class=\"wp-block-ws-library-ws-title aligncenter is-style-simple\"><h2><em>Meren en poelen<\/em>Zwemplekken<\/h2><\/div>\n\n<p class=\"has-text-align-center\">Op zoek naar frisheid in het hart van de bergen? Het Pays des \u00c9crins biedt een prachtige diversiteit aan meren en zwembaden om ontspanning, zwemmen en een grandioos panorama te combineren.<\/p>\n\n<div class=\"wp-block-ws-library-ws-columns alignwide has-2-columns are-vertically-aligned-center layout-5050 is-style-background\">\n<div class=\"wp-block-ws-library-ws-column\"><div class=\"wrapper\">\n<div class=\"wp-block-ws-library-ws-title\"><h2>WATERLICHAMEN  <\/h2><\/div>\n\n\n\n<p>Het is niet nodig om toppen te beklimmen om van de frisheid te genieten! Twee meren verwelkomen u in de vallei, gemakkelijk te bereiken, perfect om te ontspannen, te zwemmen of gewoon te genieten van een natuurlijke omgeving met familie of vrienden.<br\/>Neem de tijd, adem, geniet! <\/p>\n\n\n\n<p><strong>Het meer van Roche-de-Rame<\/strong><br\/>Klein gletsjer natuurlijk meer gemakkelijk toegankelijk, ideaal om in de zomer onder toezicht te zwemmen. U kunt een waterfiets huren, een stand-up paddle proberen of u vermaken op een opblaasbare structuur (Aquaparc) van ongeveer 600 m\u00b2 die in juli en augustus is ge\u00efnstalleerd. <\/p>\n\n\n\n<div class=\"wp-block-ws-library-ws-button has-text-align-left\"><a href=\"https:\/\/www.paysdesecrins.com\/nl\/mijn-verlangen-om\/44571-2\/het-meer-van-roche-de-rame\/\" class=\"wp-block-button__link wp-element-button btn\">  eN SAVOIR +<\/a><\/div>\n\n\n\n<p><strong>Het meer van L&#8217;Argenti\u00e8re-la-Bess\u00e9e<\/strong><br\/>Dit meer is een ideale plek om af te koelen op de bodem van de vallei en is perfect voor een koele pauze of een picknick in de schaduw. Bar en snackbar in de buurt in de zomer Ontspannen sfeer, met de bergen op de achtergrond.  <\/p>\n\n\n\n<div class=\"wp-block-ws-library-ws-button has-text-align-left\"><a href=\"https:\/\/www.paysdesecrins.com\/nl\/mijn-verlangen-om\/44571-2\/meer-van-argentiere-la-bessee\/\" class=\"wp-block-button__link wp-element-button btn\">  eN SAVOIR +<\/a><\/div>\n<\/div><\/div>\n\n\n\n<div class=\"wp-block-ws-library-ws-column\"><div class=\"wrapper\">\n<div class=\"wp-block-ws-library-ws-image\"><div class=\"wrapper\"><div class=\"group-media\"><img decoding=\"async\" src=\"https:\/\/www.paysdesecrins.com\/wp-content\/uploads\/2025\/08\/dsc08872-427x640.jpg\" alt=\"\" class=\"single_image ws-image-64510\"><div class=\"credits\"><\/div><\/div><p class=\"caption\"><\/p><\/div><\/div>\n<\/div><\/div>\n<\/div>\n\n<div class=\"wp-block-ws-library-ws-title aligncenter\"><h2>Zwembaden<\/h2><\/div>\n\n<p>Of u nu de voorkeur geeft aan buiten zwemmen met uitzicht op de bergtoppen of het comfort van een binnenzwembad, het Pays des \u00c9crins biedt een verscheidenheid aan mogelijkheden voor alle smaken en alle leeftijden.<\/p>\n\n<div class=\"wp-block-ws-library-ws-columns alignwide has-2-columns are-vertically-aligned-center layout-5050\">\n<div class=\"wp-block-ws-library-ws-column\"><div class=\"wrapper\">\n<div class=\"wp-block-ws-library-ws-image\"><div class=\"wrapper\"><div class=\"group-media\"><img decoding=\"async\" src=\"https:\/\/www.paysdesecrins.com\/wp-content\/uploads\/2025\/08\/img-2004-960x640.jpg\" alt=\"\" class=\"single_image ws-image-75111\"><div class=\"credits\"><\/div><\/div><p class=\"caption\"><\/p><\/div><\/div>\n<\/div><\/div>\n\n\n\n<div class=\"wp-block-ws-library-ws-column\"><div class=\"wrapper\">\n<div class=\"wp-block-ws-library-ws-title\"><h2>Puy Saint Vincent (op 1600m)<\/h2><\/div>\n\n\n\n<p>Een buitenzwembad verwarmd tot ongeveer 28\u00b0C, toegankelijk in juli en augustus. Ideale plek om te zwemmen voor de bergen, met de mogelijkheid van wateraerobics en zwemlessen met een badmeester. <\/p>\n\n\n\n<ul class=\"wp-block-list\">\n<li><strong>Openingsperiode:<\/strong> juli-augustus<\/li>\n\n\n\n<li><strong>zwembad:<\/strong> 20 m \u00d7 8 m; Diepte 1,10\u20131,60 m<\/li>\n\n\n\n<li><strong>Watertemperatuur: <\/strong>~28 \u00b0C<\/li>\n\n\n\n<li><strong>Toegang: <\/strong>binnen- \u2192 buitensluis (warmhouden)<\/li>\n\n\n\n<li><strong>Uitleen van materiaal: <\/strong>armbanden, brillen, bal<\/li>\n\n\n\n<li><strong>Jonge kinderen: <\/strong>twee stappen om te zitten\/het water in te gaan<\/li>\n\n\n\n<li><strong>Kleding:<\/strong> zwembroek verplicht (boxershorts verboden); Hoed en slippers zijn niet verplicht. Geen handdoek of zwemkleding te huur (te koop in sportwinkels) <\/li>\n\n\n\n<li><strong>Begeleiding:<\/strong> aquarobics en zwemles met een badmeester<\/li>\n\n\n\n<li><strong>Minderjarigen:<\/strong> kinderen ouder dan 10 jaar alleen toegestaan<\/li>\n<\/ul>\n<\/div><\/div>\n<\/div>\n\n<div class=\"wp-block-ws-library-ws-columns alignwide has-2-columns are-vertically-aligned-center layout-5050\">\n<div class=\"wp-block-ws-library-ws-column\"><div class=\"wrapper\">\n<div class=\"wp-block-ws-library-ws-title\"><h2>Vallouise-Pelvoux<\/h2><\/div>\n\n\n\n<p>Buitenzwembad elke dag geopend van eind juni tot eind augustus. Familiegedeelte met glijbaan, peuterbad, ligstoelen en snackbar. Vriendelijke plek aan de voet van het \u00c9crins-massief.  <\/p>\n\n\n\n<ul class=\"wp-block-list\">\n<li><strong>Opening zomer 2025: <\/strong>23 juni \u2192 4 juli (14-18 uur); 5 juli \u2192 31 augustus (dagelijks 10.30 \u2013 18.30 uur)<\/li>\n\n\n\n<li><strong>Type:<\/strong> buitenzwembad, aan de voet van de Pelvoux-liften<\/li>\n\n\n\n<li><strong>Uitrusting: <\/strong>groot zwembad + kinderbad, glijbaan, zonneverwarming<\/li>\n\n\n\n<li><strong>Activiteiten:<\/strong> aquarobics (begeleide sessies)<\/li>\n\n\n\n<li><strong>Contactpersoon:<\/strong> 06 33 11 09 64<\/li>\n<\/ul>\n<\/div><\/div>\n\n\n\n<div class=\"wp-block-ws-library-ws-column\"><div class=\"wrapper\">\n<div class=\"wp-block-ws-library-ws-image\"><div class=\"wrapper\"><div class=\"group-media\"><img decoding=\"async\" src=\"https:\/\/www.paysdesecrins.com\/wp-content\/uploads\/2025\/08\/img-0510-3-427x640.jpg\" alt=\"\" class=\"single_image ws-image-64551\"><div class=\"credits\"><\/div><\/div><p class=\"caption\"><\/p><\/div><\/div>\n<\/div><\/div>\n<\/div>\n\n<div class=\"wp-block-ws-library-ws-columns alignwide has-2-columns are-vertically-aligned-center layout-5050\">\n<div class=\"wp-block-ws-library-ws-column\"><div class=\"wrapper\">\n<div class=\"wp-block-ws-library-ws-image\"><div class=\"wrapper\"><div class=\"group-media\"><img decoding=\"async\" src=\"https:\/\/www.paysdesecrins.com\/wp-content\/uploads\/2025\/08\/2025-01-06-853x640.jpg\" alt=\"\" class=\"single_image ws-image-75116\"><div class=\"credits\"><\/div><\/div><p class=\"caption\"><\/p><\/div><\/div>\n<\/div><\/div>\n\n\n\n<div class=\"wp-block-ws-library-ws-column\"><div class=\"wrapper\">\n<div class=\"wp-block-ws-library-ws-title\"><h2>L&#8217;argenti\u00e8re-la-bess\u00e9e<\/h2><\/div>\n\n\n\n<p>Overdekt zwembad van 25 meter, het hele jaar door geopend, ideaal om in alle rust te zwemmen of aquarobicslessen te volgen. In de zomer kunt u in een buitenzwembad met solarium en ligstoelen genieten van de zon in het hart van een prachtige groene ruimte. <\/p>\n\n\n\n<ul class=\"wp-block-list\">\n<li><strong>Openingstijden:<\/strong> openingstijden afhankelijk van de periode (school, korte vakanties, zomervakantie 2025: 5 jul \u2192 28 augustus, 12.00-20.00 uur, 7 dagen per week)<\/li>\n\n\n\n<li><strong>Type:<\/strong> overdekt 25 m (waterleidingen) het hele jaar geopend; Buitenzwembad en groene ruimte in de zomer<\/li>\n\n\n\n<li><strong>Activiteiten:<\/strong> zwemlessen, aquarobics, freediving, babyzwemmers<\/li>\n\n\n\n<li><strong>Toegankelijkheid: <\/strong>Autonome PBM<\/li>\n\n\n\n<li><strong>Regels:<\/strong> zwembroeken zijn verplicht (korte broeken\/bermuda&#8217;s\/boxershorts zijn niet toegestaan); dop aanbevolen; \u201310 jaar oud; Reken op 1 \u20ac\/token voor kluisje<\/li>\n\n\n\n<li><strong>Adres &amp; Contact:<\/strong> Complexe sportif du Quartz, 05120 L&#8217;Argenti\u00e8re-La Bess\u00e9e \u2014 04 92 20 08 14<\/li>\n<\/ul>\n<\/div><\/div>\n<\/div>\n\n<div class=\"wp-block-ws-library-ws-share\"><span class=\"share-subtitle\">Vond je deze pagina leuk?<\/span><span class=\"share-title\">Deel het!<\/span><button class=\"ws-share-button wp-element-button\">Deel deze pagina<\/button><\/div>\n","protected":false},"excerpt":{"rendered":"<p>Op zoek naar frisheid in het hart van de bergen? Het Pays des \u00c9crins biedt een prachtige diversiteit aan meren [&hellip;]<\/p>\n","protected":false},"author":4,"featured_media":63836,"parent":0,"menu_order":0,"comment_status":"closed","ping_status":"closed","template":"","meta":{"_thumbnail_id_2":0,"summer_excerpt":"","season":"","station":"","footnotes":""},"class_list":["post-75124","page","type-page","status-publish","has-post-thumbnail","hentry"],"yoast_head":"<!-- This site is optimized with the Yoast SEO plugin v27.3 - https:\/\/yoast.com\/product\/yoast-seo-wordpress\/ -->\n<title>Zwemmen in de \u00c9crins - Pays des \u00c9crins - Office de Tourisme<\/title>\n<meta name=\"robots\" content=\"index, follow, max-snippet:-1, max-image-preview:large, max-video-preview:-1\" \/>\n<link rel=\"canonical\" href=\"https:\/\/www.paysdesecrins.com\/nl\/zwemmen-in-de-ecrins\/\" \/>\n<meta property=\"og:locale\" content=\"nl_NL\" \/>\n<meta property=\"og:type\" content=\"article\" \/>\n<meta property=\"og:title\" content=\"Zwemmen in de \u00c9crins - Pays des \u00c9crins - Office de Tourisme\" \/>\n<meta property=\"og:description\" content=\"Op zoek naar frisheid in het hart van de bergen? Het Pays des \u00c9crins biedt een prachtige diversiteit aan meren [&hellip;]\" \/>\n<meta property=\"og:url\" content=\"https:\/\/www.paysdesecrins.com\/nl\/zwemmen-in-de-ecrins\/\" \/>\n<meta property=\"og:site_name\" content=\"Pays des \u00c9crins - Office de Tourisme\" \/>\n<meta property=\"article:modified_time\" content=\"2025-08-13T10:13:58+00:00\" \/>\n<meta property=\"og:image\" content=\"https:\/\/www.paysdesecrins.com\/wp-content\/uploads\/2025\/08\/dsc09020-2-scaled.jpg\" \/>\n\t<meta property=\"og:image:width\" content=\"2560\" \/>\n\t<meta property=\"og:image:height\" content=\"1707\" \/>\n\t<meta property=\"og:image:type\" content=\"image\/jpeg\" \/>\n<meta name=\"twitter:card\" content=\"summary_large_image\" \/>\n<meta name=\"twitter:label1\" content=\"Geschatte leestijd\" \/>\n\t<meta name=\"twitter:data1\" content=\"3 minuten\" \/>\n<script type=\"application\/ld+json\" class=\"yoast-schema-graph\">{\"@context\":\"https:\\\/\\\/schema.org\",\"@graph\":[{\"@type\":\"WebPage\",\"@id\":\"https:\\\/\\\/www.paysdesecrins.com\\\/nl\\\/zwemmen-in-de-ecrins\\\/\",\"url\":\"https:\\\/\\\/www.paysdesecrins.com\\\/nl\\\/zwemmen-in-de-ecrins\\\/\",\"name\":\"Zwemmen in de \u00c9crins - Pays des \u00c9crins - Office de Tourisme\",\"isPartOf\":{\"@id\":\"https:\\\/\\\/www.paysdesecrins.com\\\/nl\\\/#website\"},\"primaryImageOfPage\":{\"@id\":\"https:\\\/\\\/www.paysdesecrins.com\\\/nl\\\/zwemmen-in-de-ecrins\\\/#primaryimage\"},\"image\":{\"@id\":\"https:\\\/\\\/www.paysdesecrins.com\\\/nl\\\/zwemmen-in-de-ecrins\\\/#primaryimage\"},\"thumbnailUrl\":\"https:\\\/\\\/www.paysdesecrins.com\\\/wp-content\\\/uploads\\\/2025\\\/08\\\/dsc09020-2-scaled.jpg\",\"datePublished\":\"2025-08-11T10:52:24+00:00\",\"dateModified\":\"2025-08-13T10:13:58+00:00\",\"breadcrumb\":{\"@id\":\"https:\\\/\\\/www.paysdesecrins.com\\\/nl\\\/zwemmen-in-de-ecrins\\\/#breadcrumb\"},\"inLanguage\":\"nl-NL\",\"potentialAction\":[{\"@type\":\"ReadAction\",\"target\":[\"https:\\\/\\\/www.paysdesecrins.com\\\/nl\\\/zwemmen-in-de-ecrins\\\/\"]}]},{\"@type\":\"ImageObject\",\"inLanguage\":\"nl-NL\",\"@id\":\"https:\\\/\\\/www.paysdesecrins.com\\\/nl\\\/zwemmen-in-de-ecrins\\\/#primaryimage\",\"url\":\"https:\\\/\\\/www.paysdesecrins.com\\\/wp-content\\\/uploads\\\/2025\\\/08\\\/dsc09020-2-scaled.jpg\",\"contentUrl\":\"https:\\\/\\\/www.paysdesecrins.com\\\/wp-content\\\/uploads\\\/2025\\\/08\\\/dsc09020-2-scaled.jpg\",\"width\":2560,\"height\":1707},{\"@type\":\"BreadcrumbList\",\"@id\":\"https:\\\/\\\/www.paysdesecrins.com\\\/nl\\\/zwemmen-in-de-ecrins\\\/#breadcrumb\",\"itemListElement\":[{\"@type\":\"ListItem\",\"position\":1,\"name\":\"Accueil\",\"item\":\"https:\\\/\\\/www.paysdesecrins.com\\\/nl\\\/de-titel-van-het-huis\\\/\"},{\"@type\":\"ListItem\",\"position\":2,\"name\":\"Zwemmen in de \u00c9crins\"}]},{\"@type\":\"WebSite\",\"@id\":\"https:\\\/\\\/www.paysdesecrins.com\\\/nl\\\/#website\",\"url\":\"https:\\\/\\\/www.paysdesecrins.com\\\/nl\\\/\",\"name\":\"Pays des \u00c9crins - Office de Tourisme\",\"description\":\"L&#039;esprit montagne\",\"publisher\":{\"@id\":\"https:\\\/\\\/www.paysdesecrins.com\\\/nl\\\/#organization\"},\"potentialAction\":[{\"@type\":\"SearchAction\",\"target\":{\"@type\":\"EntryPoint\",\"urlTemplate\":\"https:\\\/\\\/www.paysdesecrins.com\\\/nl\\\/?s={search_term_string}\"},\"query-input\":{\"@type\":\"PropertyValueSpecification\",\"valueRequired\":true,\"valueName\":\"search_term_string\"}}],\"inLanguage\":\"nl-NL\"},{\"@type\":\"Organization\",\"@id\":\"https:\\\/\\\/www.paysdesecrins.com\\\/nl\\\/#organization\",\"name\":\"Pays des \u00c9crins - Office de Tourisme\",\"url\":\"https:\\\/\\\/www.paysdesecrins.com\\\/nl\\\/\",\"logo\":{\"@type\":\"ImageObject\",\"inLanguage\":\"nl-NL\",\"@id\":\"https:\\\/\\\/www.paysdesecrins.com\\\/nl\\\/#\\\/schema\\\/logo\\\/image\\\/\",\"url\":\"https:\\\/\\\/www.paysdesecrins.com\\\/wp-content\\\/uploads\\\/2025\\\/06\\\/devina-svg-1750845694.svg\",\"contentUrl\":\"https:\\\/\\\/www.paysdesecrins.com\\\/wp-content\\\/uploads\\\/2025\\\/06\\\/devina-svg-1750845694.svg\",\"caption\":\"Pays des \u00c9crins - Office de Tourisme\"},\"image\":{\"@id\":\"https:\\\/\\\/www.paysdesecrins.com\\\/nl\\\/#\\\/schema\\\/logo\\\/image\\\/\"}}]}<\/script>\n<!-- \/ Yoast SEO plugin. -->","yoast_head_json":{"title":"Zwemmen in de \u00c9crins - Pays des \u00c9crins - Office de Tourisme","robots":{"index":"index","follow":"follow","max-snippet":"max-snippet:-1","max-image-preview":"max-image-preview:large","max-video-preview":"max-video-preview:-1"},"canonical":"https:\/\/www.paysdesecrins.com\/nl\/zwemmen-in-de-ecrins\/","og_locale":"nl_NL","og_type":"article","og_title":"Zwemmen in de \u00c9crins - Pays des \u00c9crins - Office de Tourisme","og_description":"Op zoek naar frisheid in het hart van de bergen? Het Pays des \u00c9crins biedt een prachtige diversiteit aan meren [&hellip;]","og_url":"https:\/\/www.paysdesecrins.com\/nl\/zwemmen-in-de-ecrins\/","og_site_name":"Pays des \u00c9crins - Office de Tourisme","article_modified_time":"2025-08-13T10:13:58+00:00","og_image":[{"width":2560,"height":1707,"url":"https:\/\/www.paysdesecrins.com\/wp-content\/uploads\/2025\/08\/dsc09020-2-scaled.jpg","type":"image\/jpeg"}],"twitter_card":"summary_large_image","twitter_misc":{"Geschatte leestijd":"3 minuten"},"schema":{"@context":"https:\/\/schema.org","@graph":[{"@type":"WebPage","@id":"https:\/\/www.paysdesecrins.com\/nl\/zwemmen-in-de-ecrins\/","url":"https:\/\/www.paysdesecrins.com\/nl\/zwemmen-in-de-ecrins\/","name":"Zwemmen in de \u00c9crins - Pays des \u00c9crins - Office de Tourisme","isPartOf":{"@id":"https:\/\/www.paysdesecrins.com\/nl\/#website"},"primaryImageOfPage":{"@id":"https:\/\/www.paysdesecrins.com\/nl\/zwemmen-in-de-ecrins\/#primaryimage"},"image":{"@id":"https:\/\/www.paysdesecrins.com\/nl\/zwemmen-in-de-ecrins\/#primaryimage"},"thumbnailUrl":"https:\/\/www.paysdesecrins.com\/wp-content\/uploads\/2025\/08\/dsc09020-2-scaled.jpg","datePublished":"2025-08-11T10:52:24+00:00","dateModified":"2025-08-13T10:13:58+00:00","breadcrumb":{"@id":"https:\/\/www.paysdesecrins.com\/nl\/zwemmen-in-de-ecrins\/#breadcrumb"},"inLanguage":"nl-NL","potentialAction":[{"@type":"ReadAction","target":["https:\/\/www.paysdesecrins.com\/nl\/zwemmen-in-de-ecrins\/"]}]},{"@type":"ImageObject","inLanguage":"nl-NL","@id":"https:\/\/www.paysdesecrins.com\/nl\/zwemmen-in-de-ecrins\/#primaryimage","url":"https:\/\/www.paysdesecrins.com\/wp-content\/uploads\/2025\/08\/dsc09020-2-scaled.jpg","contentUrl":"https:\/\/www.paysdesecrins.com\/wp-content\/uploads\/2025\/08\/dsc09020-2-scaled.jpg","width":2560,"height":1707},{"@type":"BreadcrumbList","@id":"https:\/\/www.paysdesecrins.com\/nl\/zwemmen-in-de-ecrins\/#breadcrumb","itemListElement":[{"@type":"ListItem","position":1,"name":"Accueil","item":"https:\/\/www.paysdesecrins.com\/nl\/de-titel-van-het-huis\/"},{"@type":"ListItem","position":2,"name":"Zwemmen in de \u00c9crins"}]},{"@type":"WebSite","@id":"https:\/\/www.paysdesecrins.com\/nl\/#website","url":"https:\/\/www.paysdesecrins.com\/nl\/","name":"Pays des \u00c9crins - Office de Tourisme","description":"L&#039;esprit montagne","publisher":{"@id":"https:\/\/www.paysdesecrins.com\/nl\/#organization"},"potentialAction":[{"@type":"SearchAction","target":{"@type":"EntryPoint","urlTemplate":"https:\/\/www.paysdesecrins.com\/nl\/?s={search_term_string}"},"query-input":{"@type":"PropertyValueSpecification","valueRequired":true,"valueName":"search_term_string"}}],"inLanguage":"nl-NL"},{"@type":"Organization","@id":"https:\/\/www.paysdesecrins.com\/nl\/#organization","name":"Pays des \u00c9crins - Office de Tourisme","url":"https:\/\/www.paysdesecrins.com\/nl\/","logo":{"@type":"ImageObject","inLanguage":"nl-NL","@id":"https:\/\/www.paysdesecrins.com\/nl\/#\/schema\/logo\/image\/","url":"https:\/\/www.paysdesecrins.com\/wp-content\/uploads\/2025\/06\/devina-svg-1750845694.svg","contentUrl":"https:\/\/www.paysdesecrins.com\/wp-content\/uploads\/2025\/06\/devina-svg-1750845694.svg","caption":"Pays des \u00c9crins - Office de Tourisme"},"image":{"@id":"https:\/\/www.paysdesecrins.com\/nl\/#\/schema\/logo\/image\/"}}]}},"_links":{"self":[{"href":"https:\/\/www.paysdesecrins.com\/nl\/wp-json\/wp\/v2\/pages\/75124","targetHints":{"allow":["GET"]}}],"collection":[{"href":"https:\/\/www.paysdesecrins.com\/nl\/wp-json\/wp\/v2\/pages"}],"about":[{"href":"https:\/\/www.paysdesecrins.com\/nl\/wp-json\/wp\/v2\/types\/page"}],"author":[{"embeddable":true,"href":"https:\/\/www.paysdesecrins.com\/nl\/wp-json\/wp\/v2\/users\/4"}],"replies":[{"embeddable":true,"href":"https:\/\/www.paysdesecrins.com\/nl\/wp-json\/wp\/v2\/comments?post=75124"}],"version-history":[{"count":2,"href":"https:\/\/www.paysdesecrins.com\/nl\/wp-json\/wp\/v2\/pages\/75124\/revisions"}],"predecessor-version":[{"id":91592,"href":"https:\/\/www.paysdesecrins.com\/nl\/wp-json\/wp\/v2\/pages\/75124\/revisions\/91592"}],"wp:featuredmedia":[{"embeddable":true,"href":"https:\/\/www.paysdesecrins.com\/nl\/wp-json\/wp\/v2\/media\/63836"}],"wp:attachment":[{"href":"https:\/\/www.paysdesecrins.com\/nl\/wp-json\/wp\/v2\/media?parent=75124"}],"curies":[{"name":"wp","href":"https:\/\/api.w.org\/{rel}","templated":true}]}}